{"id":32824,"date":"2026-05-05T05:17:09","date_gmt":"2026-05-05T08:17:09","guid":{"rendered":"https:\/\/bolsadellas.com.br\/?post_type=product&#038;p=32824"},"modified":"2026-05-05T10:19:33","modified_gmt":"2026-05-05T13:19:33","slug":"bolsa-coach-brooklyn-39-suede","status":"publish","type":"product","link":"https:\/\/bolsadellas.com.br\/?product=bolsa-coach-brooklyn-39-suede","title":{"rendered":"Bolsa Coach Brooklyn 39 suede"},"content":{"rendered":"<p>Nossa Brooklyn \u00e9 uma silhueta elegante e minimalista \u2013 com uma atitude distintamente nova-iorquina. Confeccionada em couro natual com bela textura e toque macio, este modelo hobo de tamanho generoso apresenta um interior espa\u00e7oso que comporta um laptop de 15\u201d e um bolso interno para acesso aos itens essenciais. A aerodin\u00e2mica 39 \u00e9 finalizada com uma al\u00e7a larga e confort\u00e1vel e um fecho magn\u00e9tico pr\u00e1tico.<\/p>\n<p>Couro de gr\u00e3o natural &#8211; suede<\/p>\n<p>&#8211; Bolso interno com fecho de press\u00e3o<\/p>\n<p>&#8211; Fecho magn\u00e9tico<\/p>\n<p>&#8211; Al\u00e7a com abertura de 31,5 cm<\/p>\n<p>&#8211; Cabe um laptop de 38 cm<\/p>\n<p>&#8211; 39 cm (Largura) x 43,5 cm (Altura) x 12 cm (Profundidade)<\/p>\n","protected":false},"excerpt":{"rendered":"<p>Nossa Brooklyn \u00e9 uma silhueta elegante e minimalista \u2013 com uma atitude distintamente nova-iorquina. Confeccionada em couro natual com bela textura e toque macio, este modelo hobo de tamanho generoso apresenta um interior espa\u00e7oso que comporta um laptop de 15\u201d e um bolso interno para acesso aos itens essenciais. A aerodin\u00e2mica 39 \u00e9 finalizada com &hellip; <\/p>\n","protected":false},"featured_media":32825,"template":"","meta":[],"product_brand":[],"product_cat":[106,349,370,366],"product_tag":[],"class_list":{"0":"post-32824","1":"product","2":"type-product","3":"status-publish","4":"has-post-thumbnail","6":"product_cat-bolsas","7":"product_cat-coach","8":"product_cat-pre-venda-2","9":"product_cat-todos-os-produtos","10":"latest_post","12":"first","13":"instock","14":"taxable","15":"shipping-taxable","16":"purchasable","17":"product-type-simple"},"_links":{"self":[{"href":"https:\/\/bolsadellas.com.br\/index.php?rest_route=\/wp\/v2\/product\/32824","targetHints":{"allow":["GET"]}}],"collection":[{"href":"https:\/\/bolsadellas.com.br\/index.php?rest_route=\/wp\/v2\/product"}],"about":[{"href":"https:\/\/bolsadellas.com.br\/index.php?rest_route=\/wp\/v2\/types\/product"}],"wp:featuredmedia":[{"embeddable":true,"href":"https:\/\/bolsadellas.com.br\/index.php?rest_route=\/wp\/v2\/media\/32825"}],"wp:attachment":[{"href":"https:\/\/bolsadellas.com.br\/index.php?rest_route=%2Fwp%2Fv2%2Fmedia&parent=32824"}],"wp:term":[{"taxonomy":"product_brand","embeddable":true,"href":"https:\/\/bolsadellas.com.br\/index.php?rest_route=%2Fwp%2Fv2%2Fproduct_brand&post=32824"},{"taxonomy":"product_cat","embeddable":true,"href":"https:\/\/bolsadellas.com.br\/index.php?rest_route=%2Fwp%2Fv2%2Fproduct_cat&post=32824"},{"taxonomy":"product_tag","embeddable":true,"href":"https:\/\/bolsadellas.com.br\/index.php?rest_route=%2Fwp%2Fv2%2Fproduct_tag&post=32824"}],"curies":[{"name":"wp","href":"https:\/\/api.w.org\/{rel}","templated":true}]}}