{"id":32600,"date":"2026-05-04T12:26:29","date_gmt":"2026-05-04T15:26:29","guid":{"rendered":"https:\/\/bolsadellas.com.br\/?post_type=product&#038;p=32600"},"modified":"2026-05-11T14:49:25","modified_gmt":"2026-05-11T17:49:25","slug":"bolsa-victor-hugo-lock-clutch-mauve","status":"publish","type":"product","link":"https:\/\/bolsadellas.com.br\/?product=bolsa-victor-hugo-lock-clutch-mauve","title":{"rendered":"Bolsa Victor Hugo Lock Clutch mauve"},"content":{"rendered":"<div class=\"text-sm mb-10\">\n<div class=\"text-sm\">A encantadora Bolsa Lock Clutch Elos VH, ideal para mulheres que buscam adicionar um toque de delicadeza e estilo. Com um design exclusivo, \u00e9 pontuada pelo fecho Medallion VH dourado. A Cole\u00e7\u00e3o ELOS VH \u00e9 uma releitura da Cl\u00e1ssica estampa da marca nos anos 80. Artes\u00e3os realizam com maestria o trabalho da prensa no Couro de alt\u00edssima qualidade. Real\u00e7ando o DNA e heran\u00e7a da VICTOR HUGO.<\/div>\n<\/div>\n<h2 class=\"text-sm mb-4 font-normal border-b w-min border-primary-800 pb-1\">Detalhes<\/h2>\n<div class=\"text-sm\">\n<div class=\"flex w-full flex-wrap\">\n<div class=\"mr-1 mb-2\"><strong>Tipo de Produto:<\/strong><\/div>\n<div class=\"\">Bolsa<\/div>\n<\/div>\n<div class=\"flex w-full flex-wrap\">\n<div class=\"mr-1 mb-2\"><strong>Estilo da Bolsa:<\/strong><\/div>\n<div class=\"\">Bolsa com Al\u00e7a de Corrente, Crossbody, Minibag<\/div>\n<\/div>\n<div class=\"flex w-full flex-wrap\">\n<div class=\"mr-1 mb-2\"><strong>Tipo de Al\u00e7a:<\/strong><\/div>\n<div class=\"\">Al\u00e7a de Corrente, Al\u00e7a Longa<\/div>\n<\/div>\n<div class=\"flex w-full flex-wrap\">\n<div class=\"mr-1 mb-2\"><strong>Tamanho da Bolsa:<\/strong><\/div>\n<div class=\"\">Small<\/div>\n<\/div>\n<div class=\"flex w-full flex-wrap\">\n<div class=\"mr-1 mb-2\"><strong>Cuidados Especiais:<\/strong><\/div>\n<div class=\"\">Pe\u00e7as Claras<\/div>\n<\/div>\n<div class=\"flex w-full flex-wrap\">\n<div class=\"mr-1 mb-2\"><strong>Modelo da Bolsa:<\/strong><\/div>\n<div class=\"\">Bolsa Clutch<\/div>\n<\/div>\n<div class=\"flex w-full flex-wrap\">\n<div class=\"mr-1 mb-2\"><strong>Luz da Al\u00e7a Longa:<\/strong><\/div>\n<div class=\"\">56 cm (Medida da parte de cima da bolsa at\u00e9 o ponto mais alto da al\u00e7a)<\/div>\n<\/div>\n<div class=\"flex w-full flex-wrap\">\n<div class=\"mr-1 mb-2\"><strong>Dimens\u00f5es Aproximadas do Produto:<\/strong><\/div>\n<div class=\"\">12 cm x 20 cm x 5 cm (Altura x Largura x Comprimento)<\/div>\n<\/div>\n<\/div>\n","protected":false},"excerpt":{"rendered":"<p>A encantadora Bolsa Lock Clutch Elos VH, ideal para mulheres que buscam adicionar um toque de delicadeza e estilo. Com um design exclusivo, \u00e9 pontuada pelo fecho Medallion VH dourado. A Cole\u00e7\u00e3o ELOS VH \u00e9 uma releitura da Cl\u00e1ssica estampa da marca nos anos 80. Artes\u00e3os realizam com maestria o trabalho da prensa no Couro &hellip; <\/p>\n","protected":false},"featured_media":32602,"template":"","meta":[],"product_brand":[],"product_cat":[106,366,316],"product_tag":[],"class_list":{"0":"post-32600","1":"product","2":"type-product","3":"status-publish","4":"has-post-thumbnail","6":"product_cat-bolsas","7":"product_cat-todos-os-produtos","8":"product_cat-v-hugo","9":"latest_post","11":"first","12":"instock","13":"taxable","14":"shipping-taxable","15":"purchasable","16":"product-type-simple"},"_links":{"self":[{"href":"https:\/\/bolsadellas.com.br\/index.php?rest_route=\/wp\/v2\/product\/32600","targetHints":{"allow":["GET"]}}],"collection":[{"href":"https:\/\/bolsadellas.com.br\/index.php?rest_route=\/wp\/v2\/product"}],"about":[{"href":"https:\/\/bolsadellas.com.br\/index.php?rest_route=\/wp\/v2\/types\/product"}],"wp:featuredmedia":[{"embeddable":true,"href":"https:\/\/bolsadellas.com.br\/index.php?rest_route=\/wp\/v2\/media\/32602"}],"wp:attachment":[{"href":"https:\/\/bolsadellas.com.br\/index.php?rest_route=%2Fwp%2Fv2%2Fmedia&parent=32600"}],"wp:term":[{"taxonomy":"product_brand","embeddable":true,"href":"https:\/\/bolsadellas.com.br\/index.php?rest_route=%2Fwp%2Fv2%2Fproduct_brand&post=32600"},{"taxonomy":"product_cat","embeddable":true,"href":"https:\/\/bolsadellas.com.br\/index.php?rest_route=%2Fwp%2Fv2%2Fproduct_cat&post=32600"},{"taxonomy":"product_tag","embeddable":true,"href":"https:\/\/bolsadellas.com.br\/index.php?rest_route=%2Fwp%2Fv2%2Fproduct_tag&post=32600"}],"curies":[{"name":"wp","href":"https:\/\/api.w.org\/{rel}","templated":true}]}}