{"id":32569,"date":"2026-03-17T08:55:07","date_gmt":"2026-03-17T11:55:07","guid":{"rendered":"https:\/\/bolsadellas.com.br\/?post_type=product&#038;p=32569"},"modified":"2026-03-22T13:43:00","modified_gmt":"2026-03-22T16:43:00","slug":"bolsa-coach-tabby-shoulder-w-quilting-26-3","status":"publish","type":"product","link":"https:\/\/bolsadellas.com.br\/?product=bolsa-coach-tabby-shoulder-w-quilting-26-3","title":{"rendered":"Bolsa Coach Tabby QUILTING 26 off"},"content":{"rendered":"<ul class=\"_fdc1e5\">\n<li class=\"ltr-4y8w0i-Body\" data-component=\"Body\">chalk<\/li>\n<li class=\"ltr-4y8w0i-Body\" data-component=\"Body\">couro<\/li>\n<li class=\"ltr-4y8w0i-Body\" data-component=\"Body\">matelass\u00ea<\/li>\n<li class=\"ltr-4y8w0i-Body\" data-component=\"Body\">placa dourada com o logo<\/li>\n<li class=\"ltr-4y8w0i-Body\" data-component=\"Body\">parte superior dobr\u00e1vel<\/li>\n<li class=\"ltr-4y8w0i-Body\" data-component=\"Body\">fechamento por encaixe<\/li>\n<li class=\"ltr-4y8w0i-Body\" data-component=\"Body\">al\u00e7a de ombro em couro com corrente ajust\u00e1vel<\/li>\n<li class=\"ltr-4y8w0i-Body\" data-component=\"Body\">bolso posterior com fecho magn\u00e9tico<\/li>\n<li class=\"ltr-4y8w0i-Body\" data-component=\"Body\">bolso frontal com fecho magn\u00e9tico<\/li>\n<li class=\"ltr-4y8w0i-Body\" data-component=\"Body\">completamente forrado<\/li>\n<li class=\"ltr-4y8w0i-Body\" data-component=\"Body\">patch interno de logo<\/li>\n<li class=\"ltr-4y8w0i-Body\" data-component=\"Body\">bolso interno com z\u00edper<\/li>\n<li class=\"ltr-4y8w0i-Body\" data-component=\"Body\">compartimento com divis\u00f3rias<\/li>\n<li class=\"ltr-4y8w0i-Body\" data-component=\"Body\">ferragem dourada<\/li>\n<\/ul>\n<p>Medidas: 26 x 14 cm.<\/p>\n","protected":false},"excerpt":{"rendered":"<p>chalk couro matelass\u00ea placa dourada com o logo parte superior dobr\u00e1vel fechamento por encaixe al\u00e7a de ombro em couro com corrente ajust\u00e1vel bolso posterior com fecho magn\u00e9tico bolso frontal com fecho magn\u00e9tico completamente forrado patch interno de logo bolso interno com z\u00edper compartimento com divis\u00f3rias ferragem dourada Medidas: 26 x 14 cm.<\/p>\n","protected":false},"featured_media":27311,"template":"","meta":[],"product_brand":[],"product_cat":[106,349,366],"product_tag":[],"class_list":{"0":"post-32569","1":"product","2":"type-product","3":"status-publish","4":"has-post-thumbnail","6":"product_cat-bolsas","7":"product_cat-coach","8":"product_cat-todos-os-produtos","9":"latest_post","11":"first","12":"instock","13":"taxable","14":"shipping-taxable","15":"purchasable","16":"product-type-simple"},"_links":{"self":[{"href":"https:\/\/bolsadellas.com.br\/index.php?rest_route=\/wp\/v2\/product\/32569","targetHints":{"allow":["GET"]}}],"collection":[{"href":"https:\/\/bolsadellas.com.br\/index.php?rest_route=\/wp\/v2\/product"}],"about":[{"href":"https:\/\/bolsadellas.com.br\/index.php?rest_route=\/wp\/v2\/types\/product"}],"wp:featuredmedia":[{"embeddable":true,"href":"https:\/\/bolsadellas.com.br\/index.php?rest_route=\/wp\/v2\/media\/27311"}],"wp:attachment":[{"href":"https:\/\/bolsadellas.com.br\/index.php?rest_route=%2Fwp%2Fv2%2Fmedia&parent=32569"}],"wp:term":[{"taxonomy":"product_brand","embeddable":true,"href":"https:\/\/bolsadellas.com.br\/index.php?rest_route=%2Fwp%2Fv2%2Fproduct_brand&post=32569"},{"taxonomy":"product_cat","embeddable":true,"href":"https:\/\/bolsadellas.com.br\/index.php?rest_route=%2Fwp%2Fv2%2Fproduct_cat&post=32569"},{"taxonomy":"product_tag","embeddable":true,"href":"https:\/\/bolsadellas.com.br\/index.php?rest_route=%2Fwp%2Fv2%2Fproduct_tag&post=32569"}],"curies":[{"name":"wp","href":"https:\/\/api.w.org\/{rel}","templated":true}]}}