{"id":32480,"date":"2026-04-22T19:09:05","date_gmt":"2026-04-22T22:09:05","guid":{"rendered":"https:\/\/bolsadellas.com.br\/?post_type=product&#038;p=32480"},"modified":"2026-04-22T19:45:08","modified_gmt":"2026-04-22T22:45:08","slug":"bolsa-de-mao-coach-wristlet-signature","status":"publish","type":"product","link":"https:\/\/bolsadellas.com.br\/?product=bolsa-de-mao-coach-wristlet-signature","title":{"rendered":"Bolsa de M\u00e3o Coach Wristlet Signature"},"content":{"rendered":"<div id=\"details\" class=\"ecn-tab-content active\">\n<div class=\"wrap\">\n<p>&#8211; Canvas Signature e couro refinado de bezerro<\/p>\n<p>&#8211; Dois compartimentos para cart\u00e3o de cr\u00e9dito<\/p>\n<p>&#8211; Fechamento em z\u00edper, forro em tecido<\/p>\n<p>&#8211; Al\u00e7a de punho remov\u00edvel<\/p>\n<p>&#8211; Ideal para iPhone ou Android<\/p>\n<p>&#8211; 19 cm (Lagura) x 12 cm (Altura) x 1,5 cm (Profundidade)<\/p>\n<\/div>\n<\/div>\n<div id=\"description\" class=\"ecn-tab-content\">\n<h2>Descri\u00e7\u00e3o<\/h2>\n<div class=\"wrap\">\n<div class=\"productDescription\">Criada em nosso Canvas Signature com acabamento em couro colorblock, esta wristlet \u00e9 perfeitamente dimensionada para cart\u00f5es, dinheiro e telefone. Use-a no punho ou prenda-a dentro de uma bolsa Coach maior.<\/div>\n<\/div>\n<\/div>\n","protected":false},"excerpt":{"rendered":"<p>&#8211; Canvas Signature e couro refinado de bezerro &#8211; Dois compartimentos para cart\u00e3o de cr\u00e9dito &#8211; Fechamento em z\u00edper, forro em tecido &#8211; Al\u00e7a de punho remov\u00edvel &#8211; Ideal para iPhone ou Android &#8211; 19 cm (Lagura) x 12 cm (Altura) x 1,5 cm (Profundidade) Descri\u00e7\u00e3o Criada em nosso Canvas Signature com acabamento em couro &hellip; <\/p>\n","protected":false},"featured_media":32481,"template":"","meta":[],"product_brand":[],"product_cat":[106,109,349,366],"product_tag":[],"class_list":{"0":"post-32480","1":"product","2":"type-product","3":"status-publish","4":"has-post-thumbnail","6":"product_cat-bolsas","7":"product_cat-carteiras","8":"product_cat-coach","9":"product_cat-todos-os-produtos","10":"latest_post","12":"first","13":"instock","14":"taxable","15":"shipping-taxable","16":"purchasable","17":"product-type-simple"},"_links":{"self":[{"href":"https:\/\/bolsadellas.com.br\/index.php?rest_route=\/wp\/v2\/product\/32480","targetHints":{"allow":["GET"]}}],"collection":[{"href":"https:\/\/bolsadellas.com.br\/index.php?rest_route=\/wp\/v2\/product"}],"about":[{"href":"https:\/\/bolsadellas.com.br\/index.php?rest_route=\/wp\/v2\/types\/product"}],"wp:featuredmedia":[{"embeddable":true,"href":"https:\/\/bolsadellas.com.br\/index.php?rest_route=\/wp\/v2\/media\/32481"}],"wp:attachment":[{"href":"https:\/\/bolsadellas.com.br\/index.php?rest_route=%2Fwp%2Fv2%2Fmedia&parent=32480"}],"wp:term":[{"taxonomy":"product_brand","embeddable":true,"href":"https:\/\/bolsadellas.com.br\/index.php?rest_route=%2Fwp%2Fv2%2Fproduct_brand&post=32480"},{"taxonomy":"product_cat","embeddable":true,"href":"https:\/\/bolsadellas.com.br\/index.php?rest_route=%2Fwp%2Fv2%2Fproduct_cat&post=32480"},{"taxonomy":"product_tag","embeddable":true,"href":"https:\/\/bolsadellas.com.br\/index.php?rest_route=%2Fwp%2Fv2%2Fproduct_tag&post=32480"}],"curies":[{"name":"wp","href":"https:\/\/api.w.org\/{rel}","templated":true}]}}