{"id":32478,"date":"2026-04-22T19:06:52","date_gmt":"2026-04-22T22:06:52","guid":{"rendered":"https:\/\/bolsadellas.com.br\/?post_type=product&#038;p=32478"},"modified":"2026-04-22T19:43:57","modified_gmt":"2026-04-22T22:43:57","slug":"porta-cartoes-coach-essential-slim-signature","status":"publish","type":"product","link":"https:\/\/bolsadellas.com.br\/?product=porta-cartoes-coach-essential-slim-signature","title":{"rendered":"Porta-Cart\u00f5es Coach Essential Slim Signature"},"content":{"rendered":"<div id=\"details\" class=\"ecn-tab-content active\">\n<div class=\"wrap\">\n<p>&#8211; Canvas Signature e couro refinado de bezerro<\/p>\n<p>&#8211; Quatro compartimentos para cart\u00e3o<\/p>\n<p>&#8211; Bolsos internos abertos<\/p>\n<p>&#8211; Bolso para moedas com z\u00edper<\/p>\n<p>&#8211; Fecho de press\u00e3o<\/p>\n<p>&#8211; Bolso externo aberto<\/p>\n<p>&#8211; 13 cm (Largura) x 8 cm (Altura) x 2,5 cm (Profundidade)<\/p>\n<\/div>\n<\/div>\n<div id=\"description\" class=\"ecn-tab-content\">\n<h2>Descri\u00e7\u00e3o<\/h2>\n<div class=\"wrap\">\n<div class=\"productDescription\">Detalhado com nosso hardware Signature, este sofisticado porta-cart\u00f5es Slim \u00e9 excelente em organiza\u00e7\u00e3o. Protegido por um fecho de press\u00e3o, o design duplo apresenta v\u00e1rios compartimentos para cart\u00f5es, bolsos internos para dinheiro ou recibos e um bolso com z\u00edper para moedas ou pequenos acess\u00f3rios. Fabricado em couro refinado e nosso Canvas Signature, possui acabamento com um bolso externo para facilitar o acesso aos itens.<\/div>\n<\/div>\n<\/div>\n","protected":false},"excerpt":{"rendered":"<p>&#8211; Canvas Signature e couro refinado de bezerro &#8211; Quatro compartimentos para cart\u00e3o &#8211; Bolsos internos abertos &#8211; Bolso para moedas com z\u00edper &#8211; Fecho de press\u00e3o &#8211; Bolso externo aberto &#8211; 13 cm (Largura) x 8 cm (Altura) x 2,5 cm (Profundidade) Descri\u00e7\u00e3o Detalhado com nosso hardware Signature, este sofisticado porta-cart\u00f5es Slim \u00e9 excelente &hellip; <\/p>\n","protected":false},"featured_media":32479,"template":"","meta":[],"product_brand":[],"product_cat":[106,109,349,366],"product_tag":[],"class_list":{"0":"post-32478","1":"product","2":"type-product","3":"status-publish","4":"has-post-thumbnail","6":"product_cat-bolsas","7":"product_cat-carteiras","8":"product_cat-coach","9":"product_cat-todos-os-produtos","10":"latest_post","12":"first","13":"instock","14":"taxable","15":"shipping-taxable","16":"purchasable","17":"product-type-simple"},"_links":{"self":[{"href":"https:\/\/bolsadellas.com.br\/index.php?rest_route=\/wp\/v2\/product\/32478","targetHints":{"allow":["GET"]}}],"collection":[{"href":"https:\/\/bolsadellas.com.br\/index.php?rest_route=\/wp\/v2\/product"}],"about":[{"href":"https:\/\/bolsadellas.com.br\/index.php?rest_route=\/wp\/v2\/types\/product"}],"wp:featuredmedia":[{"embeddable":true,"href":"https:\/\/bolsadellas.com.br\/index.php?rest_route=\/wp\/v2\/media\/32479"}],"wp:attachment":[{"href":"https:\/\/bolsadellas.com.br\/index.php?rest_route=%2Fwp%2Fv2%2Fmedia&parent=32478"}],"wp:term":[{"taxonomy":"product_brand","embeddable":true,"href":"https:\/\/bolsadellas.com.br\/index.php?rest_route=%2Fwp%2Fv2%2Fproduct_brand&post=32478"},{"taxonomy":"product_cat","embeddable":true,"href":"https:\/\/bolsadellas.com.br\/index.php?rest_route=%2Fwp%2Fv2%2Fproduct_cat&post=32478"},{"taxonomy":"product_tag","embeddable":true,"href":"https:\/\/bolsadellas.com.br\/index.php?rest_route=%2Fwp%2Fv2%2Fproduct_tag&post=32478"}],"curies":[{"name":"wp","href":"https:\/\/api.w.org\/{rel}","templated":true}]}}