{"id":32448,"date":"2026-02-01T12:43:54","date_gmt":"2026-02-01T15:43:54","guid":{"rendered":"https:\/\/bolsadellas.com.br\/?post_type=product&#038;p=32448"},"modified":"2026-03-23T09:40:58","modified_gmt":"2026-03-23T12:40:58","slug":"alca-victor-hugo-chain-rope-small","status":"publish","type":"product","link":"https:\/\/bolsadellas.com.br\/?product=alca-victor-hugo-chain-rope-small","title":{"rendered":"Al\u00e7a Victor Hugo Chain Rope Small"},"content":{"rendered":"<div class=\"text-sm mb-10\">\n<div class=\"text-sm\">Sofisticada al\u00e7a de corrente dourada para usar em diversas bolsas<\/div>\n<\/div>\n<h2 class=\"text-sm mb-4 font-normal border-b w-min border-primary-800 pb-1\">Detalhes<\/h2>\n<div class=\"text-sm\">\n<div class=\"flex w-full flex-wrap\">\n<div class=\"mr-1 mb-2\"><strong>Tipo de Produto:<\/strong><\/div>\n<div class=\"\">Al\u00e7a<\/div>\n<\/div>\n<div class=\"flex w-full flex-wrap\">\n<div class=\"mr-1 mb-2\"><strong>Tipo de Al\u00e7a:<\/strong><\/div>\n<div class=\"\">Al\u00e7a de Corrente, Al\u00e7a de Ombro<\/div>\n<\/div>\n<div class=\"flex w-full flex-wrap\">\n<div class=\"mr-1 mb-2\"><strong>Cuidados Especiais:<\/strong><\/div>\n<div class=\"\">N\u00e3o<\/div>\n<\/div>\n<div class=\"flex w-full flex-wrap\">\n<div class=\"mr-1 mb-2\"><strong>Dimens\u00f5es do Produto:<\/strong><\/div>\n<div class=\"\">45 cm (Comprimento)<\/div>\n<\/div>\n<\/div>\n","protected":false},"excerpt":{"rendered":"<p>Sofisticada al\u00e7a de corrente dourada para usar em diversas bolsas Detalhes Tipo de Produto: Al\u00e7a Tipo de Al\u00e7a: Al\u00e7a de Corrente, Al\u00e7a de Ombro Cuidados Especiais: N\u00e3o Dimens\u00f5es do Produto: 45 cm (Comprimento)<\/p>\n","protected":false},"featured_media":32449,"template":"","meta":[],"product_brand":[],"product_cat":[358,106,366,316],"product_tag":[],"class_list":{"0":"post-32448","1":"product","2":"type-product","3":"status-publish","4":"has-post-thumbnail","6":"product_cat-alcas","7":"product_cat-bolsas","8":"product_cat-todos-os-produtos","9":"product_cat-v-hugo","10":"latest_post","12":"first","13":"outofstock","14":"taxable","15":"shipping-taxable","16":"purchasable","17":"product-type-simple"},"_links":{"self":[{"href":"https:\/\/bolsadellas.com.br\/index.php?rest_route=\/wp\/v2\/product\/32448","targetHints":{"allow":["GET"]}}],"collection":[{"href":"https:\/\/bolsadellas.com.br\/index.php?rest_route=\/wp\/v2\/product"}],"about":[{"href":"https:\/\/bolsadellas.com.br\/index.php?rest_route=\/wp\/v2\/types\/product"}],"wp:featuredmedia":[{"embeddable":true,"href":"https:\/\/bolsadellas.com.br\/index.php?rest_route=\/wp\/v2\/media\/32449"}],"wp:attachment":[{"href":"https:\/\/bolsadellas.com.br\/index.php?rest_route=%2Fwp%2Fv2%2Fmedia&parent=32448"}],"wp:term":[{"taxonomy":"product_brand","embeddable":true,"href":"https:\/\/bolsadellas.com.br\/index.php?rest_route=%2Fwp%2Fv2%2Fproduct_brand&post=32448"},{"taxonomy":"product_cat","embeddable":true,"href":"https:\/\/bolsadellas.com.br\/index.php?rest_route=%2Fwp%2Fv2%2Fproduct_cat&post=32448"},{"taxonomy":"product_tag","embeddable":true,"href":"https:\/\/bolsadellas.com.br\/index.php?rest_route=%2Fwp%2Fv2%2Fproduct_tag&post=32448"}],"curies":[{"name":"wp","href":"https:\/\/api.w.org\/{rel}","templated":true}]}}