{"id":32442,"date":"2026-03-05T12:33:02","date_gmt":"2026-03-05T15:33:02","guid":{"rendered":"https:\/\/bolsadellas.com.br\/?post_type=product&#038;p=32442"},"modified":"2026-03-23T09:41:41","modified_gmt":"2026-03-23T12:41:41","slug":"porta-cartao-james-dolphin","status":"publish","type":"product","link":"https:\/\/bolsadellas.com.br\/?product=porta-cartao-james-dolphin","title":{"rendered":"Porta Cart\u00e3o Victor Hugo James dolphin"},"content":{"rendered":"<div class=\"text-sm mb-10\">\n<div class=\"text-sm\">Porta Cart\u00e3o James VH Elos, funcionalidade adicional para organizar cart\u00f5es. A Cole\u00e7\u00e3o VH ELOS \u00e9 uma releitura da Cl\u00e1ssica estampa da marca nos anos 80. Artes\u00e3os realizam com maestria o trabalho da prensa no Couro de alt\u00edssima qualidade. Real\u00e7ando o DNA e heran\u00e7a da VICTOR HUGO.<\/div>\n<\/div>\n<h2 class=\"text-sm mb-4 font-normal border-b w-min border-primary-800 pb-1\">Detalhes<\/h2>\n<div class=\"text-sm\">\n<div class=\"flex w-full flex-wrap\">\n<div class=\"mr-1 mb-2\"><strong>Tipo de Produto:<\/strong><\/div>\n<div class=\"\">Porta Cart\u00e3o<\/div>\n<\/div>\n<div class=\"flex w-full flex-wrap\">\n<div class=\"mr-1 mb-2\"><strong>Cuidados Especiais:<\/strong><\/div>\n<div class=\"\">Pe\u00e7as Claras<\/div>\n<\/div>\n<div class=\"flex w-full flex-wrap\">\n<div class=\"mr-1 mb-2\"><strong>Dimens\u00f5es Aproximadas do Produto:<\/strong><\/div>\n<div class=\"\">11 cm x 7,5 cm x 1 cm (Altura x Largura x Comprimento)<\/div>\n<\/div>\n<\/div>\n","protected":false},"excerpt":{"rendered":"<p>Porta Cart\u00e3o James VH Elos, funcionalidade adicional para organizar cart\u00f5es. A Cole\u00e7\u00e3o VH ELOS \u00e9 uma releitura da Cl\u00e1ssica estampa da marca nos anos 80. Artes\u00e3os realizam com maestria o trabalho da prensa no Couro de alt\u00edssima qualidade. Real\u00e7ando o DNA e heran\u00e7a da VICTOR HUGO. Detalhes Tipo de Produto: Porta Cart\u00e3o Cuidados Especiais: Pe\u00e7as &hellip; <\/p>\n","protected":false},"featured_media":32408,"template":"","meta":[],"product_brand":[],"product_cat":[106,109,366,316],"product_tag":[],"class_list":{"0":"post-32442","1":"product","2":"type-product","3":"status-publish","4":"has-post-thumbnail","6":"product_cat-bolsas","7":"product_cat-carteiras","8":"product_cat-todos-os-produtos","9":"product_cat-v-hugo","10":"latest_post","12":"first","13":"instock","14":"taxable","15":"shipping-taxable","16":"purchasable","17":"product-type-simple"},"_links":{"self":[{"href":"https:\/\/bolsadellas.com.br\/index.php?rest_route=\/wp\/v2\/product\/32442","targetHints":{"allow":["GET"]}}],"collection":[{"href":"https:\/\/bolsadellas.com.br\/index.php?rest_route=\/wp\/v2\/product"}],"about":[{"href":"https:\/\/bolsadellas.com.br\/index.php?rest_route=\/wp\/v2\/types\/product"}],"wp:featuredmedia":[{"embeddable":true,"href":"https:\/\/bolsadellas.com.br\/index.php?rest_route=\/wp\/v2\/media\/32408"}],"wp:attachment":[{"href":"https:\/\/bolsadellas.com.br\/index.php?rest_route=%2Fwp%2Fv2%2Fmedia&parent=32442"}],"wp:term":[{"taxonomy":"product_brand","embeddable":true,"href":"https:\/\/bolsadellas.com.br\/index.php?rest_route=%2Fwp%2Fv2%2Fproduct_brand&post=32442"},{"taxonomy":"product_cat","embeddable":true,"href":"https:\/\/bolsadellas.com.br\/index.php?rest_route=%2Fwp%2Fv2%2Fproduct_cat&post=32442"},{"taxonomy":"product_tag","embeddable":true,"href":"https:\/\/bolsadellas.com.br\/index.php?rest_route=%2Fwp%2Fv2%2Fproduct_tag&post=32442"}],"curies":[{"name":"wp","href":"https:\/\/api.w.org\/{rel}","templated":true}]}}