{"id":32402,"date":"2026-05-02T22:27:07","date_gmt":"2026-05-03T01:27:07","guid":{"rendered":"https:\/\/bolsadellas.com.br\/?post_type=product&#038;p=32402"},"modified":"2026-05-11T14:47:34","modified_gmt":"2026-05-11T17:47:34","slug":"bolsa-victor-hugo-chelsea-al","status":"publish","type":"product","link":"https:\/\/bolsadellas.com.br\/?product=bolsa-victor-hugo-chelsea-al","title":{"rendered":"Bolsa Victor Hugo Chelsea AL"},"content":{"rendered":"<div class=\"col-span-2\">\n<div class=\"flex h-full bg-primary-100 cursor-pointer group box-border\">\n<div class=\"flex max-h-full w-full\"><\/div>\n<\/div>\n<\/div>\n<div class=\"my-5 mx-auto hidden lg:flex col-span-2 w-full\">\n<div class=\"flex flex-col w-full\">\n<div class=\"flex flex-col transition-height duration-500 ease-in-out relative overflow-hidden h-full\">\n<h2 class=\"text-sm mb-4 font-normal border-b w-min border-primary-800 pb-1\">Descri\u00e7\u00e3o<\/h2>\n<div class=\"text-sm mb-10\">\n<div class=\"text-sm\">Lan\u00e7amento da temporada , um cl\u00e1ssico revisitado. O modelo Chelsea AL Elos VH Pocket Mini com linhas retas, \u00e9 apresentado na vers\u00e3o Mini, com al\u00e7a longa ajust\u00e1vel e remov\u00edvel em Couro. Ideal para o dia a dia com v\u00e1rias op\u00e7\u00f5es de uso, bolso de f\u00e1cil acesso a itens essenciais e compartimentos multifuncionais. A eleg\u00e2ncia atemporal em nova interpreta\u00e7\u00e3o na Cole\u00e7\u00e3o ELOS VH. Inspirada na ic\u00f4nica estampa dos anos 80, a sofistica\u00e7\u00e3o do monograma VH, s\u00edmbolo de tradi\u00e7\u00e3o e estilo. Com textura de linho e acabamento de alto brilho com cristal de prote\u00e7\u00e3o . A fus\u00e3o entre o cl\u00e1ssico e o contempor\u00e2neo resulta em uma cole\u00e7\u00e3o exclusiva, perfeita para quem valoriza design e excel\u00eancia.<\/div>\n<\/div>\n<h2 class=\"text-sm mb-4 font-normal border-b w-min border-primary-800 pb-1\">Detalhes<\/h2>\n<div class=\"text-sm\">\n<div class=\"flex w-full flex-wrap\">\n<div class=\"mr-1 mb-2\"><strong>Tipo de Produto:<\/strong><\/div>\n<div class=\"\">Bolsa<\/div>\n<\/div>\n<div class=\"flex w-full flex-wrap\">\n<div class=\"mr-1 mb-2\"><strong>Estilo da Bolsa:<\/strong><\/div>\n<div class=\"\">Bolsa de M\u00e3o, Crossbody, Bolsa de Ombro<\/div>\n<\/div>\n<div class=\"flex w-full flex-wrap\">\n<div class=\"mr-1 mb-2\"><strong>Tipo de Al\u00e7a:<\/strong><\/div>\n<div class=\"\">Al\u00e7a de M\u00e3o, Al\u00e7a de Ombro, Al\u00e7a Longa<\/div>\n<\/div>\n<div class=\"flex w-full flex-wrap\">\n<div class=\"mr-1 mb-2\"><strong>Tamanho da Bolsa:<\/strong><\/div>\n<div class=\"\">Medium<\/div>\n<\/div>\n<div class=\"flex w-full flex-wrap\">\n<div class=\"mr-1 mb-2\"><strong>Cuidados Especiais:<\/strong><\/div>\n<div class=\"\">N\u00e3o<\/div>\n<\/div>\n<div class=\"flex w-full flex-wrap\">\n<div class=\"mr-1 mb-2\"><strong>Modelo da Bolsa:<\/strong><\/div>\n<div class=\"\">Bolsa Chelsea<\/div>\n<\/div>\n<div class=\"flex w-full flex-wrap\">\n<div class=\"mr-1 mb-2\"><strong>Luz da Al\u00e7a Longa:<\/strong><\/div>\n<div class=\"\">54 cm (Medida da parte de cima da bolsa at\u00e9 o ponto mais alto da al\u00e7a)<\/div>\n<\/div>\n<div class=\"flex w-full flex-wrap\">\n<div class=\"mr-1 mb-2\"><strong>Luz da Al\u00e7a Curta:<\/strong><\/div>\n<div class=\"\">10 cm (Medida da parte de cima da bolsa at\u00e9 o ponto mais alto da al\u00e7a)<\/div>\n<\/div>\n<div class=\"flex w-full flex-wrap\">\n<div class=\"mr-1 mb-2\"><strong>Dimens\u00f5es do Produto:<\/strong><\/div>\n<div class=\"\">21 cm x 31 cm x 15 cm (Altura x Largura x Comprimento)<\/div>\n<\/div>\n<\/div>\n<\/div>\n<\/div>\n<\/div>\n","protected":false},"excerpt":{"rendered":"<p>Descri\u00e7\u00e3o Lan\u00e7amento da temporada , um cl\u00e1ssico revisitado. O modelo Chelsea AL Elos VH Pocket Mini com linhas retas, \u00e9 apresentado na vers\u00e3o Mini, com al\u00e7a longa ajust\u00e1vel e remov\u00edvel em Couro. Ideal para o dia a dia com v\u00e1rias op\u00e7\u00f5es de uso, bolso de f\u00e1cil acesso a itens essenciais e compartimentos multifuncionais. A eleg\u00e2ncia &hellip; <\/p>\n","protected":false},"featured_media":32403,"template":"","meta":[],"product_brand":[],"product_cat":[106,366,316],"product_tag":[],"class_list":{"0":"post-32402","1":"product","2":"type-product","3":"status-publish","4":"has-post-thumbnail","6":"product_cat-bolsas","7":"product_cat-todos-os-produtos","8":"product_cat-v-hugo","9":"latest_post","11":"first","12":"instock","13":"taxable","14":"shipping-taxable","15":"purchasable","16":"product-type-simple"},"_links":{"self":[{"href":"https:\/\/bolsadellas.com.br\/index.php?rest_route=\/wp\/v2\/product\/32402","targetHints":{"allow":["GET"]}}],"collection":[{"href":"https:\/\/bolsadellas.com.br\/index.php?rest_route=\/wp\/v2\/product"}],"about":[{"href":"https:\/\/bolsadellas.com.br\/index.php?rest_route=\/wp\/v2\/types\/product"}],"wp:featuredmedia":[{"embeddable":true,"href":"https:\/\/bolsadellas.com.br\/index.php?rest_route=\/wp\/v2\/media\/32403"}],"wp:attachment":[{"href":"https:\/\/bolsadellas.com.br\/index.php?rest_route=%2Fwp%2Fv2%2Fmedia&parent=32402"}],"wp:term":[{"taxonomy":"product_brand","embeddable":true,"href":"https:\/\/bolsadellas.com.br\/index.php?rest_route=%2Fwp%2Fv2%2Fproduct_brand&post=32402"},{"taxonomy":"product_cat","embeddable":true,"href":"https:\/\/bolsadellas.com.br\/index.php?rest_route=%2Fwp%2Fv2%2Fproduct_cat&post=32402"},{"taxonomy":"product_tag","embeddable":true,"href":"https:\/\/bolsadellas.com.br\/index.php?rest_route=%2Fwp%2Fv2%2Fproduct_tag&post=32402"}],"curies":[{"name":"wp","href":"https:\/\/api.w.org\/{rel}","templated":true}]}}