{"id":32313,"date":"2026-02-03T20:47:31","date_gmt":"2026-02-03T23:47:31","guid":{"rendered":"https:\/\/bolsadellas.com.br\/?post_type=product&#038;p=32313"},"modified":"2026-04-10T08:52:50","modified_gmt":"2026-04-10T11:52:50","slug":"relogio-michael-kors-mk7358","status":"publish","type":"product","link":"https:\/\/bolsadellas.com.br\/?product=relogio-michael-kors-mk7358","title":{"rendered":"Rel\u00f3gio Michael Kors MK7358"},"content":{"rendered":"<p>Tamanho da caixa: 43 mm<br \/>\nMovimento: Quartzo de Tr\u00eas M\u00e3os<br \/>\nPlataforma: EVEREST<br \/>\nMaterial da cinta: Silicone<br \/>\nCor da pulseira: Preto<br \/>\nResist\u00eancia \u00e0 \u00e1gua da caixa: 10 ATM<br \/>\nMaterial da Caixa: A\u00e7o Inoxid\u00e1vel<br \/>\nCor da Caixa: Ouro Rosa<br \/>\nCor do mostrador: Pave, Rose Gold<br \/>\nLargura da Al\u00e7a: 22 mm<br \/>\nFechamento: Fivela de al\u00e7a de pino \u00fanico<br \/>\nCircunfer\u00eancia interna da al\u00e7a: 190 +\/- 5 mm<br \/>\nTipo de Cristal: Mineral<br \/>\nTipo de bateria: SR626SW<\/p>\n<p>&nbsp;<\/p>\n<p>O rel\u00f3gio Michael Kors Womans Everest Black com pulseira de silicone \u00e9 um rel\u00f3gio deslumbrante projetado para mulheres modernas. O rel\u00f3gio apresenta um lindo mostrador dourado que adiciona um toque de eleg\u00e2ncia e luxo a qualquer roupa. Alimentado por um movimento de tr\u00eas ponteiros, este rel\u00f3gio garante uma cronometragem precisa. Seu design elegante e moderno o torna vers\u00e1til o suficiente para ser usado com qualquer roupa, seja para uma ocasi\u00e3o formal ou um passeio casual.<\/p>\n","protected":false},"excerpt":{"rendered":"<p>Tamanho da caixa: 43 mm Movimento: Quartzo de Tr\u00eas M\u00e3os Plataforma: EVEREST Material da cinta: Silicone Cor da pulseira: Preto Resist\u00eancia \u00e0 \u00e1gua da caixa: 10 ATM Material da Caixa: A\u00e7o Inoxid\u00e1vel Cor da Caixa: Ouro Rosa Cor do mostrador: Pave, Rose Gold Largura da Al\u00e7a: 22 mm Fechamento: Fivela de al\u00e7a de pino \u00fanico &hellip; <\/p>\n","protected":false},"featured_media":32314,"template":"","meta":[],"product_brand":[],"product_cat":[247,107,366],"product_tag":[],"class_list":{"0":"post-32313","1":"product","2":"type-product","3":"status-publish","4":"has-post-thumbnail","6":"product_cat-michael-kors","7":"product_cat-relogios","8":"product_cat-todos-os-produtos","9":"latest_post","11":"first","12":"outofstock","13":"taxable","14":"shipping-taxable","15":"purchasable","16":"product-type-simple"},"_links":{"self":[{"href":"https:\/\/bolsadellas.com.br\/index.php?rest_route=\/wp\/v2\/product\/32313","targetHints":{"allow":["GET"]}}],"collection":[{"href":"https:\/\/bolsadellas.com.br\/index.php?rest_route=\/wp\/v2\/product"}],"about":[{"href":"https:\/\/bolsadellas.com.br\/index.php?rest_route=\/wp\/v2\/types\/product"}],"wp:featuredmedia":[{"embeddable":true,"href":"https:\/\/bolsadellas.com.br\/index.php?rest_route=\/wp\/v2\/media\/32314"}],"wp:attachment":[{"href":"https:\/\/bolsadellas.com.br\/index.php?rest_route=%2Fwp%2Fv2%2Fmedia&parent=32313"}],"wp:term":[{"taxonomy":"product_brand","embeddable":true,"href":"https:\/\/bolsadellas.com.br\/index.php?rest_route=%2Fwp%2Fv2%2Fproduct_brand&post=32313"},{"taxonomy":"product_cat","embeddable":true,"href":"https:\/\/bolsadellas.com.br\/index.php?rest_route=%2Fwp%2Fv2%2Fproduct_cat&post=32313"},{"taxonomy":"product_tag","embeddable":true,"href":"https:\/\/bolsadellas.com.br\/index.php?rest_route=%2Fwp%2Fv2%2Fproduct_tag&post=32313"}],"curies":[{"name":"wp","href":"https:\/\/api.w.org\/{rel}","templated":true}]}}