{"id":32309,"date":"2026-03-22T20:47:42","date_gmt":"2026-03-22T23:47:42","guid":{"rendered":"https:\/\/bolsadellas.com.br\/?post_type=product&#038;p=32309"},"modified":"2026-04-20T12:17:52","modified_gmt":"2026-04-20T15:17:52","slug":"relogio-michael-kors-mk4920","status":"publish","type":"product","link":"https:\/\/bolsadellas.com.br\/?product=relogio-michael-kors-mk4920","title":{"rendered":"Rel\u00f3gio Michael Kors MK4920"},"content":{"rendered":"<p>Rel\u00f3gio Michael Kors Pyper Feminino \u2013 MK4593\/1DN<\/p>\n<p>Material da caixa: Metal. Material da Pulseira: Metal. Material do Vidro: Cristal Mineral.<\/p>\n<p>Cor do mostrador: Preto, detalhes de pedras nas marca\u00e7\u00f5es das horas. Cor da caixa: Ros\u00ea e prata. Cor da pulseira: ros\u00ea e prata.<\/p>\n<p>Resist\u00eancia \u00e0 \u00e1gua: 30m. Tamanho da caixa: 38mm<\/p>\n","protected":false},"excerpt":{"rendered":"<p>Rel\u00f3gio Michael Kors Pyper Feminino \u2013 MK4593\/1DN Material da caixa: Metal. Material da Pulseira: Metal. Material do Vidro: Cristal Mineral. Cor do mostrador: Preto, detalhes de pedras nas marca\u00e7\u00f5es das horas. Cor da caixa: Ros\u00ea e prata. Cor da pulseira: ros\u00ea e prata. Resist\u00eancia \u00e0 \u00e1gua: 30m. Tamanho da caixa: 38mm<\/p>\n","protected":false},"featured_media":32310,"template":"","meta":[],"product_brand":[],"product_cat":[247,107,366],"product_tag":[],"class_list":{"0":"post-32309","1":"product","2":"type-product","3":"status-publish","4":"has-post-thumbnail","6":"product_cat-michael-kors","7":"product_cat-relogios","8":"product_cat-todos-os-produtos","9":"latest_post","11":"first","12":"instock","13":"taxable","14":"shipping-taxable","15":"purchasable","16":"product-type-simple"},"_links":{"self":[{"href":"https:\/\/bolsadellas.com.br\/index.php?rest_route=\/wp\/v2\/product\/32309","targetHints":{"allow":["GET"]}}],"collection":[{"href":"https:\/\/bolsadellas.com.br\/index.php?rest_route=\/wp\/v2\/product"}],"about":[{"href":"https:\/\/bolsadellas.com.br\/index.php?rest_route=\/wp\/v2\/types\/product"}],"wp:featuredmedia":[{"embeddable":true,"href":"https:\/\/bolsadellas.com.br\/index.php?rest_route=\/wp\/v2\/media\/32310"}],"wp:attachment":[{"href":"https:\/\/bolsadellas.com.br\/index.php?rest_route=%2Fwp%2Fv2%2Fmedia&parent=32309"}],"wp:term":[{"taxonomy":"product_brand","embeddable":true,"href":"https:\/\/bolsadellas.com.br\/index.php?rest_route=%2Fwp%2Fv2%2Fproduct_brand&post=32309"},{"taxonomy":"product_cat","embeddable":true,"href":"https:\/\/bolsadellas.com.br\/index.php?rest_route=%2Fwp%2Fv2%2Fproduct_cat&post=32309"},{"taxonomy":"product_tag","embeddable":true,"href":"https:\/\/bolsadellas.com.br\/index.php?rest_route=%2Fwp%2Fv2%2Fproduct_tag&post=32309"}],"curies":[{"name":"wp","href":"https:\/\/api.w.org\/{rel}","templated":true}]}}