{"id":32271,"date":"2026-04-09T15:18:02","date_gmt":"2026-04-09T18:18:02","guid":{"rendered":"https:\/\/bolsadellas.com.br\/?post_type=product&#038;p=32271"},"modified":"2026-04-13T10:11:22","modified_gmt":"2026-04-13T13:11:22","slug":"bolsa-victor-hugo-new-ada-2","status":"publish","type":"product","link":"https:\/\/bolsadellas.com.br\/?product=bolsa-victor-hugo-new-ada-2","title":{"rendered":"Bolsa Victor Hugo New Ada"},"content":{"rendered":"<div class=\"text-sm mb-10\">\n<div>Oferecemos embalagens de presente gratuitamente em todas as suas aquisi\u00e7\u00f5es, seu produto \u00e9 entregue em uma elegante caixa exclusiva Victor Hugo<\/div>\n<div><\/div>\n<div class=\"text-sm\">A Bolsa New Ada Duca \u00e9 elegante e casual. Possui duas op\u00e7\u00f5es de al\u00e7as em Couro ajust\u00e1vel, internamente possui espa\u00e7o adaptado para smartphone e um compartimento com z\u00edper personalizado VICTOR HUGO. Apresentada em Canvas, s\u00edmbolo cl\u00e1ssico da VICTOR HUGO, o ic\u00f4nico monograma traduz a tradi\u00e7\u00e3o e eleg\u00e2ncia da marca. O detalhe de pesponto em Couro \u00e9 totalmente manual, real\u00e7ando a qualidade e extenso trabalho artesanal, s\u00edmbolo do DNA da marca.<\/div>\n<\/div>\n<h2 class=\"text-sm mb-4 font-normal border-b w-min border-primary-800 pb-1\">Detalhes<\/h2>\n<div class=\"text-sm\">\n<div class=\"flex w-full flex-wrap\">\n<div class=\"mr-1 mb-2\"><strong>Tipo de Produto:<\/strong><\/div>\n<div class=\"\">Bolsa<\/div>\n<\/div>\n<div class=\"flex w-full flex-wrap\">\n<div class=\"mr-1 mb-2\"><strong>Estilo da Bolsa:<\/strong><\/div>\n<div class=\"\">Minibag, Crossbody, Bolsa de Ombro<\/div>\n<\/div>\n<div class=\"flex w-full flex-wrap\">\n<div class=\"mr-1 mb-2\"><strong>Tipo de Al\u00e7a:<\/strong><\/div>\n<div class=\"\">Al\u00e7a de Ombro<\/div>\n<\/div>\n<div class=\"flex w-full flex-wrap\">\n<div class=\"mr-1 mb-2\"><strong>Tamanho da Bolsa:<\/strong><\/div>\n<div class=\"\">Small<\/div>\n<\/div>\n<div class=\"flex w-full flex-wrap\">\n<div class=\"mr-1 mb-2\"><strong>Cuidados Especiais:<\/strong><\/div>\n<div class=\"\">N\u00e3o<\/div>\n<\/div>\n<div class=\"flex w-full flex-wrap\">\n<div class=\"mr-1 mb-2\"><strong>Modelo da Bolsa:<\/strong><\/div>\n<div class=\"\">Bolsa Ada<\/div>\n<\/div>\n<div class=\"flex w-full flex-wrap\">\n<div class=\"mr-1 mb-2\"><strong>Luz da Al\u00e7a Longa:<\/strong><\/div>\n<div class=\"\">62 cm (Medida da parte de cima da bolsa at\u00e9 o ponto mais alto da al\u00e7a)<\/div>\n<\/div>\n<div class=\"flex w-full flex-wrap\">\n<div class=\"mr-1 mb-2\"><strong>Luz da Al\u00e7a Curta:<\/strong><\/div>\n<div class=\"\">18 cm (Medida da parte de cima da bolsa at\u00e9 o ponto mais alto da al\u00e7a)<\/div>\n<\/div>\n<div class=\"flex w-full flex-wrap\">\n<div class=\"mr-1 mb-2\"><strong>Dimens\u00f5es Aproximadas do Produto:<\/strong><\/div>\n<div class=\"\">14 cm x 25 cm x 7 cm (Altura x Largura x Comprimento)<\/div>\n<\/div>\n<\/div>\n","protected":false},"excerpt":{"rendered":"<p>Oferecemos embalagens de presente gratuitamente em todas as suas aquisi\u00e7\u00f5es, seu produto \u00e9 entregue em uma elegante caixa exclusiva Victor Hugo A Bolsa New Ada Duca \u00e9 elegante e casual. Possui duas op\u00e7\u00f5es de al\u00e7as em Couro ajust\u00e1vel, internamente possui espa\u00e7o adaptado para smartphone e um compartimento com z\u00edper personalizado VICTOR HUGO. Apresentada em Canvas, &hellip; <\/p>\n","protected":false},"featured_media":32272,"template":"","meta":[],"product_brand":[],"product_cat":[106,366,316],"product_tag":[],"class_list":{"0":"post-32271","1":"product","2":"type-product","3":"status-publish","4":"has-post-thumbnail","6":"product_cat-bolsas","7":"product_cat-todos-os-produtos","8":"product_cat-v-hugo","9":"latest_post","11":"first","12":"instock","13":"taxable","14":"shipping-taxable","15":"purchasable","16":"product-type-simple"},"_links":{"self":[{"href":"https:\/\/bolsadellas.com.br\/index.php?rest_route=\/wp\/v2\/product\/32271","targetHints":{"allow":["GET"]}}],"collection":[{"href":"https:\/\/bolsadellas.com.br\/index.php?rest_route=\/wp\/v2\/product"}],"about":[{"href":"https:\/\/bolsadellas.com.br\/index.php?rest_route=\/wp\/v2\/types\/product"}],"wp:featuredmedia":[{"embeddable":true,"href":"https:\/\/bolsadellas.com.br\/index.php?rest_route=\/wp\/v2\/media\/32272"}],"wp:attachment":[{"href":"https:\/\/bolsadellas.com.br\/index.php?rest_route=%2Fwp%2Fv2%2Fmedia&parent=32271"}],"wp:term":[{"taxonomy":"product_brand","embeddable":true,"href":"https:\/\/bolsadellas.com.br\/index.php?rest_route=%2Fwp%2Fv2%2Fproduct_brand&post=32271"},{"taxonomy":"product_cat","embeddable":true,"href":"https:\/\/bolsadellas.com.br\/index.php?rest_route=%2Fwp%2Fv2%2Fproduct_cat&post=32271"},{"taxonomy":"product_tag","embeddable":true,"href":"https:\/\/bolsadellas.com.br\/index.php?rest_route=%2Fwp%2Fv2%2Fproduct_tag&post=32271"}],"curies":[{"name":"wp","href":"https:\/\/api.w.org\/{rel}","templated":true}]}}