{"id":32262,"date":"2026-03-28T15:18:12","date_gmt":"2026-03-28T18:18:12","guid":{"rendered":"https:\/\/bolsadellas.com.br\/?post_type=product&#038;p=32262"},"modified":"2026-04-16T11:21:17","modified_gmt":"2026-04-16T14:21:17","slug":"bolsa-victor-hugo-lock-tank-medium","status":"publish","type":"product","link":"https:\/\/bolsadellas.com.br\/?product=bolsa-victor-hugo-lock-tank-medium","title":{"rendered":"Bolsa Victor Hugo Lock Tank Medium"},"content":{"rendered":"<div class=\"text-sm mb-10\">\n<div class=\"text-sm\">A Bolsa Tank Elos VH Medium,\u00e9 cl\u00e1ssica e ideal do dia \u00e0 noite. Com detalhes marcantes e elegantes, possui al\u00e7a de corrente Rope dourada e o exclusivo fecho Medallion VH. A al\u00e7a de Couro com fivela regul\u00e1vel e corrente deslizante pode ser usada de duas formas: para ser usada nos ombros ou usada em seu comprimento total transpassada pelo corpo. Internamente, possui compartimentos multifuncionais. A vers\u00e3o em Canvas destaca o ic\u00f4nico monograma VH, s\u00edmbolo de tradi\u00e7\u00e3o e eleg\u00e2ncia. A Cole\u00e7\u00e3o ELOS VH reinterpreta a cl\u00e1ssica estampa dos anos 80 com textura de linho, alto brilho com cristal de prote\u00e7\u00e3o.<\/div>\n<\/div>\n<h2 class=\"text-sm mb-4 font-normal border-b w-min border-primary-800 pb-1\">Detalhes<\/h2>\n<div class=\"text-sm\">\n<div class=\"flex w-full flex-wrap\">\n<div class=\"mr-1 mb-2\"><strong>Tipo de Produto:<\/strong><\/div>\n<div class=\"\">Bolsa<\/div>\n<\/div>\n<div class=\"flex w-full flex-wrap\">\n<div class=\"mr-1 mb-2\"><strong>Estilo da Bolsa:<\/strong><\/div>\n<div class=\"\">Bolsa com Al\u00e7a de Corrente, Bolsa de Ombro, Crossbody<\/div>\n<\/div>\n<div class=\"flex w-full flex-wrap\">\n<div class=\"mr-1 mb-2\"><strong>Tipo de Al\u00e7a:<\/strong><\/div>\n<div class=\"\">Al\u00e7a de Corrente, Al\u00e7a de Ombro, Al\u00e7a Longa<\/div>\n<\/div>\n<div class=\"flex w-full flex-wrap\">\n<div class=\"mr-1 mb-2\"><strong>Tamanho da Bolsa:<\/strong><\/div>\n<div class=\"\">Medium<\/div>\n<\/div>\n<div class=\"flex w-full flex-wrap\">\n<div class=\"mr-1 mb-2\"><strong>Cuidados Especiais:<\/strong><\/div>\n<div class=\"\">N\u00e3o<\/div>\n<\/div>\n<div class=\"flex w-full flex-wrap\">\n<div class=\"mr-1 mb-2\"><strong>Modelo da Bolsa:<\/strong><\/div>\n<div class=\"\">Bolsa Tank<\/div>\n<\/div>\n<div class=\"flex w-full flex-wrap\">\n<div class=\"mr-1 mb-2\"><strong>Luz da Al\u00e7a de Ombro:<\/strong><\/div>\n<div class=\"\">25 cm (Medida da parte de cima da bolsa at\u00e9 o ponto mais alto da al\u00e7a)<\/div>\n<\/div>\n<div class=\"flex w-full flex-wrap\">\n<div class=\"mr-1 mb-2\"><strong>Luz da Al\u00e7a Longa:<\/strong><\/div>\n<div class=\"\">47 cm (Medida da parte de cima da bolsa at\u00e9 o ponto mais alto da al\u00e7a)<\/div>\n<\/div>\n<div class=\"flex w-full flex-wrap\">\n<div class=\"mr-1 mb-2\"><strong>Dimens\u00f5es Aproximadas do Produto:<\/strong><\/div>\n<div class=\"\">14 cm x 25 cm x 9 cm (Altura x Largura x Comprimento)<\/div>\n<\/div>\n<\/div>\n","protected":false},"excerpt":{"rendered":"<p>A Bolsa Tank Elos VH Medium,\u00e9 cl\u00e1ssica e ideal do dia \u00e0 noite. Com detalhes marcantes e elegantes, possui al\u00e7a de corrente Rope dourada e o exclusivo fecho Medallion VH. A al\u00e7a de Couro com fivela regul\u00e1vel e corrente deslizante pode ser usada de duas formas: para ser usada nos ombros ou usada em seu &hellip; <\/p>\n","protected":false},"featured_media":32263,"template":"","meta":[],"product_brand":[],"product_cat":[106,366,316],"product_tag":[],"class_list":{"0":"post-32262","1":"product","2":"type-product","3":"status-publish","4":"has-post-thumbnail","6":"product_cat-bolsas","7":"product_cat-todos-os-produtos","8":"product_cat-v-hugo","9":"latest_post","11":"first","12":"instock","13":"taxable","14":"shipping-taxable","15":"purchasable","16":"product-type-simple"},"_links":{"self":[{"href":"https:\/\/bolsadellas.com.br\/index.php?rest_route=\/wp\/v2\/product\/32262","targetHints":{"allow":["GET"]}}],"collection":[{"href":"https:\/\/bolsadellas.com.br\/index.php?rest_route=\/wp\/v2\/product"}],"about":[{"href":"https:\/\/bolsadellas.com.br\/index.php?rest_route=\/wp\/v2\/types\/product"}],"wp:featuredmedia":[{"embeddable":true,"href":"https:\/\/bolsadellas.com.br\/index.php?rest_route=\/wp\/v2\/media\/32263"}],"wp:attachment":[{"href":"https:\/\/bolsadellas.com.br\/index.php?rest_route=%2Fwp%2Fv2%2Fmedia&parent=32262"}],"wp:term":[{"taxonomy":"product_brand","embeddable":true,"href":"https:\/\/bolsadellas.com.br\/index.php?rest_route=%2Fwp%2Fv2%2Fproduct_brand&post=32262"},{"taxonomy":"product_cat","embeddable":true,"href":"https:\/\/bolsadellas.com.br\/index.php?rest_route=%2Fwp%2Fv2%2Fproduct_cat&post=32262"},{"taxonomy":"product_tag","embeddable":true,"href":"https:\/\/bolsadellas.com.br\/index.php?rest_route=%2Fwp%2Fv2%2Fproduct_tag&post=32262"}],"curies":[{"name":"wp","href":"https:\/\/api.w.org\/{rel}","templated":true}]}}