{"id":32226,"date":"2026-01-30T22:33:45","date_gmt":"2026-01-31T01:33:45","guid":{"rendered":"https:\/\/bolsadellas.com.br\/?post_type=product&#038;p=32226"},"modified":"2026-03-11T15:58:06","modified_gmt":"2026-03-11T18:58:06","slug":"bolsa-coach-lana-shoulder-mapple","status":"publish","type":"product","link":"https:\/\/bolsadellas.com.br\/?product=bolsa-coach-lana-shoulder-mapple","title":{"rendered":"Bolsa Coach Lana Shoulder maple"},"content":{"rendered":"<div id=\"details\" class=\"ecn-tab-content active\">\n<div class=\"wrap\">\n<p>\u2013 Couro Pebble polido<\/p>\n<p>\u2013 Bolso interno de encaixe<\/p>\n<p>\u2013 Compartimento com z\u00edper<\/p>\n<p>\u2013 Fecho de press\u00e3o, forro em couro e tecido<\/p>\n<p>\u2013 Al\u00e7as com aberura de 25 cm<\/p>\n<p>\u2013 Quatro p\u00e9s protetores na base<\/p>\n<p>\u2013 33,5 cm (Largura) x 51,5 cm (Altura) x 19,5 cm (Profundidade)<\/p>\n<\/div>\n<\/div>\n<div id=\"description\" class=\"ecn-tab-content\">\n<h2>Descri\u00e7\u00e3o<\/h2>\n<div class=\"wrap\">\n<div class=\"productDescription\">Uma hero\u00edna do guarda-roupa para todos os dias, Lana combina f\u00e1cil organiza\u00e7\u00e3o com apar\u00eancia sofisticada. Detalhado com nosso hardware Signature, o modelo de couro polido tem um compartimento central com z\u00edper para proteger os pertences e dois compartimentos abertos com espa\u00e7o para guardar um su\u00e9ter ou um par extra de sapatos. \u00c9 elegante, espa\u00e7oso, moderno e funcional (basicamente, tudo o que voc\u00ea deseja em uma bolsa).<\/div>\n<\/div>\n<\/div>\n","protected":false},"excerpt":{"rendered":"<p>\u2013 Couro Pebble polido \u2013 Bolso interno de encaixe \u2013 Compartimento com z\u00edper \u2013 Fecho de press\u00e3o, forro em couro e tecido \u2013 Al\u00e7as com aberura de 25 cm \u2013 Quatro p\u00e9s protetores na base \u2013 33,5 cm (Largura) x 51,5 cm (Altura) x 19,5 cm (Profundidade) Descri\u00e7\u00e3o Uma hero\u00edna do guarda-roupa para todos os &hellip; <\/p>\n","protected":false},"featured_media":32223,"comment_status":"open","ping_status":"closed","template":"","meta":[],"product_brand":[],"product_cat":[106,349,366],"product_tag":[],"class_list":{"0":"post-32226","1":"product","2":"type-product","3":"status-publish","4":"has-post-thumbnail","6":"product_cat-bolsas","7":"product_cat-coach","8":"product_cat-todos-os-produtos","9":"latest_post","11":"first","12":"outofstock","13":"taxable","14":"shipping-taxable","15":"purchasable","16":"product-type-simple"},"_links":{"self":[{"href":"https:\/\/bolsadellas.com.br\/index.php?rest_route=\/wp\/v2\/product\/32226","targetHints":{"allow":["GET"]}}],"collection":[{"href":"https:\/\/bolsadellas.com.br\/index.php?rest_route=\/wp\/v2\/product"}],"about":[{"href":"https:\/\/bolsadellas.com.br\/index.php?rest_route=\/wp\/v2\/types\/product"}],"replies":[{"embeddable":true,"href":"https:\/\/bolsadellas.com.br\/index.php?rest_route=%2Fwp%2Fv2%2Fcomments&post=32226"}],"wp:featuredmedia":[{"embeddable":true,"href":"https:\/\/bolsadellas.com.br\/index.php?rest_route=\/wp\/v2\/media\/32223"}],"wp:attachment":[{"href":"https:\/\/bolsadellas.com.br\/index.php?rest_route=%2Fwp%2Fv2%2Fmedia&parent=32226"}],"wp:term":[{"taxonomy":"product_brand","embeddable":true,"href":"https:\/\/bolsadellas.com.br\/index.php?rest_route=%2Fwp%2Fv2%2Fproduct_brand&post=32226"},{"taxonomy":"product_cat","embeddable":true,"href":"https:\/\/bolsadellas.com.br\/index.php?rest_route=%2Fwp%2Fv2%2Fproduct_cat&post=32226"},{"taxonomy":"product_tag","embeddable":true,"href":"https:\/\/bolsadellas.com.br\/index.php?rest_route=%2Fwp%2Fv2%2Fproduct_tag&post=32226"}],"curies":[{"name":"wp","href":"https:\/\/api.w.org\/{rel}","templated":true}]}}