{"id":32120,"date":"2026-03-15T15:51:57","date_gmt":"2026-03-15T18:51:57","guid":{"rendered":"https:\/\/bolsadellas.com.br\/?post_type=product&#038;p=32120"},"modified":"2026-03-18T13:13:10","modified_gmt":"2026-03-18T16:13:10","slug":"bolsa-victor-hugo-fiori-al-baby","status":"publish","type":"product","link":"https:\/\/bolsadellas.com.br\/?product=bolsa-victor-hugo-fiori-al-baby","title":{"rendered":"Bolsa Victor Hugo Fiori AL Baby"},"content":{"rendered":"<div class=\"text-sm mb-10\">\n<div class=\"text-sm\">Lan\u00e7amento da temporada, a Bolsa Fiori AL Baby VH Elos une sofistica\u00e7\u00e3o e praticidade em um formato compacto. A eleg\u00e2ncia atemporal em nova interpreta\u00e7\u00e3o na Cole\u00e7\u00e3o VH ELOS. Inspirada na ic\u00f4nica estampa dos anos 80, a sofistica\u00e7\u00e3o do monograma VH, s\u00edmbolo de tradi\u00e7\u00e3o e estilo. Com textura de linho e acabamento de alto brilho com cristal de prote\u00e7\u00e3o. A fus\u00e3o entre o cl\u00e1ssico e o contempor\u00e2neo resulta em uma cole\u00e7\u00e3o exclusiva, perfeita para quem valoriza design e excel\u00eancia. Com design marcante, \u00e9 perfeita para compor produ\u00e7\u00f5es elegantes com leveza. A al\u00e7a longa \u2014 que mescla couro e corrente \u2014 adiciona um toque contempor\u00e2neo e permite o uso tanto no ombro quanto \u00e0 tiracolo, garantindo liberdade de movimento e estilo em todas as ocasi\u00f5es. A vers\u00e3o em Canvas destaca o ic\u00f4nico monograma VH, s\u00edmbolo de tradi\u00e7\u00e3o e eleg\u00e2ncia. A Cole\u00e7\u00e3o VH Elos reinterpreta a cl\u00e1ssica estampa dos anos 80 com textura de linho, alto brilho com cristal de prote\u00e7\u00e3o.<\/div>\n<\/div>\n<h2 class=\"text-sm mb-4 font-normal border-b w-min border-primary-800 pb-1\">Detalhes<\/h2>\n<div class=\"text-sm\">\n<div class=\"flex w-full flex-wrap\">\n<div class=\"mr-1 mb-2\"><strong>Tipo de Produto:<\/strong><\/div>\n<div class=\"\">Bolsa<\/div>\n<\/div>\n<div class=\"flex w-full flex-wrap\">\n<div class=\"mr-1 mb-2\"><strong>Estilo da Bolsa:<\/strong><\/div>\n<div class=\"\">Bolsa de M\u00e3o, Crossbody, Bolsa de Ombro<\/div>\n<\/div>\n<div class=\"flex w-full flex-wrap\">\n<div class=\"mr-1 mb-2\"><strong>Tipo de Al\u00e7a:<\/strong><\/div>\n<div class=\"\">Al\u00e7a de Ombro, Al\u00e7a de M\u00e3o, Al\u00e7a Longa<\/div>\n<\/div>\n<div class=\"flex w-full flex-wrap\">\n<div class=\"mr-1 mb-2\"><strong>Tamanho da Bolsa:<\/strong><\/div>\n<div class=\"\">Small<\/div>\n<\/div>\n<div class=\"flex w-full flex-wrap\">\n<div class=\"mr-1 mb-2\"><strong>Cuidados Especiais:<\/strong><\/div>\n<div class=\"\">N\u00e3o<\/div>\n<\/div>\n<div class=\"flex w-full flex-wrap\">\n<div class=\"mr-1 mb-2\"><strong>Modelo da Bolsa:<\/strong><\/div>\n<div class=\"\">Bolsa Fiori<\/div>\n<\/div>\n<div class=\"flex w-full flex-wrap\">\n<div class=\"mr-1 mb-2\"><strong>Luz da Al\u00e7a Longa:<\/strong><\/div>\n<div class=\"\">54 cm (Medida da parte de cima da bolsa at\u00e9 o ponto mais alto da al\u00e7a)<\/div>\n<\/div>\n<div class=\"flex w-full flex-wrap\">\n<div class=\"mr-1 mb-2\"><strong>Luz da Al\u00e7a Curta:<\/strong><\/div>\n<div class=\"\">10 cm (Medida da parte de cima da bolsa at\u00e9 o ponto mais alto da al\u00e7a)<\/div>\n<\/div>\n<div class=\"flex w-full flex-wrap\">\n<div class=\"mr-1 mb-2\"><strong>Dimens\u00f5es Aproximadas do Produto:<\/strong><\/div>\n<div class=\"\">12 cm x 27 cm x 12 cm (Altura x Largura x Comprimento)<\/div>\n<\/div>\n<\/div>\n","protected":false},"excerpt":{"rendered":"<p>Lan\u00e7amento da temporada, a Bolsa Fiori AL Baby VH Elos une sofistica\u00e7\u00e3o e praticidade em um formato compacto. A eleg\u00e2ncia atemporal em nova interpreta\u00e7\u00e3o na Cole\u00e7\u00e3o VH ELOS. Inspirada na ic\u00f4nica estampa dos anos 80, a sofistica\u00e7\u00e3o do monograma VH, s\u00edmbolo de tradi\u00e7\u00e3o e estilo. Com textura de linho e acabamento de alto brilho com &hellip; <\/p>\n","protected":false},"featured_media":32123,"template":"","meta":[],"product_brand":[],"product_cat":[106,366,316],"product_tag":[],"class_list":{"0":"post-32120","1":"product","2":"type-product","3":"status-publish","4":"has-post-thumbnail","6":"product_cat-bolsas","7":"product_cat-todos-os-produtos","8":"product_cat-v-hugo","9":"latest_post","11":"first","12":"instock","13":"taxable","14":"shipping-taxable","15":"purchasable","16":"product-type-simple"},"_links":{"self":[{"href":"https:\/\/bolsadellas.com.br\/index.php?rest_route=\/wp\/v2\/product\/32120","targetHints":{"allow":["GET"]}}],"collection":[{"href":"https:\/\/bolsadellas.com.br\/index.php?rest_route=\/wp\/v2\/product"}],"about":[{"href":"https:\/\/bolsadellas.com.br\/index.php?rest_route=\/wp\/v2\/types\/product"}],"wp:featuredmedia":[{"embeddable":true,"href":"https:\/\/bolsadellas.com.br\/index.php?rest_route=\/wp\/v2\/media\/32123"}],"wp:attachment":[{"href":"https:\/\/bolsadellas.com.br\/index.php?rest_route=%2Fwp%2Fv2%2Fmedia&parent=32120"}],"wp:term":[{"taxonomy":"product_brand","embeddable":true,"href":"https:\/\/bolsadellas.com.br\/index.php?rest_route=%2Fwp%2Fv2%2Fproduct_brand&post=32120"},{"taxonomy":"product_cat","embeddable":true,"href":"https:\/\/bolsadellas.com.br\/index.php?rest_route=%2Fwp%2Fv2%2Fproduct_cat&post=32120"},{"taxonomy":"product_tag","embeddable":true,"href":"https:\/\/bolsadellas.com.br\/index.php?rest_route=%2Fwp%2Fv2%2Fproduct_tag&post=32120"}],"curies":[{"name":"wp","href":"https:\/\/api.w.org\/{rel}","templated":true}]}}