{"id":31909,"date":"2026-04-03T16:30:05","date_gmt":"2026-04-03T19:30:05","guid":{"rendered":"https:\/\/bolsadellas.com.br\/?post_type=product&#038;p=31909"},"modified":"2026-04-03T16:33:54","modified_gmt":"2026-04-03T19:33:54","slug":"bolsa-coach-tabby-shoulder-20-quilting-marrom","status":"publish","type":"product","link":"https:\/\/bolsadellas.com.br\/?product=bolsa-coach-tabby-shoulder-20-quilting-marrom","title":{"rendered":"Bolsa Coach Tabby Shoulder 20 Quilting maple"},"content":{"rendered":"<div id=\"details\" class=\"ecn-tab-content active\">\n<div class=\"wrap\">\n<p>&#8211; Couro Nappa<\/p>\n<p>&#8211; Bolso interno com fecho magn\u00e9tico<\/p>\n<p>&#8211; Fecho pushlock, forro de couro<\/p>\n<p>&#8211; Bolso externo<\/p>\n<p>&#8211; Al\u00e7a de corrente com abertura de 54,5 cm para uso no ombro ou na transversal<\/p>\n<p>&#8211; 20 cm (Largura) x 11 cm (Altura) x 7 cm (Profundidade).<\/p>\n<\/div>\n<\/div>\n<div id=\"description\" class=\"ecn-tab-content\">\n<h2>Descri\u00e7\u00e3o<\/h2>\n<div class=\"wrap\">\n<div class=\"productDescription\">Uma vers\u00e3o moderna de um design de arquivo da Coach dos anos 70, nossa bolsa de ombro estruturada Tabby \u00e9 confeccionada em couro Nappa macio e acolchoado. Um pouco menor que o tamanho 26, a pequena 20 apresenta uma longa al\u00e7a de corrente de couro para usar na transversal ou dobrar para um visual mais curto e elegante. \u00c9 finalizada com nosso hardware Signature para um toque ic\u00f4nico.<\/div>\n<\/div>\n<\/div>\n","protected":false},"excerpt":{"rendered":"<p>&#8211; Couro Nappa &#8211; Bolso interno com fecho magn\u00e9tico &#8211; Fecho pushlock, forro de couro &#8211; Bolso externo &#8211; Al\u00e7a de corrente com abertura de 54,5 cm para uso no ombro ou na transversal &#8211; 20 cm (Largura) x 11 cm (Altura) x 7 cm (Profundidade). Descri\u00e7\u00e3o Uma vers\u00e3o moderna de um design de arquivo &hellip; <\/p>\n","protected":false},"featured_media":31910,"comment_status":"open","ping_status":"closed","template":"","meta":[],"product_brand":[],"product_cat":[106,349,366],"product_tag":[],"class_list":{"0":"post-31909","1":"product","2":"type-product","3":"status-publish","4":"has-post-thumbnail","6":"product_cat-bolsas","7":"product_cat-coach","8":"product_cat-todos-os-produtos","9":"latest_post","11":"first","12":"instock","13":"taxable","14":"shipping-taxable","15":"purchasable","16":"product-type-simple"},"_links":{"self":[{"href":"https:\/\/bolsadellas.com.br\/index.php?rest_route=\/wp\/v2\/product\/31909","targetHints":{"allow":["GET"]}}],"collection":[{"href":"https:\/\/bolsadellas.com.br\/index.php?rest_route=\/wp\/v2\/product"}],"about":[{"href":"https:\/\/bolsadellas.com.br\/index.php?rest_route=\/wp\/v2\/types\/product"}],"replies":[{"embeddable":true,"href":"https:\/\/bolsadellas.com.br\/index.php?rest_route=%2Fwp%2Fv2%2Fcomments&post=31909"}],"wp:featuredmedia":[{"embeddable":true,"href":"https:\/\/bolsadellas.com.br\/index.php?rest_route=\/wp\/v2\/media\/31910"}],"wp:attachment":[{"href":"https:\/\/bolsadellas.com.br\/index.php?rest_route=%2Fwp%2Fv2%2Fmedia&parent=31909"}],"wp:term":[{"taxonomy":"product_brand","embeddable":true,"href":"https:\/\/bolsadellas.com.br\/index.php?rest_route=%2Fwp%2Fv2%2Fproduct_brand&post=31909"},{"taxonomy":"product_cat","embeddable":true,"href":"https:\/\/bolsadellas.com.br\/index.php?rest_route=%2Fwp%2Fv2%2Fproduct_cat&post=31909"},{"taxonomy":"product_tag","embeddable":true,"href":"https:\/\/bolsadellas.com.br\/index.php?rest_route=%2Fwp%2Fv2%2Fproduct_tag&post=31909"}],"curies":[{"name":"wp","href":"https:\/\/api.w.org\/{rel}","templated":true}]}}