{"id":31881,"date":"2026-04-13T12:04:23","date_gmt":"2026-04-13T15:04:23","guid":{"rendered":"https:\/\/bolsadellas.com.br\/?post_type=product&#038;p=31881"},"modified":"2026-04-20T12:19:00","modified_gmt":"2026-04-20T15:19:00","slug":"bolsa-victor-hugo-lock-clutch-elos-4","status":"publish","type":"product","link":"https:\/\/bolsadellas.com.br\/?product=bolsa-victor-hugo-lock-clutch-elos-4","title":{"rendered":"Bolsa Victor Hugo Lock Clutch Elos"},"content":{"rendered":"<div class=\"text-sm mb-10\">\n<div class=\"text-sm\">A encantadora Bolsa Lock Clutch Elos VH, ideal para mulheres que buscam adicionar um toque de delicadeza e estilo. Com um design exclusivo, \u00e9 pontuada pelo fecho Medallion VH dourado. A vers\u00e3o em Canvas destaca o ic\u00f4nico monograma VH, s\u00edmbolo de tradi\u00e7\u00e3o e eleg\u00e2ncia. A Cole\u00e7\u00e3o ELOS VH reinterpreta a cl\u00e1ssica estampa dos anos 80 com textura de linho, alto brilho com cristal de prote\u00e7\u00e3o.<\/div>\n<\/div>\n<h2 class=\"text-sm mb-4 font-normal border-b w-min border-primary-800 pb-1\">Detalhes<\/h2>\n<div class=\"text-sm\">\n<div class=\"flex w-full flex-wrap\">\n<div class=\"mr-1 mb-2\"><strong>Tipo de Produto:<\/strong><\/div>\n<div class=\"\">Bolsa<\/div>\n<\/div>\n<div class=\"flex w-full flex-wrap\">\n<div class=\"mr-1 mb-2\"><strong>Estilo da Bolsa:<\/strong><\/div>\n<div class=\"\">Bolsa com Al\u00e7a de Corrente, Crossbody, Minibag<\/div>\n<\/div>\n<div class=\"flex w-full flex-wrap\">\n<div class=\"mr-1 mb-2\"><strong>Tipo de Al\u00e7a:<\/strong><\/div>\n<div class=\"\">Al\u00e7a Longa, Al\u00e7a de Corrente<\/div>\n<\/div>\n<div class=\"flex w-full flex-wrap\">\n<div class=\"mr-1 mb-2\"><strong>Tamanho da Bolsa:<\/strong><\/div>\n<div class=\"\">Small<\/div>\n<\/div>\n<div class=\"flex w-full flex-wrap\">\n<div class=\"mr-1 mb-2\"><strong>Cuidados Especiais:<\/strong><\/div>\n<div class=\"\">N\u00e3o<\/div>\n<\/div>\n<div class=\"flex w-full flex-wrap\">\n<div class=\"mr-1 mb-2\"><strong>Modelo da Bolsa:<\/strong><\/div>\n<div class=\"\">Bolsa LocClucth<\/div>\n<\/div>\n<div class=\"flex w-full flex-wrap\">\n<div class=\"mr-1 mb-2\"><strong>Luz da Al\u00e7a Longa:<\/strong><\/div>\n<div class=\"\">56 cm (Medida da parte de cima da bolsa at\u00e9 o ponto mais alto da al\u00e7a)<\/div>\n<\/div>\n<div class=\"flex w-full flex-wrap\">\n<div class=\"mr-1 mb-2\"><strong>Dimens\u00f5es Aproximadas do Produto:<\/strong><\/div>\n<div class=\"\">12 cm x 20 cm x 5 cm (Altura x Largura x Comprimento)<\/div>\n<\/div>\n<\/div>\n","protected":false},"excerpt":{"rendered":"<p>A encantadora Bolsa Lock Clutch Elos VH, ideal para mulheres que buscam adicionar um toque de delicadeza e estilo. Com um design exclusivo, \u00e9 pontuada pelo fecho Medallion VH dourado. A vers\u00e3o em Canvas destaca o ic\u00f4nico monograma VH, s\u00edmbolo de tradi\u00e7\u00e3o e eleg\u00e2ncia. A Cole\u00e7\u00e3o ELOS VH reinterpreta a cl\u00e1ssica estampa dos anos 80 &hellip; <\/p>\n","protected":false},"featured_media":31883,"template":"","meta":[],"product_brand":[],"product_cat":[106,366,316],"product_tag":[],"class_list":{"0":"post-31881","1":"product","2":"type-product","3":"status-publish","4":"has-post-thumbnail","6":"product_cat-bolsas","7":"product_cat-todos-os-produtos","8":"product_cat-v-hugo","9":"latest_post","11":"first","12":"instock","13":"taxable","14":"shipping-taxable","15":"purchasable","16":"product-type-simple"},"_links":{"self":[{"href":"https:\/\/bolsadellas.com.br\/index.php?rest_route=\/wp\/v2\/product\/31881","targetHints":{"allow":["GET"]}}],"collection":[{"href":"https:\/\/bolsadellas.com.br\/index.php?rest_route=\/wp\/v2\/product"}],"about":[{"href":"https:\/\/bolsadellas.com.br\/index.php?rest_route=\/wp\/v2\/types\/product"}],"wp:featuredmedia":[{"embeddable":true,"href":"https:\/\/bolsadellas.com.br\/index.php?rest_route=\/wp\/v2\/media\/31883"}],"wp:attachment":[{"href":"https:\/\/bolsadellas.com.br\/index.php?rest_route=%2Fwp%2Fv2%2Fmedia&parent=31881"}],"wp:term":[{"taxonomy":"product_brand","embeddable":true,"href":"https:\/\/bolsadellas.com.br\/index.php?rest_route=%2Fwp%2Fv2%2Fproduct_brand&post=31881"},{"taxonomy":"product_cat","embeddable":true,"href":"https:\/\/bolsadellas.com.br\/index.php?rest_route=%2Fwp%2Fv2%2Fproduct_cat&post=31881"},{"taxonomy":"product_tag","embeddable":true,"href":"https:\/\/bolsadellas.com.br\/index.php?rest_route=%2Fwp%2Fv2%2Fproduct_tag&post=31881"}],"curies":[{"name":"wp","href":"https:\/\/api.w.org\/{rel}","templated":true}]}}