{"id":31795,"date":"2026-05-02T14:48:36","date_gmt":"2026-05-02T17:48:36","guid":{"rendered":"https:\/\/bolsadellas.com.br\/?post_type=product&#038;p=31795"},"modified":"2026-05-05T18:59:53","modified_gmt":"2026-05-05T21:59:53","slug":"alca-curta-coach-short-chunky-curb-dourada","status":"publish","type":"product","link":"https:\/\/bolsadellas.com.br\/?product=alca-curta-coach-short-chunky-curb-dourada","title":{"rendered":"Al\u00e7a curta Coach Short Chunky Curb dourada"},"content":{"rendered":"<div id=\"details\" class=\"ecn-tab-content active\">\n<h2><span style=\"font-size: 16px;\">&#8211; Metal<\/span><\/h2>\n<div class=\"wrap\">\n<p>&#8211; 48cm (Comprimento)<\/p>\n<\/div>\n<\/div>\n<div id=\"description\" class=\"ecn-tab-content\">\n<h2>Descri\u00e7\u00e3o<\/h2>\n<div class=\"wrap\">\n<div class=\"productDescription\">Atualize instantaneamente sua bolsa com nossa curta al\u00e7a de corrente brilhante. O modelo intercambi\u00e1vel apresenta dois clipes dogleash que permitem que voc\u00ea a prenda aos nossos estilos mais populares.<\/div>\n<\/div>\n<\/div>\n","protected":false},"excerpt":{"rendered":"<p>&#8211; Metal &#8211; 48cm (Comprimento) Descri\u00e7\u00e3o Atualize instantaneamente sua bolsa com nossa curta al\u00e7a de corrente brilhante. O modelo intercambi\u00e1vel apresenta dois clipes dogleash que permitem que voc\u00ea a prenda aos nossos estilos mais populares.<\/p>\n","protected":false},"featured_media":31796,"template":"","meta":[],"product_brand":[],"product_cat":[358,106,349,366],"product_tag":[],"class_list":{"0":"post-31795","1":"product","2":"type-product","3":"status-publish","4":"has-post-thumbnail","6":"product_cat-alcas","7":"product_cat-bolsas","8":"product_cat-coach","9":"product_cat-todos-os-produtos","10":"latest_post","12":"first","13":"instock","14":"taxable","15":"shipping-taxable","16":"purchasable","17":"product-type-simple"},"_links":{"self":[{"href":"https:\/\/bolsadellas.com.br\/index.php?rest_route=\/wp\/v2\/product\/31795","targetHints":{"allow":["GET"]}}],"collection":[{"href":"https:\/\/bolsadellas.com.br\/index.php?rest_route=\/wp\/v2\/product"}],"about":[{"href":"https:\/\/bolsadellas.com.br\/index.php?rest_route=\/wp\/v2\/types\/product"}],"wp:featuredmedia":[{"embeddable":true,"href":"https:\/\/bolsadellas.com.br\/index.php?rest_route=\/wp\/v2\/media\/31796"}],"wp:attachment":[{"href":"https:\/\/bolsadellas.com.br\/index.php?rest_route=%2Fwp%2Fv2%2Fmedia&parent=31795"}],"wp:term":[{"taxonomy":"product_brand","embeddable":true,"href":"https:\/\/bolsadellas.com.br\/index.php?rest_route=%2Fwp%2Fv2%2Fproduct_brand&post=31795"},{"taxonomy":"product_cat","embeddable":true,"href":"https:\/\/bolsadellas.com.br\/index.php?rest_route=%2Fwp%2Fv2%2Fproduct_cat&post=31795"},{"taxonomy":"product_tag","embeddable":true,"href":"https:\/\/bolsadellas.com.br\/index.php?rest_route=%2Fwp%2Fv2%2Fproduct_tag&post=31795"}],"curies":[{"name":"wp","href":"https:\/\/api.w.org\/{rel}","templated":true}]}}