{"id":31793,"date":"2026-01-25T14:46:56","date_gmt":"2026-01-25T17:46:56","guid":{"rendered":"https:\/\/bolsadellas.com.br\/?post_type=product&#038;p=31793"},"modified":"2026-02-27T14:02:13","modified_gmt":"2026-02-27T17:02:13","slug":"alca-curta-coach-short-chunky-curb-prata","status":"publish","type":"product","link":"https:\/\/bolsadellas.com.br\/?product=alca-curta-coach-short-chunky-curb-prata","title":{"rendered":"Al\u00e7a curta Coach Short Chunky Curb Prata"},"content":{"rendered":"<div id=\"details\" class=\"ecn-tab-content active\">\n<h2>Detalhes do Produto<\/h2>\n<div class=\"wrap\">\n<p>&#8211; Metal<\/p>\n<p>&#8211; 48cm (Comprimento)<\/p>\n<\/div>\n<\/div>\n<div id=\"description\" class=\"ecn-tab-content\">\n<h2>Descri\u00e7\u00e3o<\/h2>\n<div class=\"wrap\">\n<div class=\"productDescription\">Atualize instantaneamente sua bolsa com nossa curta al\u00e7a de corrente brilhante. O modelo intercambi\u00e1vel apresenta dois clipes dogleash que permitem que voc\u00ea a prenda aos nossos estilos mais populares.<\/div>\n<\/div>\n<\/div>\n","protected":false},"excerpt":{"rendered":"<p>Detalhes do Produto &#8211; Metal &#8211; 48cm (Comprimento) Descri\u00e7\u00e3o Atualize instantaneamente sua bolsa com nossa curta al\u00e7a de corrente brilhante. O modelo intercambi\u00e1vel apresenta dois clipes dogleash que permitem que voc\u00ea a prenda aos nossos estilos mais populares.<\/p>\n","protected":false},"featured_media":31794,"template":"","meta":[],"product_brand":[],"product_cat":[358,106,349,366],"product_tag":[],"class_list":{"0":"post-31793","1":"product","2":"type-product","3":"status-publish","4":"has-post-thumbnail","6":"product_cat-alcas","7":"product_cat-bolsas","8":"product_cat-coach","9":"product_cat-todos-os-produtos","10":"latest_post","12":"first","13":"outofstock","14":"taxable","15":"shipping-taxable","16":"purchasable","17":"product-type-simple"},"_links":{"self":[{"href":"https:\/\/bolsadellas.com.br\/index.php?rest_route=\/wp\/v2\/product\/31793","targetHints":{"allow":["GET"]}}],"collection":[{"href":"https:\/\/bolsadellas.com.br\/index.php?rest_route=\/wp\/v2\/product"}],"about":[{"href":"https:\/\/bolsadellas.com.br\/index.php?rest_route=\/wp\/v2\/types\/product"}],"wp:featuredmedia":[{"embeddable":true,"href":"https:\/\/bolsadellas.com.br\/index.php?rest_route=\/wp\/v2\/media\/31794"}],"wp:attachment":[{"href":"https:\/\/bolsadellas.com.br\/index.php?rest_route=%2Fwp%2Fv2%2Fmedia&parent=31793"}],"wp:term":[{"taxonomy":"product_brand","embeddable":true,"href":"https:\/\/bolsadellas.com.br\/index.php?rest_route=%2Fwp%2Fv2%2Fproduct_brand&post=31793"},{"taxonomy":"product_cat","embeddable":true,"href":"https:\/\/bolsadellas.com.br\/index.php?rest_route=%2Fwp%2Fv2%2Fproduct_cat&post=31793"},{"taxonomy":"product_tag","embeddable":true,"href":"https:\/\/bolsadellas.com.br\/index.php?rest_route=%2Fwp%2Fv2%2Fproduct_tag&post=31793"}],"curies":[{"name":"wp","href":"https:\/\/api.w.org\/{rel}","templated":true}]}}