{"id":31692,"date":"2026-03-02T10:15:48","date_gmt":"2026-03-02T13:15:48","guid":{"rendered":"https:\/\/bolsadellas.com.br\/?post_type=product&#038;p=31692"},"modified":"2026-04-06T09:07:05","modified_gmt":"2026-04-06T12:07:05","slug":"bolsa-coach-swing-zip-20","status":"publish","type":"product","link":"https:\/\/bolsadellas.com.br\/?product=bolsa-coach-swing-zip-20","title":{"rendered":"Bolsa Coach Swing Zip 20 preta"},"content":{"rendered":"<div id=\"details\" class=\"ecn-tab-content active\">\n<div class=\"wrap\">\n<p>&#8211; Couro Glovetanned<\/p>\n<p>&#8211; Forro de couro, fechamento por z\u00edper<\/p>\n<p>&#8211; Bolso interno com z\u00edper<\/p>\n<p>&#8211; Quatro p\u00e9s protetores na base<\/p>\n<p>&#8211; Al\u00e7as ajust\u00e1veis ??com abertura de 24cm<\/p>\n<p>&#8211; 20cm (Largura) x 11cm (Altura) x 8cm (Profundidade)<\/p>\n<\/div>\n<\/div>\n<div id=\"description\" class=\"ecn-tab-content\">\n<h2>Descri\u00e7\u00e3o<\/h2>\n<div class=\"wrap\">\n<div class=\"productDescription\">Uma vers\u00e3o um pouco menor da original, nossa compacta Swing Zip Bag 20 \u00e9 inspirada em um modelo da Coach de 1998, reinventado para os dias de hoje. A silhueta minimalista \u00e9 confeccionada em nosso couro Glovetanned, macio e amanteigado, e conta com um bolso interno com z\u00edper, al\u00e7as longas ajust\u00e1veis ??para facilitar o uso e prote\u00e7\u00e3o para os p\u00e9s na base. Alguns modelos s\u00e3o bons demais para serem deixados nos arquivos.<\/div>\n<\/div>\n<\/div>\n","protected":false},"excerpt":{"rendered":"<p>&#8211; Couro Glovetanned &#8211; Forro de couro, fechamento por z\u00edper &#8211; Bolso interno com z\u00edper &#8211; Quatro p\u00e9s protetores na base &#8211; Al\u00e7as ajust\u00e1veis ??com abertura de 24cm &#8211; 20cm (Largura) x 11cm (Altura) x 8cm (Profundidade) Descri\u00e7\u00e3o Uma vers\u00e3o um pouco menor da original, nossa compacta Swing Zip Bag 20 \u00e9 inspirada em um &hellip; <\/p>\n","protected":false},"featured_media":31693,"template":"","meta":[],"product_brand":[],"product_cat":[106,349,366],"product_tag":[],"class_list":{"0":"post-31692","1":"product","2":"type-product","3":"status-publish","4":"has-post-thumbnail","6":"product_cat-bolsas","7":"product_cat-coach","8":"product_cat-todos-os-produtos","9":"latest_post","11":"first","12":"instock","13":"taxable","14":"shipping-taxable","15":"purchasable","16":"product-type-simple"},"_links":{"self":[{"href":"https:\/\/bolsadellas.com.br\/index.php?rest_route=\/wp\/v2\/product\/31692","targetHints":{"allow":["GET"]}}],"collection":[{"href":"https:\/\/bolsadellas.com.br\/index.php?rest_route=\/wp\/v2\/product"}],"about":[{"href":"https:\/\/bolsadellas.com.br\/index.php?rest_route=\/wp\/v2\/types\/product"}],"wp:featuredmedia":[{"embeddable":true,"href":"https:\/\/bolsadellas.com.br\/index.php?rest_route=\/wp\/v2\/media\/31693"}],"wp:attachment":[{"href":"https:\/\/bolsadellas.com.br\/index.php?rest_route=%2Fwp%2Fv2%2Fmedia&parent=31692"}],"wp:term":[{"taxonomy":"product_brand","embeddable":true,"href":"https:\/\/bolsadellas.com.br\/index.php?rest_route=%2Fwp%2Fv2%2Fproduct_brand&post=31692"},{"taxonomy":"product_cat","embeddable":true,"href":"https:\/\/bolsadellas.com.br\/index.php?rest_route=%2Fwp%2Fv2%2Fproduct_cat&post=31692"},{"taxonomy":"product_tag","embeddable":true,"href":"https:\/\/bolsadellas.com.br\/index.php?rest_route=%2Fwp%2Fv2%2Fproduct_tag&post=31692"}],"curies":[{"name":"wp","href":"https:\/\/api.w.org\/{rel}","templated":true}]}}