{"id":31683,"date":"2026-01-06T10:25:36","date_gmt":"2026-01-06T13:25:36","guid":{"rendered":"https:\/\/bolsadellas.com.br\/?post_type=product&#038;p=31683"},"modified":"2026-03-09T17:15:30","modified_gmt":"2026-03-09T20:15:30","slug":"bolsa-coach-soft-empire-carryall-40","status":"publish","type":"product","link":"https:\/\/bolsadellas.com.br\/?product=bolsa-coach-soft-empire-carryall-40","title":{"rendered":"Bolsa Coach Soft Empire Carryall 40"},"content":{"rendered":"<div id=\"details\" class=\"ecn-tab-content active\">\n<div class=\"wrap\">\n<p>&#8211; Couro de gr\u00e3o natural<\/p>\n<p>&#8211; Bolso interno com fecho de press\u00e3o, forro em tecido<\/p>\n<p>&#8211; Fecho por z\u00edper<\/p>\n<p>&#8211; Cabe em um notebook de 13&#8243;&#8221;<\/p>\n<p>&#8211; Quatro p\u00e9s protetores na base<\/p>\n<p>&#8211; Al\u00e7as com abertura de 11 cm<\/p>\n<p>&#8211; Al\u00e7a remov\u00edvel com abertura de 55 cm para uso no ombro ou na transversal<\/p>\n<\/div>\n<\/div>\n<div id=\"description\" class=\"ecn-tab-content\">\n<h2>Descri\u00e7\u00e3o<\/h2>\n<div class=\"wrap\">\n<div class=\"productDescription\">Uma silhueta com inspira\u00e7\u00e3o vintage, nossa Empire Carryall foi projetada com o estado de esp\u00edrito e a atitude de Nova York. Feita de couro natural com bela textura e toque macio, o modelo de generoso tamanho 40 \u00e9 \u00f3timo para o dia a dia, apresentando um compartimento aberto espa\u00e7oso com no qual comporta um laptop de 13\u201d e um bolso interno para guardar itens essenciais. \u00c9 finalizado com fecho por z\u00edper e possui fivelas internas para expandir as laterais quando precisar de um pouco mais de espa\u00e7o, carregue pelas al\u00e7as superiores ou mantenha as m\u00e3os livres com a al\u00e7a transversal remov\u00edvel.<\/div>\n<\/div>\n<\/div>\n","protected":false},"excerpt":{"rendered":"<p>&#8211; Couro de gr\u00e3o natural &#8211; Bolso interno com fecho de press\u00e3o, forro em tecido &#8211; Fecho por z\u00edper &#8211; Cabe em um notebook de 13&#8243;&#8221; &#8211; Quatro p\u00e9s protetores na base &#8211; Al\u00e7as com abertura de 11 cm &#8211; Al\u00e7a remov\u00edvel com abertura de 55 cm para uso no ombro ou na transversal Descri\u00e7\u00e3o &hellip; <\/p>\n","protected":false},"featured_media":31684,"template":"","meta":[],"product_brand":[],"product_cat":[106,349,366],"product_tag":[],"class_list":{"0":"post-31683","1":"product","2":"type-product","3":"status-publish","4":"has-post-thumbnail","6":"product_cat-bolsas","7":"product_cat-coach","8":"product_cat-todos-os-produtos","9":"latest_post","11":"first","12":"outofstock","13":"taxable","14":"shipping-taxable","15":"purchasable","16":"product-type-simple"},"_links":{"self":[{"href":"https:\/\/bolsadellas.com.br\/index.php?rest_route=\/wp\/v2\/product\/31683","targetHints":{"allow":["GET"]}}],"collection":[{"href":"https:\/\/bolsadellas.com.br\/index.php?rest_route=\/wp\/v2\/product"}],"about":[{"href":"https:\/\/bolsadellas.com.br\/index.php?rest_route=\/wp\/v2\/types\/product"}],"wp:featuredmedia":[{"embeddable":true,"href":"https:\/\/bolsadellas.com.br\/index.php?rest_route=\/wp\/v2\/media\/31684"}],"wp:attachment":[{"href":"https:\/\/bolsadellas.com.br\/index.php?rest_route=%2Fwp%2Fv2%2Fmedia&parent=31683"}],"wp:term":[{"taxonomy":"product_brand","embeddable":true,"href":"https:\/\/bolsadellas.com.br\/index.php?rest_route=%2Fwp%2Fv2%2Fproduct_brand&post=31683"},{"taxonomy":"product_cat","embeddable":true,"href":"https:\/\/bolsadellas.com.br\/index.php?rest_route=%2Fwp%2Fv2%2Fproduct_cat&post=31683"},{"taxonomy":"product_tag","embeddable":true,"href":"https:\/\/bolsadellas.com.br\/index.php?rest_route=%2Fwp%2Fv2%2Fproduct_tag&post=31683"}],"curies":[{"name":"wp","href":"https:\/\/api.w.org\/{rel}","templated":true}]}}