{"id":31127,"date":"2026-04-22T17:51:43","date_gmt":"2026-04-22T20:51:43","guid":{"rendered":"https:\/\/bolsadellas.com.br\/?post_type=product&#038;p=31127"},"modified":"2026-04-22T19:48:21","modified_gmt":"2026-04-22T22:48:21","slug":"bolsa-de-mao-coach-small-wristlet-marrom","status":"publish","type":"product","link":"https:\/\/bolsadellas.com.br\/?product=bolsa-de-mao-coach-small-wristlet-marrom","title":{"rendered":"Bolsa De M\u00e3o Coach Small Wristlet Dark stone"},"content":{"rendered":"<div id=\"details\" class=\"ecn-tab-content active\">\n<div class=\"wrap\">\n<p style=\"text-align: center;\">\u00a0Couro Pebble polido<\/p>\n<p>&#8211; Dois compartimentos para cart\u00e3o<\/p>\n<p>&#8211; Fecho por z\u00edper, forro em tecido<\/p>\n<p>&#8211; Al\u00e7a de punho remov\u00edvel<\/p>\n<p>&#8211; Cabe em um iPhone ou Android<\/p>\n<p>&#8211; 19 cm (Largura) x 12 cm (Altura) x 1,5 cm (Profundidade)<\/p>\n<\/div>\n<\/div>\n<div id=\"description\" class=\"ecn-tab-content\">\n<h2>Descri\u00e7\u00e3o<\/h2>\n<div class=\"wrap\">\n<div class=\"productDescription\">Confeccionada em couro Pebble polido detalhado com nosso hardware Signature, esta wristlet tem o tamanho perfeito para cart\u00f5es, dinheiro e telefone. Use-a no pulso ou prenda-a dentro de uma bolsa Coach maior.<\/div>\n<\/div>\n<\/div>\n","protected":false},"excerpt":{"rendered":"<p>\u00a0Couro Pebble polido &#8211; Dois compartimentos para cart\u00e3o &#8211; Fecho por z\u00edper, forro em tecido &#8211; Al\u00e7a de punho remov\u00edvel &#8211; Cabe em um iPhone ou Android &#8211; 19 cm (Largura) x 12 cm (Altura) x 1,5 cm (Profundidade) Descri\u00e7\u00e3o Confeccionada em couro Pebble polido detalhado com nosso hardware Signature, esta wristlet tem o tamanho &hellip; <\/p>\n","protected":false},"featured_media":31128,"template":"","meta":[],"product_brand":[],"product_cat":[106,109,349,366],"product_tag":[],"class_list":{"0":"post-31127","1":"product","2":"type-product","3":"status-publish","4":"has-post-thumbnail","6":"product_cat-bolsas","7":"product_cat-carteiras","8":"product_cat-coach","9":"product_cat-todos-os-produtos","10":"latest_post","12":"first","13":"instock","14":"taxable","15":"shipping-taxable","16":"purchasable","17":"product-type-simple"},"_links":{"self":[{"href":"https:\/\/bolsadellas.com.br\/index.php?rest_route=\/wp\/v2\/product\/31127","targetHints":{"allow":["GET"]}}],"collection":[{"href":"https:\/\/bolsadellas.com.br\/index.php?rest_route=\/wp\/v2\/product"}],"about":[{"href":"https:\/\/bolsadellas.com.br\/index.php?rest_route=\/wp\/v2\/types\/product"}],"wp:featuredmedia":[{"embeddable":true,"href":"https:\/\/bolsadellas.com.br\/index.php?rest_route=\/wp\/v2\/media\/31128"}],"wp:attachment":[{"href":"https:\/\/bolsadellas.com.br\/index.php?rest_route=%2Fwp%2Fv2%2Fmedia&parent=31127"}],"wp:term":[{"taxonomy":"product_brand","embeddable":true,"href":"https:\/\/bolsadellas.com.br\/index.php?rest_route=%2Fwp%2Fv2%2Fproduct_brand&post=31127"},{"taxonomy":"product_cat","embeddable":true,"href":"https:\/\/bolsadellas.com.br\/index.php?rest_route=%2Fwp%2Fv2%2Fproduct_cat&post=31127"},{"taxonomy":"product_tag","embeddable":true,"href":"https:\/\/bolsadellas.com.br\/index.php?rest_route=%2Fwp%2Fv2%2Fproduct_tag&post=31127"}],"curies":[{"name":"wp","href":"https:\/\/api.w.org\/{rel}","templated":true}]}}