{"id":30996,"date":"2026-02-03T18:48:16","date_gmt":"2026-02-03T21:48:16","guid":{"rendered":"https:\/\/bolsadellas.com.br\/?post_type=product&#038;p=30996"},"modified":"2026-04-08T14:50:32","modified_gmt":"2026-04-08T17:50:32","slug":"bolsa-chain-tabby-shoulder-coach-off","status":"publish","type":"product","link":"https:\/\/bolsadellas.com.br\/?product=bolsa-chain-tabby-shoulder-coach-off","title":{"rendered":"Bolsa Chain Tabby Shoulder Coach off"},"content":{"rendered":"<div id=\"details\" class=\"ecn-tab-content active\">\n<div class=\"wrap\">\n<p>&#8211; Couro macio<\/p>\n<p>&#8211; Fecho de press\u00e3o, forro de tecido<\/p>\n<p>&#8211; Bolso externo com z\u00edper<\/p>\n<p>&#8211; Bolso interno multifuncional e com fecho de press\u00e3o<\/p>\n<p>&#8211; Al\u00e7a de corrente remov\u00edvel com abertura de 19cm<\/p>\n<p>&#8211; Al\u00e7a curta remov\u00edvel com abertura de 19cm<\/p>\n<p>&#8211; Al\u00e7a longa remov\u00edvel com abertura de 21,50&#8243; 54cm para uso no ombro ou transversal<\/p>\n<p>&#8211; 26cm (Largura) x 16cm (Altura) x 8cm (Profundidade)<\/p>\n<\/div>\n<\/div>\n<div id=\"description\" class=\"ecn-tab-content\">\n<h2>Descri\u00e7\u00e3o<\/h2>\n<div class=\"wrap\">\n<div class=\"productDescription\">Uma vers\u00e3o moderna de um design Coach dos anos 1970, nossa bolsa de ombro estruturada Chain Tabby \u00e9 feita de couro macio e drapeado com um brilho sutil. Finalizada com nosso hardware Signature para um toque ic\u00f4nico, o modelo compacto tem espa\u00e7o para todos os itens essenciais, bolsos organizacionais multifuncionais internos e um bolso externo com z\u00edper conveniente para itens de f\u00e1cil acesso. \u00c9 finalizado com tr\u00eas al\u00e7as remov\u00edveis para carregar na m\u00e3o, usar confortavelmente no ombro com a elegante al\u00e7a de elos de corrente costurada e al\u00e7a curta de couro ou deixar as m\u00e3os livres com a longa al\u00e7a transversal de couro.<\/div>\n<\/div>\n<\/div>\n","protected":false},"excerpt":{"rendered":"<p>&#8211; Couro macio &#8211; Fecho de press\u00e3o, forro de tecido &#8211; Bolso externo com z\u00edper &#8211; Bolso interno multifuncional e com fecho de press\u00e3o &#8211; Al\u00e7a de corrente remov\u00edvel com abertura de 19cm &#8211; Al\u00e7a curta remov\u00edvel com abertura de 19cm &#8211; Al\u00e7a longa remov\u00edvel com abertura de 21,50&#8243; 54cm para uso no ombro ou &hellip; <\/p>\n","protected":false},"featured_media":30997,"template":"","meta":[],"product_brand":[],"product_cat":[106,349,366],"product_tag":[],"class_list":{"0":"post-30996","1":"product","2":"type-product","3":"status-publish","4":"has-post-thumbnail","6":"product_cat-bolsas","7":"product_cat-coach","8":"product_cat-todos-os-produtos","9":"latest_post","11":"first","12":"outofstock","13":"taxable","14":"shipping-taxable","15":"purchasable","16":"product-type-simple"},"_links":{"self":[{"href":"https:\/\/bolsadellas.com.br\/index.php?rest_route=\/wp\/v2\/product\/30996","targetHints":{"allow":["GET"]}}],"collection":[{"href":"https:\/\/bolsadellas.com.br\/index.php?rest_route=\/wp\/v2\/product"}],"about":[{"href":"https:\/\/bolsadellas.com.br\/index.php?rest_route=\/wp\/v2\/types\/product"}],"wp:featuredmedia":[{"embeddable":true,"href":"https:\/\/bolsadellas.com.br\/index.php?rest_route=\/wp\/v2\/media\/30997"}],"wp:attachment":[{"href":"https:\/\/bolsadellas.com.br\/index.php?rest_route=%2Fwp%2Fv2%2Fmedia&parent=30996"}],"wp:term":[{"taxonomy":"product_brand","embeddable":true,"href":"https:\/\/bolsadellas.com.br\/index.php?rest_route=%2Fwp%2Fv2%2Fproduct_brand&post=30996"},{"taxonomy":"product_cat","embeddable":true,"href":"https:\/\/bolsadellas.com.br\/index.php?rest_route=%2Fwp%2Fv2%2Fproduct_cat&post=30996"},{"taxonomy":"product_tag","embeddable":true,"href":"https:\/\/bolsadellas.com.br\/index.php?rest_route=%2Fwp%2Fv2%2Fproduct_tag&post=30996"}],"curies":[{"name":"wp","href":"https:\/\/api.w.org\/{rel}","templated":true}]}}