{"id":30977,"date":"2026-02-01T08:43:59","date_gmt":"2026-02-01T11:43:59","guid":{"rendered":"https:\/\/bolsadellas.com.br\/?post_type=product&#038;p=30977"},"modified":"2026-03-30T11:29:42","modified_gmt":"2026-03-30T14:29:42","slug":"bolsa-coach-juliet-shoulder-preta","status":"publish","type":"product","link":"https:\/\/bolsadellas.com.br\/?product=bolsa-coach-juliet-shoulder-preta","title":{"rendered":"Bolsa Coach Juliet Shoulder preta"},"content":{"rendered":"<div id=\"details\" class=\"ecn-tab-content active\">\n<div class=\"wrap\">\n<p>&#8211; Couro Glazed<\/p>\n<p>&#8211; Forro de tecido<\/p>\n<p>&#8211; Bolso interno com fecho de press\u00e3o<\/p>\n<p>&#8211; Fecho por z\u00edper<\/p>\n<p>&#8211; Al\u00e7a remov\u00edvel com abertura de 28 cm<\/p>\n<p>&#8211; Al\u00e7a transversal remov\u00edvel com abertura de 54,5 cm<\/p>\n<p>&#8211; 30 cm (Largura) x 22 cm (Altura) x 11,5 cm (Profundidade).<\/p>\n<\/div>\n<\/div>\n<div id=\"description\" class=\"ecn-tab-content\">\n<h2>Descri\u00e7\u00e3o<\/h2>\n<div class=\"wrap\">\n<div class=\"productDescription\">Atemporal e com um toque diferente, nossa Juliet tem um estilo sofisticado em um formato descontra\u00eddo. Detalhada com nosso hardware Signature, o modelo de compartimento \u00fanico \u00e9 confeccionado em macio couro Glovetanned. Apresentando um bolso interno para organizar itens essenciais, \u00e9 finalizado com uma al\u00e7a de ombro remov\u00edvel e uma al\u00e7a transversal remov\u00edvel para maior versatilidade. \u00c9 elegante, espa\u00e7osa, moderna e funcional (basicamente, tudo o que voc\u00ea deseja em uma bolsa).<\/div>\n<\/div>\n<\/div>\n","protected":false},"excerpt":{"rendered":"<p>&#8211; Couro Glazed &#8211; Forro de tecido &#8211; Bolso interno com fecho de press\u00e3o &#8211; Fecho por z\u00edper &#8211; Al\u00e7a remov\u00edvel com abertura de 28 cm &#8211; Al\u00e7a transversal remov\u00edvel com abertura de 54,5 cm &#8211; 30 cm (Largura) x 22 cm (Altura) x 11,5 cm (Profundidade). Descri\u00e7\u00e3o Atemporal e com um toque diferente, nossa &hellip; <\/p>\n","protected":false},"featured_media":33112,"template":"","meta":[],"product_brand":[],"product_cat":[106,349,366],"product_tag":[],"class_list":{"0":"post-30977","1":"product","2":"type-product","3":"status-publish","4":"has-post-thumbnail","6":"product_cat-bolsas","7":"product_cat-coach","8":"product_cat-todos-os-produtos","9":"latest_post","11":"first","12":"outofstock","13":"taxable","14":"shipping-taxable","15":"purchasable","16":"product-type-simple"},"_links":{"self":[{"href":"https:\/\/bolsadellas.com.br\/index.php?rest_route=\/wp\/v2\/product\/30977","targetHints":{"allow":["GET"]}}],"collection":[{"href":"https:\/\/bolsadellas.com.br\/index.php?rest_route=\/wp\/v2\/product"}],"about":[{"href":"https:\/\/bolsadellas.com.br\/index.php?rest_route=\/wp\/v2\/types\/product"}],"wp:featuredmedia":[{"embeddable":true,"href":"https:\/\/bolsadellas.com.br\/index.php?rest_route=\/wp\/v2\/media\/33112"}],"wp:attachment":[{"href":"https:\/\/bolsadellas.com.br\/index.php?rest_route=%2Fwp%2Fv2%2Fmedia&parent=30977"}],"wp:term":[{"taxonomy":"product_brand","embeddable":true,"href":"https:\/\/bolsadellas.com.br\/index.php?rest_route=%2Fwp%2Fv2%2Fproduct_brand&post=30977"},{"taxonomy":"product_cat","embeddable":true,"href":"https:\/\/bolsadellas.com.br\/index.php?rest_route=%2Fwp%2Fv2%2Fproduct_cat&post=30977"},{"taxonomy":"product_tag","embeddable":true,"href":"https:\/\/bolsadellas.com.br\/index.php?rest_route=%2Fwp%2Fv2%2Fproduct_tag&post=30977"}],"curies":[{"name":"wp","href":"https:\/\/api.w.org\/{rel}","templated":true}]}}