{"id":30906,"date":"2026-04-12T13:22:07","date_gmt":"2026-04-12T16:22:07","guid":{"rendered":"https:\/\/bolsadellas.com.br\/?post_type=product&#038;p=30906"},"modified":"2026-04-16T11:22:02","modified_gmt":"2026-04-16T14:22:02","slug":"bolsa-victor-hugo-lock-baby-messenger","status":"publish","type":"product","link":"https:\/\/bolsadellas.com.br\/?product=bolsa-victor-hugo-lock-baby-messenger","title":{"rendered":"Bolsa Victor Hugo Lock Baby Messenger"},"content":{"rendered":"<div class=\"col-span-2\">\n<div class=\"flex h-full bg-primary-100 cursor-pointer group box-border\">\n<div class=\"flex max-h-full w-full\">\n<div class=\"text-sm mb-10\">\n<div class=\"text-sm\">A Bolsa Baby Lock Messenger Elos VH, apresentada agora na vers\u00e3o menor (Baby), com aba arredondada com curvas delicadas \u00e9 pontuada pelo fecho Medallion VH dourado. As al\u00e7as de corrente dourada, permitem o uso com duas al\u00e7as, ou deslizando uma das al\u00e7as e usando na vers\u00e3o mais longa. Na vers\u00e3o em canvas, s\u00edmbolo cl\u00e1ssico da VICTOR HUGO, o ic\u00f4nico monograma traduz a tradi\u00e7\u00e3o e eleg\u00e2ncia da marca. O detalhe de pesponto em Couro \u00e9 totalmente manual, real\u00e7ando a qualidade e extenso trabalho artesanal, s\u00edmbolo do DNA da marca.<\/div>\n<\/div>\n<h2 class=\"text-sm mb-4 font-normal border-b w-min border-primary-800 pb-1\">Detalhes<\/h2>\n<div class=\"text-sm\">\n<div class=\"flex w-full flex-wrap\">\n<div class=\"mr-1 mb-2\"><strong>Tipo de Produto:<\/strong><\/div>\n<div class=\"\">Bolsa<\/div>\n<\/div>\n<div class=\"flex w-full flex-wrap\">\n<div class=\"mr-1 mb-2\"><strong>Estilo da Bolsa:<\/strong><\/div>\n<div class=\"\">Bolsa com Al\u00e7a de Corrente, Bolsa de Ombro, Crossbody<\/div>\n<\/div>\n<div class=\"flex w-full flex-wrap\">\n<div class=\"mr-1 mb-2\"><strong>Tipo de Al\u00e7a:<\/strong><\/div>\n<div class=\"\">Al\u00e7a de M\u00e3o, Al\u00e7a Longa, Al\u00e7a de Ombro<\/div>\n<\/div>\n<div class=\"flex w-full flex-wrap\">\n<div class=\"mr-1 mb-2\"><strong>Tamanho da Bolsa:<\/strong><\/div>\n<div class=\"\">Small<\/div>\n<\/div>\n<div class=\"flex w-full flex-wrap\">\n<div class=\"mr-1 mb-2\"><strong>Cuidados Especiais:<\/strong><\/div>\n<div class=\"\">N\u00e3o<\/div>\n<\/div>\n<div class=\"flex w-full flex-wrap\">\n<div class=\"mr-1 mb-2\"><strong>Modelo da Bolsa:<\/strong><\/div>\n<div class=\"\">Bolsa Messenger<\/div>\n<\/div>\n<div class=\"flex w-full flex-wrap\">\n<div class=\"mr-1 mb-2\"><strong>Luz da Al\u00e7a Longa:<\/strong><\/div>\n<div class=\"\">58 cm (Medida da parte de cima da bolsa at\u00e9 o ponto mais alto da al\u00e7a)<\/div>\n<\/div>\n<div class=\"flex w-full flex-wrap\">\n<div class=\"mr-1 mb-2\"><strong>Dimens\u00f5es do Produto:<\/strong><\/div>\n<div class=\"\">14 cm x 20 cm x 7 cm (Altura x Largura x Comprimento).<\/div>\n<\/div>\n<\/div>\n<\/div>\n<\/div>\n<\/div>\n<div class=\"my-5 mx-auto hidden lg:flex col-span-2 w-full\">\n<div class=\"flex flex-col w-full\">\n<div class=\"flex flex-col transition-height duration-500 ease-in-out relative overflow-hidden h-full max-h-128\">\n<div class=\"text-sm\">\n<div class=\"flex w-full flex-wrap\">\n<div class=\"\"><\/div>\n<\/div>\n<\/div>\n<\/div>\n<\/div>\n<\/div>\n","protected":false},"excerpt":{"rendered":"<p>A Bolsa Baby Lock Messenger Elos VH, apresentada agora na vers\u00e3o menor (Baby), com aba arredondada com curvas delicadas \u00e9 pontuada pelo fecho Medallion VH dourado. As al\u00e7as de corrente dourada, permitem o uso com duas al\u00e7as, ou deslizando uma das al\u00e7as e usando na vers\u00e3o mais longa. Na vers\u00e3o em canvas, s\u00edmbolo cl\u00e1ssico da &hellip; <\/p>\n","protected":false},"featured_media":32119,"template":"","meta":[],"product_brand":[],"product_cat":[106,366,316],"product_tag":[],"class_list":{"0":"post-30906","1":"product","2":"type-product","3":"status-publish","4":"has-post-thumbnail","6":"product_cat-bolsas","7":"product_cat-todos-os-produtos","8":"product_cat-v-hugo","9":"latest_post","11":"first","12":"instock","13":"taxable","14":"shipping-taxable","15":"purchasable","16":"product-type-simple"},"_links":{"self":[{"href":"https:\/\/bolsadellas.com.br\/index.php?rest_route=\/wp\/v2\/product\/30906","targetHints":{"allow":["GET"]}}],"collection":[{"href":"https:\/\/bolsadellas.com.br\/index.php?rest_route=\/wp\/v2\/product"}],"about":[{"href":"https:\/\/bolsadellas.com.br\/index.php?rest_route=\/wp\/v2\/types\/product"}],"wp:featuredmedia":[{"embeddable":true,"href":"https:\/\/bolsadellas.com.br\/index.php?rest_route=\/wp\/v2\/media\/32119"}],"wp:attachment":[{"href":"https:\/\/bolsadellas.com.br\/index.php?rest_route=%2Fwp%2Fv2%2Fmedia&parent=30906"}],"wp:term":[{"taxonomy":"product_brand","embeddable":true,"href":"https:\/\/bolsadellas.com.br\/index.php?rest_route=%2Fwp%2Fv2%2Fproduct_brand&post=30906"},{"taxonomy":"product_cat","embeddable":true,"href":"https:\/\/bolsadellas.com.br\/index.php?rest_route=%2Fwp%2Fv2%2Fproduct_cat&post=30906"},{"taxonomy":"product_tag","embeddable":true,"href":"https:\/\/bolsadellas.com.br\/index.php?rest_route=%2Fwp%2Fv2%2Fproduct_tag&post=30906"}],"curies":[{"name":"wp","href":"https:\/\/api.w.org\/{rel}","templated":true}]}}