{"id":30514,"date":"2026-04-03T13:28:37","date_gmt":"2026-04-03T16:28:37","guid":{"rendered":"https:\/\/bolsadellas.com.br\/?post_type=product&#038;p=30514"},"modified":"2026-04-03T16:32:33","modified_gmt":"2026-04-03T19:32:33","slug":"bolsa-coach-tabby-shoulder-26-marrom-escuro","status":"publish","type":"product","link":"https:\/\/bolsadellas.com.br\/?product=bolsa-coach-tabby-shoulder-26-marrom-escuro","title":{"rendered":"Bolsa Coach Tabby Shoulder 26 &#8211; Marrom Escuro"},"content":{"rendered":"<div id=\"details\" class=\"ecn-tab-content active\">\n<h2>Detalhes do Produto<\/h2>\n<div class=\"wrap\">\n<p>&#8211; Couro Pebble polido<\/p>\n<p>&#8211; Bolsos internos multifuncionais e com z\u00edper<\/p>\n<p>&#8211; Fecho de press\u00e3o, forro de couro<\/p>\n<p>&#8211; Al\u00e7a curta remov\u00edvel com abertura de 18 cm<\/p>\n<p>&#8211; Al\u00e7a longa remov\u00edvel com abertura de 53 cm para usar no ombro ou na transversal<\/p>\n<p>&#8211; 26 cm (Largura) x 15 cm (Altura) x 8 cm (Profundidade)<\/p>\n<\/div>\n<\/div>\n<div id=\"description\" class=\"ecn-tab-content\">\n<h2>Descri\u00e7\u00e3o<\/h2>\n<div class=\"wrap\">\n<div class=\"productDescription\">Uma vis\u00e3o moderna de um design Coach dos anos 70, nossa bolsa de ombro estruturada Tabby \u00e9 feita de couro Pebble polido. Com acabamento de couro em nosso hardware Signature para um toque ic\u00f4nico, a compacta 26 apresenta duas al\u00e7as remov\u00edveis para carregar \u00e0 m\u00e3o, como uma bolsa de ombro ou na transversal.<\/div>\n<\/div>\n<\/div>\n","protected":false},"excerpt":{"rendered":"<p>Detalhes do Produto &#8211; Couro Pebble polido &#8211; Bolsos internos multifuncionais e com z\u00edper &#8211; Fecho de press\u00e3o, forro de couro &#8211; Al\u00e7a curta remov\u00edvel com abertura de 18 cm &#8211; Al\u00e7a longa remov\u00edvel com abertura de 53 cm para usar no ombro ou na transversal &#8211; 26 cm (Largura) x 15 cm (Altura) x &hellip; <\/p>\n","protected":false},"featured_media":30515,"comment_status":"open","ping_status":"closed","template":"","meta":[],"product_brand":[],"product_cat":[106,349,366],"product_tag":[],"class_list":{"0":"post-30514","1":"product","2":"type-product","3":"status-publish","4":"has-post-thumbnail","6":"product_cat-bolsas","7":"product_cat-coach","8":"product_cat-todos-os-produtos","9":"latest_post","11":"first","12":"instock","13":"taxable","14":"shipping-taxable","15":"purchasable","16":"product-type-simple"},"_links":{"self":[{"href":"https:\/\/bolsadellas.com.br\/index.php?rest_route=\/wp\/v2\/product\/30514","targetHints":{"allow":["GET"]}}],"collection":[{"href":"https:\/\/bolsadellas.com.br\/index.php?rest_route=\/wp\/v2\/product"}],"about":[{"href":"https:\/\/bolsadellas.com.br\/index.php?rest_route=\/wp\/v2\/types\/product"}],"replies":[{"embeddable":true,"href":"https:\/\/bolsadellas.com.br\/index.php?rest_route=%2Fwp%2Fv2%2Fcomments&post=30514"}],"wp:featuredmedia":[{"embeddable":true,"href":"https:\/\/bolsadellas.com.br\/index.php?rest_route=\/wp\/v2\/media\/30515"}],"wp:attachment":[{"href":"https:\/\/bolsadellas.com.br\/index.php?rest_route=%2Fwp%2Fv2%2Fmedia&parent=30514"}],"wp:term":[{"taxonomy":"product_brand","embeddable":true,"href":"https:\/\/bolsadellas.com.br\/index.php?rest_route=%2Fwp%2Fv2%2Fproduct_brand&post=30514"},{"taxonomy":"product_cat","embeddable":true,"href":"https:\/\/bolsadellas.com.br\/index.php?rest_route=%2Fwp%2Fv2%2Fproduct_cat&post=30514"},{"taxonomy":"product_tag","embeddable":true,"href":"https:\/\/bolsadellas.com.br\/index.php?rest_route=%2Fwp%2Fv2%2Fproduct_tag&post=30514"}],"curies":[{"name":"wp","href":"https:\/\/api.w.org\/{rel}","templated":true}]}}