{"id":30212,"date":"2026-03-11T10:42:44","date_gmt":"2026-03-11T13:42:44","guid":{"rendered":"https:\/\/bolsadellas.com.br\/?post_type=product&#038;p=30212"},"modified":"2026-03-23T09:44:05","modified_gmt":"2026-03-23T12:44:05","slug":"porta-cartoes-coach-new-york-zip-off","status":"publish","type":"product","link":"https:\/\/bolsadellas.com.br\/?product=porta-cartoes-coach-new-york-zip-off","title":{"rendered":"Porta-Cart\u00f5es Coach New York Zip off"},"content":{"rendered":"<div id=\"details\" class=\"ecn-tab-content active\">\n<div class=\"wrap\">\n<p>&#8211; Couro refinado de bezerro<\/p>\n<p>&#8211; Cinco compartimentos para cart\u00e3o<\/p>\n<p>&#8211; Bolso aberto<\/p>\n<p>&#8211; Compartimento com z\u00edper<\/p>\n<p>&#8211; 13,5 cm (Largura) x 7,5 cm (Altura) x 1,5 cm (Profundidade)<\/p>\n<\/div>\n<\/div>\n<div id=\"description\" class=\"ecn-tab-content\">\n<h2>Descri\u00e7\u00e3o<\/h2>\n<div class=\"wrap\">\n<div class=\"productDescription\">Este compacto porta-cart\u00f5es de couro refinado foi projetado com uma borda arredondada para caber confortavelmente nos bolsos frontais das cal\u00e7as. O estilo fino possui cinco compartimentos para cart\u00f5es, um bolso deslizante e um compartimento com z\u00edper expans\u00edvel para moedas, dinheiro ou recibos.<\/div>\n<\/div>\n<\/div>\n","protected":false},"excerpt":{"rendered":"<p>&#8211; Couro refinado de bezerro &#8211; Cinco compartimentos para cart\u00e3o &#8211; Bolso aberto &#8211; Compartimento com z\u00edper &#8211; 13,5 cm (Largura) x 7,5 cm (Altura) x 1,5 cm (Profundidade) Descri\u00e7\u00e3o Este compacto porta-cart\u00f5es de couro refinado foi projetado com uma borda arredondada para caber confortavelmente nos bolsos frontais das cal\u00e7as. O estilo fino possui cinco &hellip; <\/p>\n","protected":false},"featured_media":30213,"template":"","meta":[],"product_brand":[],"product_cat":[106,109,349,366],"product_tag":[],"class_list":{"0":"post-30212","1":"product","2":"type-product","3":"status-publish","4":"has-post-thumbnail","6":"product_cat-bolsas","7":"product_cat-carteiras","8":"product_cat-coach","9":"product_cat-todos-os-produtos","10":"latest_post","12":"first","13":"instock","14":"taxable","15":"shipping-taxable","16":"purchasable","17":"product-type-simple"},"_links":{"self":[{"href":"https:\/\/bolsadellas.com.br\/index.php?rest_route=\/wp\/v2\/product\/30212","targetHints":{"allow":["GET"]}}],"collection":[{"href":"https:\/\/bolsadellas.com.br\/index.php?rest_route=\/wp\/v2\/product"}],"about":[{"href":"https:\/\/bolsadellas.com.br\/index.php?rest_route=\/wp\/v2\/types\/product"}],"wp:featuredmedia":[{"embeddable":true,"href":"https:\/\/bolsadellas.com.br\/index.php?rest_route=\/wp\/v2\/media\/30213"}],"wp:attachment":[{"href":"https:\/\/bolsadellas.com.br\/index.php?rest_route=%2Fwp%2Fv2%2Fmedia&parent=30212"}],"wp:term":[{"taxonomy":"product_brand","embeddable":true,"href":"https:\/\/bolsadellas.com.br\/index.php?rest_route=%2Fwp%2Fv2%2Fproduct_brand&post=30212"},{"taxonomy":"product_cat","embeddable":true,"href":"https:\/\/bolsadellas.com.br\/index.php?rest_route=%2Fwp%2Fv2%2Fproduct_cat&post=30212"},{"taxonomy":"product_tag","embeddable":true,"href":"https:\/\/bolsadellas.com.br\/index.php?rest_route=%2Fwp%2Fv2%2Fproduct_tag&post=30212"}],"curies":[{"name":"wp","href":"https:\/\/api.w.org\/{rel}","templated":true}]}}