{"id":30128,"date":"2026-01-25T11:28:46","date_gmt":"2026-01-25T14:28:46","guid":{"rendered":"https:\/\/bolsadellas.com.br\/?post_type=product&#038;p=30128"},"modified":"2026-02-16T12:03:55","modified_gmt":"2026-02-16T15:03:55","slug":"bolsa-coach-essential-long-wallet-off","status":"publish","type":"product","link":"https:\/\/bolsadellas.com.br\/?product=bolsa-coach-essential-long-wallet-off","title":{"rendered":"Bolsa Coach Evie Long Wallet off"},"content":{"rendered":"<p>Um testamento de eleg\u00e2ncia atemporal, a carteira longa Essential da Coach \u00e9 feita de couro luxuoso e adornada com seu hardware exclusivo. Esta pe\u00e7a vers\u00e1til apresenta um bolso externo conveniente e um interior espa\u00e7oso com v\u00e1rios compartimentos para cart\u00f5es, um compartimento para notas, um bolso com z\u00edper para moedas e amplo espa\u00e7o at\u00e9 para os maiores smartphones. Leve-a como uma clutch, uma bolsa crossbody ou coloque-a em uma bolsa maior para m\u00e1xima conveni\u00eancia.<\/p>\n<p>\u2022 Couro de bezerro refinado<\/p>\n<p>\u2022 Seis slots para cart\u00e3o de cr\u00e9dito<\/p>\n<p>\u2022 Z\u00edper interno e bolsos abertos<\/p>\n<p>\u2022 Fecho de press\u00e3o<\/p>\n<p>\u2022 Bolso externo deslizante<\/p>\n<p>\u2022 Al\u00e7a de corrente remov\u00edvel<\/p>\n<p>\u2022 Largura 20,5 cm<\/p>\n<p>\u2022 Altura 10cm<\/p>\n<p>\u2022 Profundidade 4cm<\/p>\n","protected":false},"excerpt":{"rendered":"<p>Um testamento de eleg\u00e2ncia atemporal, a carteira longa Essential da Coach \u00e9 feita de couro luxuoso e adornada com seu hardware exclusivo. Esta pe\u00e7a vers\u00e1til apresenta um bolso externo conveniente e um interior espa\u00e7oso com v\u00e1rios compartimentos para cart\u00f5es, um compartimento para notas, um bolso com z\u00edper para moedas e amplo espa\u00e7o at\u00e9 para os &hellip; <\/p>\n","protected":false},"featured_media":30132,"template":"","meta":[],"product_brand":[],"product_cat":[106,349,366],"product_tag":[],"class_list":{"0":"post-30128","1":"product","2":"type-product","3":"status-publish","4":"has-post-thumbnail","6":"product_cat-bolsas","7":"product_cat-coach","8":"product_cat-todos-os-produtos","9":"latest_post","11":"first","12":"outofstock","13":"taxable","14":"shipping-taxable","15":"purchasable","16":"product-type-simple"},"_links":{"self":[{"href":"https:\/\/bolsadellas.com.br\/index.php?rest_route=\/wp\/v2\/product\/30128","targetHints":{"allow":["GET"]}}],"collection":[{"href":"https:\/\/bolsadellas.com.br\/index.php?rest_route=\/wp\/v2\/product"}],"about":[{"href":"https:\/\/bolsadellas.com.br\/index.php?rest_route=\/wp\/v2\/types\/product"}],"wp:featuredmedia":[{"embeddable":true,"href":"https:\/\/bolsadellas.com.br\/index.php?rest_route=\/wp\/v2\/media\/30132"}],"wp:attachment":[{"href":"https:\/\/bolsadellas.com.br\/index.php?rest_route=%2Fwp%2Fv2%2Fmedia&parent=30128"}],"wp:term":[{"taxonomy":"product_brand","embeddable":true,"href":"https:\/\/bolsadellas.com.br\/index.php?rest_route=%2Fwp%2Fv2%2Fproduct_brand&post=30128"},{"taxonomy":"product_cat","embeddable":true,"href":"https:\/\/bolsadellas.com.br\/index.php?rest_route=%2Fwp%2Fv2%2Fproduct_cat&post=30128"},{"taxonomy":"product_tag","embeddable":true,"href":"https:\/\/bolsadellas.com.br\/index.php?rest_route=%2Fwp%2Fv2%2Fproduct_tag&post=30128"}],"curies":[{"name":"wp","href":"https:\/\/api.w.org\/{rel}","templated":true}]}}