{"id":30107,"date":"2026-03-10T10:57:15","date_gmt":"2026-03-10T13:57:15","guid":{"rendered":"https:\/\/bolsadellas.com.br\/?post_type=product&#038;p=30107"},"modified":"2026-03-23T09:41:29","modified_gmt":"2026-03-23T12:41:29","slug":"bolsa-coach-willow-tote","status":"publish","type":"product","link":"https:\/\/bolsadellas.com.br\/?product=bolsa-coach-willow-tote","title":{"rendered":"Bolsa Coach Willow Tote preta"},"content":{"rendered":"<div id=\"details\" class=\"ecn-tab-content active\">\n<div class=\"wrap\">\n<p>\u2013 Couro Pebble polido<\/p>\n<p>\u2013 Compartimento central com z\u00edper<\/p>\n<p>\u2013 Fechos Turnlock e magn\u00e9ticos<\/p>\n<p>\u2013 Al\u00e7as com abertura de 29cm<\/p>\n<p>\u2013 Quatro p\u00e9s de prote\u00e7\u00e3o na base<\/p>\n<p>\u2013 Cabe um laptop de 13\u2033\u201d<\/p>\n<p>\u2013 34cm (Largura) x 27cm (Altura) x 15cm (Profundidade)<\/p>\n<\/div>\n<\/div>\n<div id=\"description\" class=\"ecn-tab-content\">\n<h2>DESCRI\u00c7\u00c3O<\/h2>\n<div class=\"wrap\">\n<div class=\"productDescription\">Nem muito grande, nem muito pequena, a Willow \u00e9 a bolsa perfeita para levar tudo com espa\u00e7o para todos os itens essenciais do dia-a-dia. Confeccionada em couro Pebble, possui dois bolsos abertos, um compartimento com z\u00edper central e al\u00e7as projetadas com uma abertura mais longa para vestir confortavelmente nos seus bra\u00e7os. Com o nosso fecho Turnlock Signature, cabe um laptop de 13\u201d.<\/div>\n<\/div>\n<\/div>\n","protected":false},"excerpt":{"rendered":"<p>\u2013 Couro Pebble polido \u2013 Compartimento central com z\u00edper \u2013 Fechos Turnlock e magn\u00e9ticos \u2013 Al\u00e7as com abertura de 29cm \u2013 Quatro p\u00e9s de prote\u00e7\u00e3o na base \u2013 Cabe um laptop de 13\u2033\u201d \u2013 34cm (Largura) x 27cm (Altura) x 15cm (Profundidade) DESCRI\u00c7\u00c3O Nem muito grande, nem muito pequena, a Willow \u00e9 a bolsa perfeita &hellip; <\/p>\n","protected":false},"featured_media":30112,"template":"","meta":[],"product_brand":[],"product_cat":[106,349,366],"product_tag":[],"class_list":{"0":"post-30107","1":"product","2":"type-product","3":"status-publish","4":"has-post-thumbnail","6":"product_cat-bolsas","7":"product_cat-coach","8":"product_cat-todos-os-produtos","9":"latest_post","11":"first","12":"instock","13":"taxable","14":"shipping-taxable","15":"purchasable","16":"product-type-simple"},"_links":{"self":[{"href":"https:\/\/bolsadellas.com.br\/index.php?rest_route=\/wp\/v2\/product\/30107","targetHints":{"allow":["GET"]}}],"collection":[{"href":"https:\/\/bolsadellas.com.br\/index.php?rest_route=\/wp\/v2\/product"}],"about":[{"href":"https:\/\/bolsadellas.com.br\/index.php?rest_route=\/wp\/v2\/types\/product"}],"wp:featuredmedia":[{"embeddable":true,"href":"https:\/\/bolsadellas.com.br\/index.php?rest_route=\/wp\/v2\/media\/30112"}],"wp:attachment":[{"href":"https:\/\/bolsadellas.com.br\/index.php?rest_route=%2Fwp%2Fv2%2Fmedia&parent=30107"}],"wp:term":[{"taxonomy":"product_brand","embeddable":true,"href":"https:\/\/bolsadellas.com.br\/index.php?rest_route=%2Fwp%2Fv2%2Fproduct_brand&post=30107"},{"taxonomy":"product_cat","embeddable":true,"href":"https:\/\/bolsadellas.com.br\/index.php?rest_route=%2Fwp%2Fv2%2Fproduct_cat&post=30107"},{"taxonomy":"product_tag","embeddable":true,"href":"https:\/\/bolsadellas.com.br\/index.php?rest_route=%2Fwp%2Fv2%2Fproduct_tag&post=30107"}],"curies":[{"name":"wp","href":"https:\/\/api.w.org\/{rel}","templated":true}]}}