{"id":29835,"date":"2026-01-25T08:33:10","date_gmt":"2026-01-25T11:33:10","guid":{"rendered":"https:\/\/bolsadellas.com.br\/?post_type=product&#038;p=29835"},"modified":"2026-02-16T12:04:41","modified_gmt":"2026-02-16T15:04:41","slug":"bolsa-coach-juliet-shoulder-25","status":"publish","type":"product","link":"https:\/\/bolsadellas.com.br\/?product=bolsa-coach-juliet-shoulder-25","title":{"rendered":"Bolsa Coach Juliet Shoulder 25"},"content":{"rendered":"<p>&#8211; Couro Glovetanned<\/p>\n<p>&#8211; Bolso interno com fecho de press\u00e3o<\/p>\n<p>&#8211; Fecho por z\u00edper, forro em tecido<\/p>\n<p>&#8211; Al\u00e7a curta remov\u00edvel com abertura de 29 cm<\/p>\n<p>&#8211; Al\u00e7a de corrente remov\u00edvel com abertura de 29 cm<\/p>\n<p>&#8211; Al\u00e7a longa remov\u00edvel com abertura de 54,5 cm para uso no ombro ou na transversal<\/p>\n<p>&#8211; 25 cm (Largura) x 11 cm (Altura) x 10 cm (Profundidade)<\/p>\n<p>&nbsp;<\/p>\n<p>Atemporal e com um toque diferente, nossa Juliet tem um estilo sofisticado com um formato relaxado e descontra\u00eddo, \u00e9 uma bolsa compacta feita de nosso couro Glovetanned macio e amanteigado. Apresentando um bolso interno para organizar itens essenciais, o modelo de um compartimento \u00e9 finalizado com uma al\u00e7a de corrente remov\u00edvel, al\u00e7a de ombro curta e al\u00e7a transversal para maior versatilidade. \u00c9 elegante, espa\u00e7osa, moderna e funcional (basicamente, tudo o que voc\u00ea deseja em uma bolsa).<\/p>\n","protected":false},"excerpt":{"rendered":"<p>&#8211; Couro Glovetanned &#8211; Bolso interno com fecho de press\u00e3o &#8211; Fecho por z\u00edper, forro em tecido &#8211; Al\u00e7a curta remov\u00edvel com abertura de 29 cm &#8211; Al\u00e7a de corrente remov\u00edvel com abertura de 29 cm &#8211; Al\u00e7a longa remov\u00edvel com abertura de 54,5 cm para uso no ombro ou na transversal &#8211; 25 cm &hellip; <\/p>\n","protected":false},"featured_media":33369,"template":"","meta":[],"product_brand":[],"product_cat":[106,349,366],"product_tag":[],"class_list":{"0":"post-29835","1":"product","2":"type-product","3":"status-publish","4":"has-post-thumbnail","6":"product_cat-bolsas","7":"product_cat-coach","8":"product_cat-todos-os-produtos","9":"latest_post","11":"first","12":"outofstock","13":"taxable","14":"shipping-taxable","15":"purchasable","16":"product-type-simple"},"_links":{"self":[{"href":"https:\/\/bolsadellas.com.br\/index.php?rest_route=\/wp\/v2\/product\/29835","targetHints":{"allow":["GET"]}}],"collection":[{"href":"https:\/\/bolsadellas.com.br\/index.php?rest_route=\/wp\/v2\/product"}],"about":[{"href":"https:\/\/bolsadellas.com.br\/index.php?rest_route=\/wp\/v2\/types\/product"}],"wp:featuredmedia":[{"embeddable":true,"href":"https:\/\/bolsadellas.com.br\/index.php?rest_route=\/wp\/v2\/media\/33369"}],"wp:attachment":[{"href":"https:\/\/bolsadellas.com.br\/index.php?rest_route=%2Fwp%2Fv2%2Fmedia&parent=29835"}],"wp:term":[{"taxonomy":"product_brand","embeddable":true,"href":"https:\/\/bolsadellas.com.br\/index.php?rest_route=%2Fwp%2Fv2%2Fproduct_brand&post=29835"},{"taxonomy":"product_cat","embeddable":true,"href":"https:\/\/bolsadellas.com.br\/index.php?rest_route=%2Fwp%2Fv2%2Fproduct_cat&post=29835"},{"taxonomy":"product_tag","embeddable":true,"href":"https:\/\/bolsadellas.com.br\/index.php?rest_route=%2Fwp%2Fv2%2Fproduct_tag&post=29835"}],"curies":[{"name":"wp","href":"https:\/\/api.w.org\/{rel}","templated":true}]}}