{"id":29504,"date":"2026-03-25T15:51:23","date_gmt":"2026-03-25T18:51:23","guid":{"rendered":"https:\/\/bolsadellas.com.br\/?post_type=product&#038;p=29504"},"modified":"2026-04-13T10:19:10","modified_gmt":"2026-04-13T13:19:10","slug":"bolsa-kipling-colissa-s-preto-2","status":"publish","type":"product","link":"https:\/\/bolsadellas.com.br\/?product=bolsa-kipling-colissa-s-preto-2","title":{"rendered":"Bolsa Kipling Colissa S Preto jq"},"content":{"rendered":"<div class=\"pr0 items-stretch vtex-flex-layout-0-x-stretchChildrenWidth flex\">\n<div class=\"vtex-flex-layout-0-x-flexCol vtex-flex-layout-0-x-flexCol--info-description ml0 mr0 pl0 pr0 flex flex-column h-100 w-100\">\n<div class=\"vtex-flex-layout-0-x-flexColChild vtex-flex-layout-0-x-flexColChild--info-description pb0\">\n<div class=\"vtex-flex-layout-0-x-flexRow\">\n<div class=\"flex mt0 mb7 pt0 pb0 justify-start vtex-flex-layout-0-x-flexRowContent items-stretch w-100\">\n<div class=\"pr0 items-stretch vtex-flex-layout-0-x-stretchChildrenWidth flex\">\n<div class=\"vtex-store-components-3-x-productDescriptionContainer\">\n<div class=\"vtex-store-components-3-x-productDescriptionText c-muted-1\">\n<div class=\"vtex-store-components-3-x-container relative\">\n<div class=\"vtex-store-components-3-x-content h-auto\">Clique aqui e confira tudo sobre Bolsa Kipling Colissa S Preto. Temos variedade de cores e estilos para o seu dia a dia. N\u00e3o perca!<\/div>\n<\/div>\n<\/div>\n<\/div>\n<\/div>\n<\/div>\n<\/div>\n<\/div>\n<\/div>\n<\/div>\n<div class=\"pr0 items-stretch vtex-flex-layout-0-x-stretchChildrenWidth flex\">\n<div class=\"vtex-flex-layout-0-x-flexCol vtex-flex-layout-0-x-flexCol--info-specification ml0 mr0 pl0 pr0 flex flex-column h-100 w-100\">\n<div class=\"vtex-flex-layout-0-x-flexColChild vtex-flex-layout-0-x-flexColChild--info-specification pb0\">\n<div class=\"vtex-flex-layout-0-x-flexRow\">\n<div class=\"flex mt0 mb0 pt0 pb0 justify-start vtex-flex-layout-0-x-flexRowContent items-stretch w-100\">\n<div class=\"pr0 items-stretch vtex-flex-layout-0-x-stretchChildrenWidth flex\">\n<div class=\"vtex-rich-text-0-x-container vtex-rich-text-0-x-container--info-specification flex tl items-start justify-start t-body c-on-base\">\n<div class=\"vtex-rich-text-0-x-wrapper vtex-rich-text-0-x-wrapper--info-specification\">\n<h5 class=\"vtex-rich-text-0-x-heading vtex-rich-text-0-x-heading--info-specification t-heading-5 vtex-rich-text-0-x-headingLevel5 vtex-rich-text-0-x-headingLevel5--info-specification vtex-rich-text-0-x-heading-level-5\">Especifica\u00e7\u00f5es<\/h5>\n<\/div>\n<\/div>\n<\/div>\n<\/div>\n<\/div>\n<\/div>\n<div class=\"vtex-flex-layout-0-x-flexColChild vtex-flex-layout-0-x-flexColChild--info-specification pb0\">\n<div class=\"vtex-flex-layout-0-x-flexRow vtex-flex-layout-0-x-flexRow--productSpecificationGroup\">\n<div class=\"flex mt0 mb0 pt0 pb0 justify-start vtex-flex-layout-0-x-flexRowContent vtex-flex-layout-0-x-flexRowContent--productSpecificationGroup items-stretch w-100\">\n<div class=\"pr0 items-stretch vtex-flex-layout-0-x-stretchChildrenWidth flex\">\n<div class=\"vtex-flex-layout-0-x-flexCol ml0 mr0 pl0 pr0 flex flex-column h-100 w-100\">\n<div class=\"vtex-flex-layout-0-x-flexColChild pb0\">\n<div class=\"vtex-flex-layout-0-x-flexRow vtex-flex-layout-0-x-flexRow--productSpecificationGroupName\"><\/div>\n<\/div>\n<div class=\"vtex-flex-layout-0-x-flexColChild pb0\">\n<div class=\"vtex-flex-layout-0-x-flexRow vtex-flex-layout-0-x-flexRow--productSpecification\">\n<div class=\"flex mt0 mb0 pt0 pb0 justify-start vtex-flex-layout-0-x-flexRowContent vtex-flex-layout-0-x-flexRowContent--productSpecification items-stretch w-100\">\n<div class=\"pr0 items-stretch vtex-flex-layout-0-x-stretchChildrenWidth flex\">\n<div class=\"vtex-flex-layout-0-x-flexCol vtex-flex-layout-0-x-flexCol--productSpecificationName ml0 mr0 pl0 pr0 flex flex-column h-100 w-100\">\n<div class=\"vtex-flex-layout-0-x-flexColChild vtex-flex-layout-0-x-flexColChild--productSpecificationName pb0\"><span class=\"vtex-product-specifications-1-x-specificationName\" data-specification-group=\"Bolsas\" data-specification-name=\"Cor\">Cor<\/span><\/div>\n<\/div>\n<\/div>\n<div class=\"pr0 items-stretch vtex-flex-layout-0-x-stretchChildrenWidth flex\">\n<div class=\"vtex-flex-layout-0-x-flexCol vtex-flex-layout-0-x-flexCol--productSpecificationValue ml0 mr0 pl0 pr0 flex flex-column h-100 w-100\">\n<div class=\"vtex-flex-layout-0-x-flexColChild vtex-flex-layout-0-x-flexColChild--productSpecificationValue pb0\"><span class=\"vtex-product-specifications-1-x-specificationValue vtex-product-specifications-1-x-specificationValue--first vtex-product-specifications-1-x-specificationValue--last\" data-specification-group=\"Bolsas\" data-specification-name=\"Cor\" data-specification-value=\"Preto\">Preto<\/span><\/div>\n<\/div>\n<\/div>\n<\/div>\n<\/div>\n<div class=\"vtex-flex-layout-0-x-flexRow vtex-flex-layout-0-x-flexRow--productSpecification\">\n<div class=\"flex mt0 mb0 pt0 pb0 justify-start vtex-flex-layout-0-x-flexRowContent vtex-flex-layout-0-x-flexRowContent--productSpecification items-stretch w-100\">\n<div class=\"pr0 items-stretch vtex-flex-layout-0-x-stretchChildrenWidth flex\">\n<div class=\"vtex-flex-layout-0-x-flexCol vtex-flex-layout-0-x-flexCol--productSpecificationName ml0 mr0 pl0 pr0 flex flex-column h-100 w-100\">\n<div class=\"vtex-flex-layout-0-x-flexColChild vtex-flex-layout-0-x-flexColChild--productSpecificationName pb0\"><span class=\"vtex-product-specifications-1-x-specificationName\" data-specification-group=\"Bolsas\" data-specification-name=\"Modelo\">Modelo<\/span><\/div>\n<\/div>\n<\/div>\n<div class=\"pr0 items-stretch vtex-flex-layout-0-x-stretchChildrenWidth flex\">\n<div class=\"vtex-flex-layout-0-x-flexCol vtex-flex-layout-0-x-flexCol--productSpecificationValue ml0 mr0 pl0 pr0 flex flex-column h-100 w-100\">\n<div class=\"vtex-flex-layout-0-x-flexColChild vtex-flex-layout-0-x-flexColChild--productSpecificationValue pb0\"><span class=\"vtex-product-specifications-1-x-specificationValue vtex-product-specifications-1-x-specificationValue--first vtex-product-specifications-1-x-specificationValue--last\" data-specification-group=\"Bolsas\" data-specification-name=\"Modelo\" data-specification-value=\"Colissa S\">Colissa S<\/span><\/div>\n<\/div>\n<\/div>\n<\/div>\n<\/div>\n<div class=\"vtex-flex-layout-0-x-flexRow vtex-flex-layout-0-x-flexRow--productSpecification\">\n<div class=\"flex mt0 mb0 pt0 pb0 justify-start vtex-flex-layout-0-x-flexRowContent vtex-flex-layout-0-x-flexRowContent--productSpecification items-stretch w-100\">\n<div class=\"pr0 items-stretch vtex-flex-layout-0-x-stretchChildrenWidth flex\">\n<div class=\"vtex-flex-layout-0-x-flexCol vtex-flex-layout-0-x-flexCol--productSpecificationName ml0 mr0 pl0 pr0 flex flex-column h-100 w-100\">\n<div class=\"vtex-flex-layout-0-x-flexColChild vtex-flex-layout-0-x-flexColChild--productSpecificationName pb0\"><span class=\"vtex-product-specifications-1-x-specificationName\" data-specification-group=\"Bolsas\" data-specification-name=\"Tamanho\">Tamanho<\/span><\/div>\n<\/div>\n<\/div>\n<div class=\"pr0 items-stretch vtex-flex-layout-0-x-stretchChildrenWidth flex\">\n<div class=\"vtex-flex-layout-0-x-flexCol vtex-flex-layout-0-x-flexCol--productSpecificationValue ml0 mr0 pl0 pr0 flex flex-column h-100 w-100\">\n<div class=\"vtex-flex-layout-0-x-flexColChild vtex-flex-layout-0-x-flexColChild--productSpecificationValue pb0\"><span class=\"vtex-product-specifications-1-x-specificationValue vtex-product-specifications-1-x-specificationValue--first vtex-product-specifications-1-x-specificationValue--last\" data-specification-group=\"Bolsas\" data-specification-name=\"Tamanho\" data-specification-value=\"M\u00e9dia\">M\u00e9dia<\/span><\/div>\n<\/div>\n<\/div>\n<\/div>\n<\/div>\n<div class=\"vtex-flex-layout-0-x-flexRow vtex-flex-layout-0-x-flexRow--productSpecification\">\n<div class=\"flex mt0 mb0 pt0 pb0 justify-start vtex-flex-layout-0-x-flexRowContent vtex-flex-layout-0-x-flexRowContent--productSpecification items-stretch w-100\">\n<div class=\"pr0 items-stretch vtex-flex-layout-0-x-stretchChildrenWidth flex\">\n<div class=\"vtex-flex-layout-0-x-flexCol vtex-flex-layout-0-x-flexCol--productSpecificationName ml0 mr0 pl0 pr0 flex flex-column h-100 w-100\">\n<div class=\"vtex-flex-layout-0-x-flexColChild vtex-flex-layout-0-x-flexColChild--productSpecificationName pb0\"><span class=\"vtex-product-specifications-1-x-specificationName\" data-specification-group=\"Bolsas\" data-specification-name=\"Categoria\">Categoria<\/span><\/div>\n<\/div>\n<\/div>\n<div class=\"pr0 items-stretch vtex-flex-layout-0-x-stretchChildrenWidth flex\">\n<div class=\"vtex-flex-layout-0-x-flexCol vtex-flex-layout-0-x-flexCol--productSpecificationValue ml0 mr0 pl0 pr0 flex flex-column h-100 w-100\">\n<div class=\"vtex-flex-layout-0-x-flexColChild vtex-flex-layout-0-x-flexColChild--productSpecificationValue pb0\"><span class=\"vtex-product-specifications-1-x-specificationValue vtex-product-specifications-1-x-specificationValue--first\" data-specification-group=\"Bolsas\" data-specification-name=\"Categoria\" data-specification-value=\"Dia a Dia\">Dia a Dia<\/span><span class=\"vtex-product-specifications-1-x-specificationValue\" data-specification-group=\"Bolsas\" data-specification-name=\"Categoria\" data-specification-value=\"Passeio\">Passeio<\/span><span class=\"vtex-product-specifications-1-x-specificationValue vtex-product-specifications-1-x-specificationValue--last\" data-specification-group=\"Bolsas\" data-specification-name=\"Categoria\" data-specification-value=\"Trabalho\">Trabalho<\/span><\/div>\n<\/div>\n<\/div>\n<\/div>\n<\/div>\n<div class=\"vtex-flex-layout-0-x-flexRow vtex-flex-layout-0-x-flexRow--productSpecification\">\n<div class=\"flex mt0 mb0 pt0 pb0 justify-start vtex-flex-layout-0-x-flexRowContent vtex-flex-layout-0-x-flexRowContent--productSpecification items-stretch w-100\">\n<div class=\"pr0 items-stretch vtex-flex-layout-0-x-stretchChildrenWidth flex\">\n<div class=\"vtex-flex-layout-0-x-flexCol vtex-flex-layout-0-x-flexCol--productSpecificationName ml0 mr0 pl0 pr0 flex flex-column h-100 w-100\">\n<div class=\"vtex-flex-layout-0-x-flexColChild vtex-flex-layout-0-x-flexColChild--productSpecificationName pb0\"><span class=\"vtex-product-specifications-1-x-specificationName\" data-specification-group=\"Bolsas\" data-specification-name=\"Litragem\">Litragem<\/span><\/div>\n<\/div>\n<\/div>\n<div class=\"pr0 items-stretch vtex-flex-layout-0-x-stretchChildrenWidth flex\">\n<div class=\"vtex-flex-layout-0-x-flexCol vtex-flex-layout-0-x-flexCol--productSpecificationValue ml0 mr0 pl0 pr0 flex flex-column h-100 w-100\">\n<div class=\"vtex-flex-layout-0-x-flexColChild vtex-flex-layout-0-x-flexColChild--productSpecificationValue pb0\"><span class=\"vtex-product-specifications-1-x-specificationValue vtex-product-specifications-1-x-specificationValue--first vtex-product-specifications-1-x-specificationValue--last\" data-specification-group=\"Bolsas\" data-specification-name=\"Litragem\" data-specification-value=\"8 L\">8 L<\/span><\/div>\n<\/div>\n<\/div>\n<\/div>\n<\/div>\n<\/div>\n<\/div>\n<\/div>\n<\/div>\n<\/div>\n<div class=\"vtex-flex-layout-0-x-flexRow vtex-flex-layout-0-x-flexRow--productSpecificationGroup\">\n<div class=\"flex mt0 mb0 pt0 pb0 justify-start vtex-flex-layout-0-x-flexRowContent vtex-flex-layout-0-x-flexRowContent--productSpecificationGroup items-stretch w-100\">\n<div class=\"pr0 items-stretch vtex-flex-layout-0-x-stretchChildrenWidth flex\">\n<div class=\"vtex-flex-layout-0-x-flexCol ml0 mr0 pl0 pr0 flex flex-column h-100 w-100\">\n<div class=\"vtex-flex-layout-0-x-flexColChild pb0\">\n<div class=\"vtex-flex-layout-0-x-flexRow vtex-flex-layout-0-x-flexRow--productSpecificationGroupName\"><\/div>\n<\/div>\n<div class=\"vtex-flex-layout-0-x-flexColChild pb0\">\n<div class=\"vtex-flex-layout-0-x-flexRow vtex-flex-layout-0-x-flexRow--productSpecification\">\n<div class=\"flex mt0 mb0 pt0 pb0 justify-start vtex-flex-layout-0-x-flexRowContent vtex-flex-layout-0-x-flexRowContent--productSpecification items-stretch w-100\">\n<div class=\"pr0 items-stretch vtex-flex-layout-0-x-stretchChildrenWidth flex\">\n<div class=\"vtex-flex-layout-0-x-flexCol vtex-flex-layout-0-x-flexCol--productSpecificationName ml0 mr0 pl0 pr0 flex flex-column h-100 w-100\">\n<div class=\"vtex-flex-layout-0-x-flexColChild vtex-flex-layout-0-x-flexColChild--productSpecificationName pb0\"><span class=\"vtex-product-specifications-1-x-specificationName\" data-specification-group=\"Grupo\" data-specification-name=\"Cor Original\">Cor Original<\/span><\/div>\n<\/div>\n<\/div>\n<div class=\"pr0 items-stretch vtex-flex-layout-0-x-stretchChildrenWidth flex\">\n<div class=\"vtex-flex-layout-0-x-flexCol vtex-flex-layout-0-x-flexCol--productSpecificationValue ml0 mr0 pl0 pr0 flex flex-column h-100 w-100\">\n<div class=\"vtex-flex-layout-0-x-flexColChild vtex-flex-layout-0-x-flexColChild--productSpecificationValue pb0\"><span class=\"vtex-product-specifications-1-x-specificationValue vtex-product-specifications-1-x-specificationValue--first vtex-product-specifications-1-x-specificationValue--last\" data-specification-group=\"Grupo\" data-specification-name=\"Cor Original\" data-specification-value=\"Undersea Jq\">Undersea Jq<\/span><\/div>\n<\/div>\n<\/div>\n<\/div>\n<\/div>\n<\/div>\n<\/div>\n<\/div>\n<\/div>\n<\/div>\n<\/div>\n<div class=\"vtex-flex-layout-0-x-flexColChild vtex-flex-layout-0-x-flexColChild--info-specification pb0\">\n<div class=\"kipling-product-components-0-x-InfoProductEspecificationsArea\">\n<div class=\"kipling-product-components-0-x-InfoProductEspecificationsTitle1\">Dimens\u00f5es<\/div>\n<div class=\"kipling-product-components-0-x-InfoProductEspecificationsInfo\">30cm x\u00a040cm x\u00a014cm<\/div>\n<\/div>\n<div class=\"kipling-product-components-0-x-InfoProductEspecificationsArea\">\n<div class=\"kipling-product-components-0-x-InfoProductEspecificationsTitle2\">Peso<\/div>\n<div class=\"kipling-product-components-0-x-InfoProductEspecificationsInfo\">42g<\/div>\n<\/div>\n<\/div>\n<\/div>\n<\/div>\n","protected":false},"excerpt":{"rendered":"<p>Clique aqui e confira tudo sobre Bolsa Kipling Colissa S Preto. Temos variedade de cores e estilos para o seu dia a dia. N\u00e3o perca! Especifica\u00e7\u00f5es Cor Preto Modelo Colissa S Tamanho M\u00e9dia Categoria Dia a DiaPasseioTrabalho Litragem 8 L Cor Original Undersea Jq Dimens\u00f5es 30cm x\u00a040cm x\u00a014cm Peso 42g<\/p>\n","protected":false},"featured_media":29505,"template":"","meta":[],"product_brand":[],"product_cat":[106,328,366],"product_tag":[],"class_list":{"0":"post-29504","1":"product","2":"type-product","3":"status-publish","4":"has-post-thumbnail","6":"product_cat-bolsas","7":"product_cat-kipling","8":"product_cat-todos-os-produtos","9":"latest_post","11":"first","12":"instock","13":"taxable","14":"shipping-taxable","15":"purchasable","16":"product-type-simple"},"_links":{"self":[{"href":"https:\/\/bolsadellas.com.br\/index.php?rest_route=\/wp\/v2\/product\/29504","targetHints":{"allow":["GET"]}}],"collection":[{"href":"https:\/\/bolsadellas.com.br\/index.php?rest_route=\/wp\/v2\/product"}],"about":[{"href":"https:\/\/bolsadellas.com.br\/index.php?rest_route=\/wp\/v2\/types\/product"}],"wp:featuredmedia":[{"embeddable":true,"href":"https:\/\/bolsadellas.com.br\/index.php?rest_route=\/wp\/v2\/media\/29505"}],"wp:attachment":[{"href":"https:\/\/bolsadellas.com.br\/index.php?rest_route=%2Fwp%2Fv2%2Fmedia&parent=29504"}],"wp:term":[{"taxonomy":"product_brand","embeddable":true,"href":"https:\/\/bolsadellas.com.br\/index.php?rest_route=%2Fwp%2Fv2%2Fproduct_brand&post=29504"},{"taxonomy":"product_cat","embeddable":true,"href":"https:\/\/bolsadellas.com.br\/index.php?rest_route=%2Fwp%2Fv2%2Fproduct_cat&post=29504"},{"taxonomy":"product_tag","embeddable":true,"href":"https:\/\/bolsadellas.com.br\/index.php?rest_route=%2Fwp%2Fv2%2Fproduct_tag&post=29504"}],"curies":[{"name":"wp","href":"https:\/\/api.w.org\/{rel}","templated":true}]}}