{"id":29408,"date":"2026-02-01T07:20:40","date_gmt":"2026-02-01T10:20:40","guid":{"rendered":"https:\/\/bolsadellas.com.br\/?post_type=product&#038;p=29408"},"modified":"2026-03-23T09:36:23","modified_gmt":"2026-03-23T12:36:23","slug":"bolsa-coach-tabby-quilting-18-black","status":"publish","type":"product","link":"https:\/\/bolsadellas.com.br\/?product=bolsa-coach-tabby-quilting-18-black","title":{"rendered":"Bolsa Coach Tabby Quilting 19 preta"},"content":{"rendered":"<div id=\"details\" class=\"ecn-tab-content active\">\n<div class=\"wrap\">\n<p><strong>&#8211; Esse produto ser\u00e1 enviado em 25\/03<\/strong>.<\/p>\n<p>&#8211; Couro Nappa<\/p>\n<p>&#8211; Dois compartimentos para cart\u00e3o<\/p>\n<p>&#8211; Bolso interno multifuncional<\/p>\n<p>&#8211; Fecho pushlock, forro de tecido<\/p>\n<p>&#8211; Bolso externo aberto<\/p>\n<p>&#8211; Al\u00e7a de punho remov\u00edvel<\/p>\n<p>&#8211; Al\u00e7a de corrente remov\u00edvel com abertura de 58,5 cm para uso no ombro ou na transversal<\/p>\n<p>&#8211; 18,5 cm (Largura) x 10 cm (Altura) x 3,5 cm (Profundidade)<\/p>\n<p>&#8211; *N\u00e3o acompanha Dust Bag<\/p>\n<\/div>\n<\/div>\n<div id=\"description\" class=\"ecn-tab-content\">\n<h2>Descri\u00e7\u00e3o<\/h2>\n<div class=\"wrap\">\n<div class=\"productDescription\">Uma vers\u00e3o moderna do cl\u00e1ssico Coach dos anos 70, nossa Tabby Wristlet \u00e9 confeccionada em couro Nappa macio e acolchoado. O estilo vers\u00e1til tem o tamanho perfeito para cart\u00f5es, dinheiro e telefone. Acompanha bolso externo para f\u00e1cil acesso aos itens essenciais. Finalizada com nosso hardware Signature para um toque ic\u00f4nico, ela pode ser usada como wristlet, clutch ou na transversal com a elegante al\u00e7a de corrente.<\/div>\n<\/div>\n<\/div>\n","protected":false},"excerpt":{"rendered":"<p>&#8211; Esse produto ser\u00e1 enviado em 25\/03. &#8211; Couro Nappa &#8211; Dois compartimentos para cart\u00e3o &#8211; Bolso interno multifuncional &#8211; Fecho pushlock, forro de tecido &#8211; Bolso externo aberto &#8211; Al\u00e7a de punho remov\u00edvel &#8211; Al\u00e7a de corrente remov\u00edvel com abertura de 58,5 cm para uso no ombro ou na transversal &#8211; 18,5 cm (Largura) &hellip; <\/p>\n","protected":false},"featured_media":30356,"template":"","meta":[],"product_brand":[],"product_cat":[106,349,366],"product_tag":[],"class_list":{"0":"post-29408","1":"product","2":"type-product","3":"status-publish","4":"has-post-thumbnail","6":"product_cat-bolsas","7":"product_cat-coach","8":"product_cat-todos-os-produtos","9":"latest_post","11":"first","12":"outofstock","13":"taxable","14":"shipping-taxable","15":"purchasable","16":"product-type-simple"},"_links":{"self":[{"href":"https:\/\/bolsadellas.com.br\/index.php?rest_route=\/wp\/v2\/product\/29408","targetHints":{"allow":["GET"]}}],"collection":[{"href":"https:\/\/bolsadellas.com.br\/index.php?rest_route=\/wp\/v2\/product"}],"about":[{"href":"https:\/\/bolsadellas.com.br\/index.php?rest_route=\/wp\/v2\/types\/product"}],"wp:featuredmedia":[{"embeddable":true,"href":"https:\/\/bolsadellas.com.br\/index.php?rest_route=\/wp\/v2\/media\/30356"}],"wp:attachment":[{"href":"https:\/\/bolsadellas.com.br\/index.php?rest_route=%2Fwp%2Fv2%2Fmedia&parent=29408"}],"wp:term":[{"taxonomy":"product_brand","embeddable":true,"href":"https:\/\/bolsadellas.com.br\/index.php?rest_route=%2Fwp%2Fv2%2Fproduct_brand&post=29408"},{"taxonomy":"product_cat","embeddable":true,"href":"https:\/\/bolsadellas.com.br\/index.php?rest_route=%2Fwp%2Fv2%2Fproduct_cat&post=29408"},{"taxonomy":"product_tag","embeddable":true,"href":"https:\/\/bolsadellas.com.br\/index.php?rest_route=%2Fwp%2Fv2%2Fproduct_tag&post=29408"}],"curies":[{"name":"wp","href":"https:\/\/api.w.org\/{rel}","templated":true}]}}