{"id":29275,"date":"2026-02-18T10:04:42","date_gmt":"2026-02-18T13:04:42","guid":{"rendered":"https:\/\/bolsadellas.com.br\/?post_type=product&#038;p=29275"},"modified":"2026-03-10T13:50:10","modified_gmt":"2026-03-10T16:50:10","slug":"estojo-kipling-gitroy-preto-2","status":"publish","type":"product","link":"https:\/\/bolsadellas.com.br\/?product=estojo-kipling-gitroy-preto-2","title":{"rendered":"Estojo Kipling Gitroy cosmic metallic"},"content":{"rendered":"<div class=\"pr0 items-stretch vtex-flex-layout-0-x-stretchChildrenWidth flex\">\n<div class=\"vtex-flex-layout-0-x-flexCol vtex-flex-layout-0-x-flexCol--info-description ml0 mr0 pl0 pr0 flex flex-column h-100 w-100\">\n<div class=\"vtex-flex-layout-0-x-flexColChild vtex-flex-layout-0-x-flexColChild--info-description pb0\">\n<div class=\"vtex-flex-layout-0-x-flexRow\">\n<div class=\"flex mt0 mb7 pt0 pb0 justify-start vtex-flex-layout-0-x-flexRowContent items-stretch w-100\">\n<div class=\"pr0 items-stretch vtex-flex-layout-0-x-stretchChildrenWidth flex\">\n<div class=\"vtex-store-components-3-x-productDescriptionContainer\">\n<div class=\"vtex-store-components-3-x-productDescriptionText c-muted-1\">\n<div class=\"vtex-store-components-3-x-container relative\">\n<div class=\"vtex-store-components-3-x-content h-auto\">N\u00f3s adoramos como este estojo grande com z\u00edper se abre para revelar um compartimento espa\u00e7oso. O estojo conta com 3 compartimentos principais com z\u00edper para todos os artigos de papelaria que voc\u00ea precisa armazenar, al\u00e9m de 32 el\u00e1sticos para canetas para manter seus l\u00e1pis de colorir organizados. Ele \u00e9 tamb\u00e9m repelente \u00e0 \u00e1gua e, claro, vem com seu pr\u00f3prio mascote, o nosso macaquinho da Kipling.<\/div>\n<\/div>\n<\/div>\n<\/div>\n<\/div>\n<\/div>\n<\/div>\n<\/div>\n<\/div>\n<\/div>\n<div class=\"pr0 items-stretch vtex-flex-layout-0-x-stretchChildrenWidth flex\">\n<div class=\"vtex-flex-layout-0-x-flexCol vtex-flex-layout-0-x-flexCol--info-specification ml0 mr0 pl0 pr0 flex flex-column h-100 w-100\">\n<div class=\"vtex-flex-layout-0-x-flexColChild vtex-flex-layout-0-x-flexColChild--info-specification pb0\">\n<div class=\"vtex-flex-layout-0-x-flexRow\">\n<div class=\"flex mt0 mb0 pt0 pb0 justify-start vtex-flex-layout-0-x-flexRowContent items-stretch w-100\">\n<div class=\"pr0 items-stretch vtex-flex-layout-0-x-stretchChildrenWidth flex\">\n<div class=\"vtex-rich-text-0-x-container vtex-rich-text-0-x-container--info-specification flex tl items-start justify-start t-body c-on-base\">\n<div class=\"vtex-rich-text-0-x-wrapper vtex-rich-text-0-x-wrapper--info-specification\">\n<h5 class=\"vtex-rich-text-0-x-heading vtex-rich-text-0-x-heading--info-specification t-heading-5 vtex-rich-text-0-x-headingLevel5 vtex-rich-text-0-x-headingLevel5--info-specification vtex-rich-text-0-x-heading-level-5\">Especifica\u00e7\u00f5es<\/h5>\n<\/div>\n<\/div>\n<\/div>\n<\/div>\n<\/div>\n<\/div>\n<div class=\"vtex-flex-layout-0-x-flexColChild vtex-flex-layout-0-x-flexColChild--info-specification pb0\">\n<div class=\"vtex-flex-layout-0-x-flexRow vtex-flex-layout-0-x-flexRow--productSpecificationGroup\">\n<div class=\"flex mt0 mb0 pt0 pb0 justify-start vtex-flex-layout-0-x-flexRowContent vtex-flex-layout-0-x-flexRowContent--productSpecificationGroup items-stretch w-100\">\n<div class=\"pr0 items-stretch vtex-flex-layout-0-x-stretchChildrenWidth flex\">\n<div class=\"vtex-flex-layout-0-x-flexCol ml0 mr0 pl0 pr0 flex flex-column h-100 w-100\">\n<div class=\"vtex-flex-layout-0-x-flexColChild pb0\">\n<div class=\"vtex-flex-layout-0-x-flexRow vtex-flex-layout-0-x-flexRow--productSpecificationGroupName\"><\/div>\n<\/div>\n<div class=\"vtex-flex-layout-0-x-flexColChild pb0\">\n<div class=\"vtex-flex-layout-0-x-flexRow vtex-flex-layout-0-x-flexRow--productSpecification\">\n<div class=\"flex mt0 mb0 pt0 pb0 justify-start vtex-flex-layout-0-x-flexRowContent vtex-flex-layout-0-x-flexRowContent--productSpecification items-stretch w-100\">\n<div class=\"pr0 items-stretch vtex-flex-layout-0-x-stretchChildrenWidth flex\">\n<div class=\"vtex-flex-layout-0-x-flexCol vtex-flex-layout-0-x-flexCol--productSpecificationName ml0 mr0 pl0 pr0 flex flex-column h-100 w-100\">\n<div class=\"vtex-flex-layout-0-x-flexColChild vtex-flex-layout-0-x-flexColChild--productSpecificationName pb0\"><span class=\"vtex-product-specifications-1-x-specificationName\" data-specification-group=\"Escolares\" data-specification-name=\"Tamanho\">Tamanho<\/span><\/div>\n<\/div>\n<\/div>\n<div class=\"pr0 items-stretch vtex-flex-layout-0-x-stretchChildrenWidth flex\">\n<div class=\"vtex-flex-layout-0-x-flexCol vtex-flex-layout-0-x-flexCol--productSpecificationValue ml0 mr0 pl0 pr0 flex flex-column h-100 w-100\">\n<div class=\"vtex-flex-layout-0-x-flexColChild vtex-flex-layout-0-x-flexColChild--productSpecificationValue pb0\"><span class=\"vtex-product-specifications-1-x-specificationValue vtex-product-specifications-1-x-specificationValue--first vtex-product-specifications-1-x-specificationValue--last\" data-specification-group=\"Escolares\" data-specification-name=\"Tamanho\" data-specification-value=\"Pequena\">Pequena<\/span><\/div>\n<\/div>\n<\/div>\n<\/div>\n<\/div>\n<div class=\"vtex-flex-layout-0-x-flexRow vtex-flex-layout-0-x-flexRow--productSpecification\">\n<div class=\"flex mt0 mb0 pt0 pb0 justify-start vtex-flex-layout-0-x-flexRowContent vtex-flex-layout-0-x-flexRowContent--productSpecification items-stretch w-100\">\n<div class=\"pr0 items-stretch vtex-flex-layout-0-x-stretchChildrenWidth flex\">\n<div class=\"vtex-flex-layout-0-x-flexCol vtex-flex-layout-0-x-flexCol--productSpecificationName ml0 mr0 pl0 pr0 flex flex-column h-100 w-100\">\n<div class=\"vtex-flex-layout-0-x-flexColChild vtex-flex-layout-0-x-flexColChild--productSpecificationName pb0\"><span class=\"vtex-product-specifications-1-x-specificationName\" data-specification-group=\"Escolares\" data-specification-name=\"Cor\">Cor<\/span><\/div>\n<\/div>\n<\/div>\n<div class=\"pr0 items-stretch vtex-flex-layout-0-x-stretchChildrenWidth flex\">\n<div class=\"vtex-flex-layout-0-x-flexCol vtex-flex-layout-0-x-flexCol--productSpecificationValue ml0 mr0 pl0 pr0 flex flex-column h-100 w-100\">\n<div class=\"vtex-flex-layout-0-x-flexColChild vtex-flex-layout-0-x-flexColChild--productSpecificationValue pb0\"><span class=\"vtex-product-specifications-1-x-specificationValue vtex-product-specifications-1-x-specificationValue--first vtex-product-specifications-1-x-specificationValue--last\" data-specification-group=\"Escolares\" data-specification-name=\"Cor\" data-specification-value=\"Preto\">Preto<\/span><\/div>\n<\/div>\n<\/div>\n<\/div>\n<\/div>\n<div class=\"vtex-flex-layout-0-x-flexRow vtex-flex-layout-0-x-flexRow--productSpecification\">\n<div class=\"flex mt0 mb0 pt0 pb0 justify-start vtex-flex-layout-0-x-flexRowContent vtex-flex-layout-0-x-flexRowContent--productSpecification items-stretch w-100\">\n<div class=\"pr0 items-stretch vtex-flex-layout-0-x-stretchChildrenWidth flex\">\n<div class=\"vtex-flex-layout-0-x-flexCol vtex-flex-layout-0-x-flexCol--productSpecificationName ml0 mr0 pl0 pr0 flex flex-column h-100 w-100\">\n<div class=\"vtex-flex-layout-0-x-flexColChild vtex-flex-layout-0-x-flexColChild--productSpecificationName pb0\"><span class=\"vtex-product-specifications-1-x-specificationName\" data-specification-group=\"Escolares\" data-specification-name=\"Modelo\">Modelo<\/span><\/div>\n<\/div>\n<\/div>\n<div class=\"pr0 items-stretch vtex-flex-layout-0-x-stretchChildrenWidth flex\">\n<div class=\"vtex-flex-layout-0-x-flexCol vtex-flex-layout-0-x-flexCol--productSpecificationValue ml0 mr0 pl0 pr0 flex flex-column h-100 w-100\">\n<div class=\"vtex-flex-layout-0-x-flexColChild vtex-flex-layout-0-x-flexColChild--productSpecificationValue pb0\"><span class=\"vtex-product-specifications-1-x-specificationValue vtex-product-specifications-1-x-specificationValue--first vtex-product-specifications-1-x-specificationValue--last\" data-specification-group=\"Escolares\" data-specification-name=\"Modelo\" data-specification-value=\"Gitroy\">Gitroy<\/span><\/div>\n<\/div>\n<\/div>\n<\/div>\n<\/div>\n<div class=\"vtex-flex-layout-0-x-flexRow vtex-flex-layout-0-x-flexRow--productSpecification\">\n<div class=\"flex mt0 mb0 pt0 pb0 justify-start vtex-flex-layout-0-x-flexRowContent vtex-flex-layout-0-x-flexRowContent--productSpecification items-stretch w-100\">\n<div class=\"pr0 items-stretch vtex-flex-layout-0-x-stretchChildrenWidth flex\">\n<div class=\"vtex-flex-layout-0-x-flexCol vtex-flex-layout-0-x-flexCol--productSpecificationName ml0 mr0 pl0 pr0 flex flex-column h-100 w-100\">\n<div class=\"vtex-flex-layout-0-x-flexColChild vtex-flex-layout-0-x-flexColChild--productSpecificationName pb0\"><span class=\"vtex-product-specifications-1-x-specificationName\" data-specification-group=\"Escolares\" data-specification-name=\"Categoria\">Categoria<\/span><\/div>\n<\/div>\n<\/div>\n<div class=\"pr0 items-stretch vtex-flex-layout-0-x-stretchChildrenWidth flex\">\n<div class=\"vtex-flex-layout-0-x-flexCol vtex-flex-layout-0-x-flexCol--productSpecificationValue ml0 mr0 pl0 pr0 flex flex-column h-100 w-100\">\n<div class=\"vtex-flex-layout-0-x-flexColChild vtex-flex-layout-0-x-flexColChild--productSpecificationValue pb0\"><span class=\"vtex-product-specifications-1-x-specificationValue vtex-product-specifications-1-x-specificationValue--first vtex-product-specifications-1-x-specificationValue--last\" data-specification-group=\"Escolares\" data-specification-name=\"Categoria\" data-specification-value=\"Escolar\">Escolar<\/span><\/div>\n<\/div>\n<\/div>\n<\/div>\n<\/div>\n<\/div>\n<\/div>\n<\/div>\n<\/div>\n<\/div>\n<div class=\"vtex-flex-layout-0-x-flexRow vtex-flex-layout-0-x-flexRow--productSpecificationGroup\">\n<div class=\"flex mt0 mb0 pt0 pb0 justify-start vtex-flex-layout-0-x-flexRowContent vtex-flex-layout-0-x-flexRowContent--productSpecificationGroup items-stretch w-100\">\n<div class=\"pr0 items-stretch vtex-flex-layout-0-x-stretchChildrenWidth flex\">\n<div class=\"vtex-flex-layout-0-x-flexCol ml0 mr0 pl0 pr0 flex flex-column h-100 w-100\">\n<div class=\"vtex-flex-layout-0-x-flexColChild pb0\">\n<div class=\"vtex-flex-layout-0-x-flexRow vtex-flex-layout-0-x-flexRow--productSpecificationGroupName\"><\/div>\n<\/div>\n<div class=\"vtex-flex-layout-0-x-flexColChild pb0\">\n<div class=\"vtex-flex-layout-0-x-flexRow vtex-flex-layout-0-x-flexRow--productSpecification\">\n<div class=\"flex mt0 mb0 pt0 pb0 justify-start vtex-flex-layout-0-x-flexRowContent vtex-flex-layout-0-x-flexRowContent--productSpecification items-stretch w-100\">\n<div class=\"pr0 items-stretch vtex-flex-layout-0-x-stretchChildrenWidth flex\">\n<div class=\"vtex-flex-layout-0-x-flexCol vtex-flex-layout-0-x-flexCol--productSpecificationName ml0 mr0 pl0 pr0 flex flex-column h-100 w-100\">\n<div class=\"vtex-flex-layout-0-x-flexColChild vtex-flex-layout-0-x-flexColChild--productSpecificationName pb0\"><span class=\"vtex-product-specifications-1-x-specificationName\" data-specification-group=\"Grupo\" data-specification-name=\"Cor Original\">Cor Original<\/span><\/div>\n<\/div>\n<\/div>\n<div class=\"pr0 items-stretch vtex-flex-layout-0-x-stretchChildrenWidth flex\">\n<div class=\"vtex-flex-layout-0-x-flexCol vtex-flex-layout-0-x-flexCol--productSpecificationValue ml0 mr0 pl0 pr0 flex flex-column h-100 w-100\">\n<div class=\"vtex-flex-layout-0-x-flexColChild vtex-flex-layout-0-x-flexColChild--productSpecificationValue pb0\"><span class=\"vtex-product-specifications-1-x-specificationValue vtex-product-specifications-1-x-specificationValue--first vtex-product-specifications-1-x-specificationValue--last\" data-specification-group=\"Grupo\" data-specification-name=\"Cor Original\" data-specification-value=\"FANTASY BLUE BL\">FANTASY BLUE BL<\/span><\/div>\n<\/div>\n<\/div>\n<\/div>\n<\/div>\n<\/div>\n<\/div>\n<\/div>\n<\/div>\n<\/div>\n<\/div>\n<div class=\"vtex-flex-layout-0-x-flexColChild vtex-flex-layout-0-x-flexColChild--info-specification pb0\">\n<div class=\"kipling-product-components-0-x-InfoProductEspecificationsArea\">\n<div class=\"kipling-product-components-0-x-InfoProductEspecificationsTitle1\">Dimens\u00f5es<\/div>\n<div class=\"kipling-product-components-0-x-InfoProductEspecificationsInfo\">10cm x\u00a023cm x\u00a07cm<\/div>\n<\/div>\n<div class=\"kipling-product-components-0-x-InfoProductEspecificationsArea\">\n<div class=\"kipling-product-components-0-x-InfoProductEspecificationsTitle2\">Peso<\/div>\n<div class=\"kipling-product-components-0-x-InfoProductEspecificationsInfo\">130g<\/div>\n<\/div>\n<\/div>\n<\/div>\n<\/div>\n","protected":false},"excerpt":{"rendered":"<p>N\u00f3s adoramos como este estojo grande com z\u00edper se abre para revelar um compartimento espa\u00e7oso. O estojo conta com 3 compartimentos principais com z\u00edper para todos os artigos de papelaria que voc\u00ea precisa armazenar, al\u00e9m de 32 el\u00e1sticos para canetas para manter seus l\u00e1pis de colorir organizados. Ele \u00e9 tamb\u00e9m repelente \u00e0 \u00e1gua e, claro, &hellip; <\/p>\n","protected":false},"featured_media":32283,"template":"","meta":[],"product_brand":[],"product_cat":[328,329,356,366],"product_tag":[],"class_list":{"0":"post-29275","1":"product","2":"type-product","3":"status-publish","4":"has-post-thumbnail","6":"product_cat-kipling","7":"product_cat-mochila","8":"product_cat-neccesest","9":"product_cat-todos-os-produtos","10":"latest_post","12":"first","13":"instock","14":"taxable","15":"shipping-taxable","16":"purchasable","17":"product-type-simple"},"_links":{"self":[{"href":"https:\/\/bolsadellas.com.br\/index.php?rest_route=\/wp\/v2\/product\/29275","targetHints":{"allow":["GET"]}}],"collection":[{"href":"https:\/\/bolsadellas.com.br\/index.php?rest_route=\/wp\/v2\/product"}],"about":[{"href":"https:\/\/bolsadellas.com.br\/index.php?rest_route=\/wp\/v2\/types\/product"}],"wp:featuredmedia":[{"embeddable":true,"href":"https:\/\/bolsadellas.com.br\/index.php?rest_route=\/wp\/v2\/media\/32283"}],"wp:attachment":[{"href":"https:\/\/bolsadellas.com.br\/index.php?rest_route=%2Fwp%2Fv2%2Fmedia&parent=29275"}],"wp:term":[{"taxonomy":"product_brand","embeddable":true,"href":"https:\/\/bolsadellas.com.br\/index.php?rest_route=%2Fwp%2Fv2%2Fproduct_brand&post=29275"},{"taxonomy":"product_cat","embeddable":true,"href":"https:\/\/bolsadellas.com.br\/index.php?rest_route=%2Fwp%2Fv2%2Fproduct_cat&post=29275"},{"taxonomy":"product_tag","embeddable":true,"href":"https:\/\/bolsadellas.com.br\/index.php?rest_route=%2Fwp%2Fv2%2Fproduct_tag&post=29275"}],"curies":[{"name":"wp","href":"https:\/\/api.w.org\/{rel}","templated":true}]}}