{"id":29149,"date":"2026-03-05T11:26:17","date_gmt":"2026-03-05T14:26:17","guid":{"rendered":"https:\/\/bolsadellas.com.br\/?post_type=product&#038;p=29149"},"modified":"2026-03-09T10:27:26","modified_gmt":"2026-03-09T13:27:26","slug":"carteira-coach-pc-small-zip-around-pillow","status":"publish","type":"product","link":"https:\/\/bolsadellas.com.br\/?product=carteira-coach-pc-small-zip-around-pillow","title":{"rendered":"Carteira Coach PC Small Zip Around Pillow"},"content":{"rendered":"<div id=\"details\" class=\"ecn-tab-content active\">\n<h2>Detalhes do Produto<\/h2>\n<div class=\"wrap\">\n<p>&#8211; Couro Nappa<\/p>\n<p>&#8211; Dois compartimentos para cart\u00e3o<\/p>\n<p>&#8211; Tr\u00eas compartimentos abertos<\/p>\n<p>&#8211; Fechamento com z\u00edper<\/p>\n<p>&#8211; Bolso externo aberto<\/p>\n<p>&#8211; 11 cm (Largura) x 7 cm (Altura) x 2 cm (Profundidade).<\/p>\n<\/div>\n<\/div>\n<div id=\"description\" class=\"ecn-tab-content\">\n<h2>Descri\u00e7\u00e3o<\/h2>\n<div class=\"wrap\">\n<div class=\"productDescription\">Feito de couro acolchoado e ultramacio, esta carteira tem espa\u00e7o para guardar cart\u00f5es, dinheiro e outros pequenos itens essenciais em um design fino que cabe facilmente nos bolsos. Detalhado com nosso hardware Signature, o design \u00e9 refor\u00e7ado e sanfonado e \u00e9 protegido por fecho em z\u00edper.<\/div>\n<\/div>\n<\/div>\n","protected":false},"excerpt":{"rendered":"<p>Detalhes do Produto &#8211; Couro Nappa &#8211; Dois compartimentos para cart\u00e3o &#8211; Tr\u00eas compartimentos abertos &#8211; Fechamento com z\u00edper &#8211; Bolso externo aberto &#8211; 11 cm (Largura) x 7 cm (Altura) x 2 cm (Profundidade). Descri\u00e7\u00e3o Feito de couro acolchoado e ultramacio, esta carteira tem espa\u00e7o para guardar cart\u00f5es, dinheiro e outros pequenos itens essenciais &hellip; <\/p>\n","protected":false},"featured_media":29150,"template":"","meta":[],"product_brand":[],"product_cat":[106,109,349,366],"product_tag":[],"class_list":{"0":"post-29149","1":"product","2":"type-product","3":"status-publish","4":"has-post-thumbnail","6":"product_cat-bolsas","7":"product_cat-carteiras","8":"product_cat-coach","9":"product_cat-todos-os-produtos","10":"latest_post","12":"first","13":"instock","14":"taxable","15":"shipping-taxable","16":"purchasable","17":"product-type-simple"},"_links":{"self":[{"href":"https:\/\/bolsadellas.com.br\/index.php?rest_route=\/wp\/v2\/product\/29149","targetHints":{"allow":["GET"]}}],"collection":[{"href":"https:\/\/bolsadellas.com.br\/index.php?rest_route=\/wp\/v2\/product"}],"about":[{"href":"https:\/\/bolsadellas.com.br\/index.php?rest_route=\/wp\/v2\/types\/product"}],"wp:featuredmedia":[{"embeddable":true,"href":"https:\/\/bolsadellas.com.br\/index.php?rest_route=\/wp\/v2\/media\/29150"}],"wp:attachment":[{"href":"https:\/\/bolsadellas.com.br\/index.php?rest_route=%2Fwp%2Fv2%2Fmedia&parent=29149"}],"wp:term":[{"taxonomy":"product_brand","embeddable":true,"href":"https:\/\/bolsadellas.com.br\/index.php?rest_route=%2Fwp%2Fv2%2Fproduct_brand&post=29149"},{"taxonomy":"product_cat","embeddable":true,"href":"https:\/\/bolsadellas.com.br\/index.php?rest_route=%2Fwp%2Fv2%2Fproduct_cat&post=29149"},{"taxonomy":"product_tag","embeddable":true,"href":"https:\/\/bolsadellas.com.br\/index.php?rest_route=%2Fwp%2Fv2%2Fproduct_tag&post=29149"}],"curies":[{"name":"wp","href":"https:\/\/api.w.org\/{rel}","templated":true}]}}