{"id":28724,"date":"2026-03-05T13:10:31","date_gmt":"2026-03-05T16:10:31","guid":{"rendered":"https:\/\/bolsadellas.com.br\/?post_type=product&#038;p=28724"},"modified":"2026-03-16T15:08:38","modified_gmt":"2026-03-16T18:08:38","slug":"bolsa-cary-shoulder-coach","status":"publish","type":"product","link":"https:\/\/bolsadellas.com.br\/?product=bolsa-cary-shoulder-coach","title":{"rendered":"Bolsa Coach Cary Shoulder dark stone"},"content":{"rendered":"<div id=\"details\" class=\"ecn-tab-content active\">\n<div class=\"wrap\">\n<p>&#8211; Couro Pebble<\/p>\n<p>&#8211; Bolsos internos multifuncionais<\/p>\n<p>&#8211; Fechamento em z\u00edper, forro de tecido<\/p>\n<p>&#8211; Al\u00e7a remov\u00edvel com abertura de 23cm<\/p>\n<p>&#8211; Bolso externo com z\u00edper<\/p>\n<p>&#8211; Al\u00e7a remov\u00edvel com abertura de 55cm para usar no ombro ou na transversal<\/p>\n<p>&#8211; 34cm (Largura) x 28cm (Altura) x 13cm (Profundidade)<\/p>\n<\/div>\n<\/div>\n<div id=\"description\" class=\"ecn-tab-content\">\n<h2>Descri\u00e7\u00e3o<\/h2>\n<div class=\"wrap\">\n<div class=\"productDescription\">Despojada com uma versatilidade sofisticada, nossa bolsa Cary Shoulder \u00e9 um estilo intencionalmente descontra\u00eddo. Feita de couro Pebble com abacamento levemente brilhoso, esta bolsa surpreendentemente espa\u00e7osa tem v\u00e1rios bolsos, ideal para mant\u00ea-la organizada internamente.<\/div>\n<\/div>\n<\/div>\n","protected":false},"excerpt":{"rendered":"<p>&#8211; Couro Pebble &#8211; Bolsos internos multifuncionais &#8211; Fechamento em z\u00edper, forro de tecido &#8211; Al\u00e7a remov\u00edvel com abertura de 23cm &#8211; Bolso externo com z\u00edper &#8211; Al\u00e7a remov\u00edvel com abertura de 55cm para usar no ombro ou na transversal &#8211; 34cm (Largura) x 28cm (Altura) x 13cm (Profundidade) Descri\u00e7\u00e3o Despojada com uma versatilidade sofisticada, &hellip; <\/p>\n","protected":false},"featured_media":28725,"template":"","meta":[],"product_brand":[],"product_cat":[106,349,366],"product_tag":[],"class_list":{"0":"post-28724","1":"product","2":"type-product","3":"status-publish","4":"has-post-thumbnail","6":"product_cat-bolsas","7":"product_cat-coach","8":"product_cat-todos-os-produtos","9":"latest_post","11":"first","12":"instock","13":"taxable","14":"shipping-taxable","15":"purchasable","16":"product-type-simple"},"_links":{"self":[{"href":"https:\/\/bolsadellas.com.br\/index.php?rest_route=\/wp\/v2\/product\/28724","targetHints":{"allow":["GET"]}}],"collection":[{"href":"https:\/\/bolsadellas.com.br\/index.php?rest_route=\/wp\/v2\/product"}],"about":[{"href":"https:\/\/bolsadellas.com.br\/index.php?rest_route=\/wp\/v2\/types\/product"}],"wp:featuredmedia":[{"embeddable":true,"href":"https:\/\/bolsadellas.com.br\/index.php?rest_route=\/wp\/v2\/media\/28725"}],"wp:attachment":[{"href":"https:\/\/bolsadellas.com.br\/index.php?rest_route=%2Fwp%2Fv2%2Fmedia&parent=28724"}],"wp:term":[{"taxonomy":"product_brand","embeddable":true,"href":"https:\/\/bolsadellas.com.br\/index.php?rest_route=%2Fwp%2Fv2%2Fproduct_brand&post=28724"},{"taxonomy":"product_cat","embeddable":true,"href":"https:\/\/bolsadellas.com.br\/index.php?rest_route=%2Fwp%2Fv2%2Fproduct_cat&post=28724"},{"taxonomy":"product_tag","embeddable":true,"href":"https:\/\/bolsadellas.com.br\/index.php?rest_route=%2Fwp%2Fv2%2Fproduct_tag&post=28724"}],"curies":[{"name":"wp","href":"https:\/\/api.w.org\/{rel}","templated":true}]}}