{"id":28205,"date":"2026-03-22T15:50:52","date_gmt":"2026-03-22T18:50:52","guid":{"rendered":"https:\/\/bolsadellas.com.br\/?post_type=product&#038;p=28205"},"modified":"2026-04-20T12:18:09","modified_gmt":"2026-04-20T15:18:09","slug":"alca-coach-dinky-chain-dark-gunmetal-rodio","status":"publish","type":"product","link":"https:\/\/bolsadellas.com.br\/?product=alca-coach-dinky-chain-dark-gunmetal-rodio","title":{"rendered":"Al\u00e7a Coach Dinky Chain &#8211; Dark Gunmetal &#8211; R\u00f3dio"},"content":{"rendered":"<div id=\"details\" class=\"ecn-tab-content active\">\n<div class=\"wrap\">\n<p>&#8211; Corrente em metal, com banho em r\u00f3dio negro e acabamento lustroso<\/p>\n<p>&#8211; 121cm<\/p>\n<p>&#8211; Converte em at\u00e9 tr\u00eas modos de usar: curta, longa no ombro ou transversal.<\/p>\n<\/div>\n<\/div>\n<div id=\"description\" class=\"ecn-tab-content\">\n<h2>DESCRI\u00c7\u00c3O<\/h2>\n<div class=\"wrap\">\n<div class=\"productDescription\">Atualize instantaneamente sua bolsa com esta al\u00e7a de corrente luxuosa. O design intercambi\u00e1vel possui dois clipes que permitem anex\u00e1-lo aos nossos estilos de bolsas mais tradicionais e de nossas wristlet nolitas 19 e 22.<\/div>\n<\/div>\n<\/div>\n","protected":false},"excerpt":{"rendered":"<p>&#8211; Corrente em metal, com banho em r\u00f3dio negro e acabamento lustroso &#8211; 121cm &#8211; Converte em at\u00e9 tr\u00eas modos de usar: curta, longa no ombro ou transversal. DESCRI\u00c7\u00c3O Atualize instantaneamente sua bolsa com esta al\u00e7a de corrente luxuosa. O design intercambi\u00e1vel possui dois clipes que permitem anex\u00e1-lo aos nossos estilos de bolsas mais tradicionais &hellip; <\/p>\n","protected":false},"featured_media":28207,"template":"","meta":[],"product_brand":[],"product_cat":[358,106,349,366],"product_tag":[],"class_list":{"0":"post-28205","1":"product","2":"type-product","3":"status-publish","4":"has-post-thumbnail","6":"product_cat-alcas","7":"product_cat-bolsas","8":"product_cat-coach","9":"product_cat-todos-os-produtos","10":"latest_post","12":"first","13":"instock","14":"taxable","15":"shipping-taxable","16":"purchasable","17":"product-type-simple"},"_links":{"self":[{"href":"https:\/\/bolsadellas.com.br\/index.php?rest_route=\/wp\/v2\/product\/28205","targetHints":{"allow":["GET"]}}],"collection":[{"href":"https:\/\/bolsadellas.com.br\/index.php?rest_route=\/wp\/v2\/product"}],"about":[{"href":"https:\/\/bolsadellas.com.br\/index.php?rest_route=\/wp\/v2\/types\/product"}],"wp:featuredmedia":[{"embeddable":true,"href":"https:\/\/bolsadellas.com.br\/index.php?rest_route=\/wp\/v2\/media\/28207"}],"wp:attachment":[{"href":"https:\/\/bolsadellas.com.br\/index.php?rest_route=%2Fwp%2Fv2%2Fmedia&parent=28205"}],"wp:term":[{"taxonomy":"product_brand","embeddable":true,"href":"https:\/\/bolsadellas.com.br\/index.php?rest_route=%2Fwp%2Fv2%2Fproduct_brand&post=28205"},{"taxonomy":"product_cat","embeddable":true,"href":"https:\/\/bolsadellas.com.br\/index.php?rest_route=%2Fwp%2Fv2%2Fproduct_cat&post=28205"},{"taxonomy":"product_tag","embeddable":true,"href":"https:\/\/bolsadellas.com.br\/index.php?rest_route=%2Fwp%2Fv2%2Fproduct_tag&post=28205"}],"curies":[{"name":"wp","href":"https:\/\/api.w.org\/{rel}","templated":true}]}}