{"id":27810,"date":"2026-03-23T16:12:33","date_gmt":"2026-03-23T19:12:33","guid":{"rendered":"https:\/\/bolsadellas.com.br\/?post_type=product&#038;p=27810"},"modified":"2026-04-20T12:17:43","modified_gmt":"2026-04-20T15:17:43","slug":"estojo-kipling-100-pens-rosa","status":"publish","type":"product","link":"https:\/\/bolsadellas.com.br\/?product=estojo-kipling-100-pens-rosa","title":{"rendered":"ESTOJO KIPLING 100 PENS ROSA"},"content":{"rendered":"<div class=\"pr0 items-stretch vtex-flex-layout-0-x-stretchChildrenWidth   flex\">\n<div class=\"vtex-flex-layout-0-x-flexCol vtex-flex-layout-0-x-flexCol--info-description  ml0 mr0 pl0 pr0      flex flex-column h-100 w-100\">\n<div class=\"vtex-flex-layout-0-x-flexColChild vtex-flex-layout-0-x-flexColChild--info-description pb0\">\n<div class=\"vtex-flex-layout-0-x-flexRow\">\n<div class=\"flex mt0 mb7 pt0 pb0    justify-start vtex-flex-layout-0-x-flexRowContent items-stretch w-100\">\n<div class=\"pr0 items-stretch vtex-flex-layout-0-x-stretchChildrenWidth   flex\">\n<div class=\"vtex-store-components-3-x-productDescriptionContainer\">\n<div class=\"vtex-store-components-3-x-productDescriptionText c-muted-1\">\n<div class=\"vtex-store-components-3-x-container relative\">\n<div class=\"vtex-store-components-3-x-content h-auto\">O 100 Pens \u00e9 um estojo estruturado e espa\u00e7oso, com uma divis\u00f3ria central que possui el\u00e1stico para acomodar l\u00e1pis e canetas. O modelo \u00e9 ideal para o dia a dia escolar ou at\u00e9 mesmo para guardar maquiagem.<\/div>\n<\/div>\n<\/div>\n<\/div>\n<\/div>\n<\/div>\n<\/div>\n<\/div>\n<\/div>\n<\/div>\n<div class=\"pr0 items-stretch vtex-flex-layout-0-x-stretchChildrenWidth   flex\">\n<div class=\"vtex-flex-layout-0-x-flexCol vtex-flex-layout-0-x-flexCol--info-specification  ml0 mr0 pl0 pr0      flex flex-column h-100 w-100\">\n<div class=\"vtex-flex-layout-0-x-flexColChild vtex-flex-layout-0-x-flexColChild--info-specification pb0\">\n<div class=\"vtex-flex-layout-0-x-flexRow\">\n<div class=\"flex mt0 mb0 pt0 pb0    justify-start vtex-flex-layout-0-x-flexRowContent items-stretch w-100\">\n<div class=\"pr0 items-stretch vtex-flex-layout-0-x-stretchChildrenWidth   flex\">\n<div class=\"vtex-rich-text-0-x-container vtex-rich-text-0-x-container--info-specification flex tl items-start justify-start t-body c-on-base\">\n<div class=\"vtex-rich-text-0-x-wrapper vtex-rich-text-0-x-wrapper--info-specification\">\n<h5 class=\"vtex-rich-text-0-x-heading vtex-rich-text-0-x-heading--info-specification t-heading-5 vtex-rich-text-0-x-headingLevel5 vtex-rich-text-0-x-headingLevel5--info-specification vtex-rich-text-0-x-heading-level-5\">ESPECIFICA\u00c7\u00d5ES<\/h5>\n<\/div>\n<\/div>\n<\/div>\n<\/div>\n<\/div>\n<\/div>\n<div class=\"vtex-flex-layout-0-x-flexColChild vtex-flex-layout-0-x-flexColChild--info-specification pb0\">\n<div class=\"vtex-flex-layout-0-x-flexRow vtex-flex-layout-0-x-flexRow--productSpecificationGroup\">\n<div class=\"flex mt0 mb0 pt0 pb0    justify-start vtex-flex-layout-0-x-flexRowContent vtex-flex-layout-0-x-flexRowContent--productSpecificationGroup items-stretch w-100\">\n<div class=\"pr0 items-stretch vtex-flex-layout-0-x-stretchChildrenWidth   flex\">\n<div class=\"vtex-flex-layout-0-x-flexCol  ml0 mr0 pl0 pr0      flex flex-column h-100 w-100\">\n<div class=\"vtex-flex-layout-0-x-flexColChild pb0\">\n<div class=\"vtex-flex-layout-0-x-flexRow vtex-flex-layout-0-x-flexRow--productSpecification\">\n<div class=\"flex mt0 mb0 pt0 pb0    justify-start vtex-flex-layout-0-x-flexRowContent vtex-flex-layout-0-x-flexRowContent--productSpecification items-stretch w-100\">\n<div class=\"pr0 items-stretch vtex-flex-layout-0-x-stretchChildrenWidth   flex\">\n<div class=\"vtex-flex-layout-0-x-flexCol vtex-flex-layout-0-x-flexCol--productSpecificationName  ml0 mr0 pl0 pr0      flex flex-column h-100 w-100\">\n<div class=\"vtex-flex-layout-0-x-flexColChild vtex-flex-layout-0-x-flexColChild--productSpecificationName pb0\"><span class=\"vtex-product-specifications-1-x-specificationName\" data-specification-group=\"Grupo\" data-specification-name=\"Cor Original\">Cor Original<\/span><\/div>\n<\/div>\n<\/div>\n<div class=\"pr0 items-stretch vtex-flex-layout-0-x-stretchChildrenWidth   flex\">\n<div class=\"vtex-flex-layout-0-x-flexCol vtex-flex-layout-0-x-flexCol--productSpecificationValue  ml0 mr0 pl0 pr0      flex flex-column h-100 w-100\">\n<div class=\"vtex-flex-layout-0-x-flexColChild vtex-flex-layout-0-x-flexColChild--productSpecificationValue pb0\"><span class=\"vtex-product-specifications-1-x-specificationValue vtex-product-specifications-1-x-specificationValue--first vtex-product-specifications-1-x-specificationValue--last\" data-specification-group=\"Grupo\" data-specification-name=\"Cor Original\" data-specification-value=\"Bridal Rose\">Bridal Rose<\/span><\/div>\n<\/div>\n<\/div>\n<\/div>\n<\/div>\n<\/div>\n<\/div>\n<\/div>\n<\/div>\n<\/div>\n<\/div>\n<div class=\"vtex-flex-layout-0-x-flexColChild vtex-flex-layout-0-x-flexColChild--info-specification pb0\">\n<div class=\"kipling-product-components-0-x-InfoProductEspecificationsArea\">\n<div class=\"kipling-product-components-0-x-InfoProductEspecificationsTitle1\">Dimens\u00f5es<\/div>\n<div class=\"kipling-product-components-0-x-InfoProductEspecificationsInfo\">21 x 15 cm.<\/div>\n<\/div>\n<\/div>\n<\/div>\n<\/div>\n","protected":false},"excerpt":{"rendered":"<p>O 100 Pens \u00e9 um estojo estruturado e espa\u00e7oso, com uma divis\u00f3ria central que possui el\u00e1stico para acomodar l\u00e1pis e canetas. O modelo \u00e9 ideal para o dia a dia escolar ou at\u00e9 mesmo para guardar maquiagem. ESPECIFICA\u00c7\u00d5ES Cor Original Bridal Rose Dimens\u00f5es 21 x 15 cm.<\/p>\n","protected":false},"featured_media":27805,"template":"","meta":[],"product_brand":[],"product_cat":[328,356,366],"product_tag":[],"class_list":{"0":"post-27810","1":"product","2":"type-product","3":"status-publish","4":"has-post-thumbnail","6":"product_cat-kipling","7":"product_cat-neccesest","8":"product_cat-todos-os-produtos","9":"latest_post","11":"first","12":"instock","13":"taxable","14":"shipping-taxable","15":"purchasable","16":"product-type-simple"},"_links":{"self":[{"href":"https:\/\/bolsadellas.com.br\/index.php?rest_route=\/wp\/v2\/product\/27810","targetHints":{"allow":["GET"]}}],"collection":[{"href":"https:\/\/bolsadellas.com.br\/index.php?rest_route=\/wp\/v2\/product"}],"about":[{"href":"https:\/\/bolsadellas.com.br\/index.php?rest_route=\/wp\/v2\/types\/product"}],"wp:featuredmedia":[{"embeddable":true,"href":"https:\/\/bolsadellas.com.br\/index.php?rest_route=\/wp\/v2\/media\/27805"}],"wp:attachment":[{"href":"https:\/\/bolsadellas.com.br\/index.php?rest_route=%2Fwp%2Fv2%2Fmedia&parent=27810"}],"wp:term":[{"taxonomy":"product_brand","embeddable":true,"href":"https:\/\/bolsadellas.com.br\/index.php?rest_route=%2Fwp%2Fv2%2Fproduct_brand&post=27810"},{"taxonomy":"product_cat","embeddable":true,"href":"https:\/\/bolsadellas.com.br\/index.php?rest_route=%2Fwp%2Fv2%2Fproduct_cat&post=27810"},{"taxonomy":"product_tag","embeddable":true,"href":"https:\/\/bolsadellas.com.br\/index.php?rest_route=%2Fwp%2Fv2%2Fproduct_tag&post=27810"}],"curies":[{"name":"wp","href":"https:\/\/api.w.org\/{rel}","templated":true}]}}