{"id":27334,"date":"2025-12-01T11:21:42","date_gmt":"2025-12-01T14:21:42","guid":{"rendered":"https:\/\/bolsadellas.com.br\/?post_type=product&#038;p=27334"},"modified":"2026-03-09T17:15:55","modified_gmt":"2026-03-09T20:15:55","slug":"bolsa-coach-tabby-quilting-20","status":"publish","type":"product","link":"https:\/\/bolsadellas.com.br\/?product=bolsa-coach-tabby-quilting-20","title":{"rendered":"Bolsa Coach Tabby QUILTING 20 off"},"content":{"rendered":"<p>&nbsp;<\/p>\n<ul class=\"_fdc1e5\">\n<li class=\"ltr-4y8w0i-Body\" data-component=\"Body\">couro de nappa<\/li>\n<li class=\"ltr-4y8w0i-Body\" data-component=\"Body\">matelass\u00ea<\/li>\n<li class=\"ltr-4y8w0i-Body\" data-component=\"Body\">tag de logo<\/li>\n<li class=\"ltr-4y8w0i-Body\" data-component=\"Body\">detalhe de fivela com logo<\/li>\n<li class=\"ltr-4y8w0i-Body\" data-component=\"Body\">parte superior dobr\u00e1vel<\/li>\n<li class=\"ltr-4y8w0i-Body\" data-component=\"Body\">fechamento por encaixe<\/li>\n<li class=\"ltr-4y8w0i-Body\" data-component=\"Body\">al\u00e7a de ombro de corrente<\/li>\n<li class=\"ltr-4y8w0i-Body\" data-component=\"Body\">bolso frontal embutido<\/li>\n<li class=\"ltr-4y8w0i-Body\" data-component=\"Body\">compartimento com divis\u00f3rias<\/li>\n<li class=\"ltr-4y8w0i-Body\" data-component=\"Body\">patch interno de logo<\/li>\n<li class=\"ltr-4y8w0i-Body\" data-component=\"Body\">forro de lona<\/li>\n<li class=\"ltr-4y8w0i-Body\" data-component=\"Body\">ferragem dourada<\/li>\n<\/ul>\n<p>Medidas: 20 x 11 cm.<\/p>\n","protected":false},"excerpt":{"rendered":"<p>&nbsp; couro de nappa matelass\u00ea tag de logo detalhe de fivela com logo parte superior dobr\u00e1vel fechamento por encaixe al\u00e7a de ombro de corrente bolso frontal embutido compartimento com divis\u00f3rias patch interno de logo forro de lona ferragem dourada Medidas: 20 x 11 cm.<\/p>\n","protected":false},"featured_media":29094,"template":"","meta":[],"product_brand":[],"product_cat":[106,349,366],"product_tag":[],"class_list":{"0":"post-27334","1":"product","2":"type-product","3":"status-publish","4":"has-post-thumbnail","6":"product_cat-bolsas","7":"product_cat-coach","8":"product_cat-todos-os-produtos","9":"latest_post","11":"first","12":"outofstock","13":"taxable","14":"shipping-taxable","15":"purchasable","16":"product-type-simple"},"_links":{"self":[{"href":"https:\/\/bolsadellas.com.br\/index.php?rest_route=\/wp\/v2\/product\/27334","targetHints":{"allow":["GET"]}}],"collection":[{"href":"https:\/\/bolsadellas.com.br\/index.php?rest_route=\/wp\/v2\/product"}],"about":[{"href":"https:\/\/bolsadellas.com.br\/index.php?rest_route=\/wp\/v2\/types\/product"}],"wp:featuredmedia":[{"embeddable":true,"href":"https:\/\/bolsadellas.com.br\/index.php?rest_route=\/wp\/v2\/media\/29094"}],"wp:attachment":[{"href":"https:\/\/bolsadellas.com.br\/index.php?rest_route=%2Fwp%2Fv2%2Fmedia&parent=27334"}],"wp:term":[{"taxonomy":"product_brand","embeddable":true,"href":"https:\/\/bolsadellas.com.br\/index.php?rest_route=%2Fwp%2Fv2%2Fproduct_brand&post=27334"},{"taxonomy":"product_cat","embeddable":true,"href":"https:\/\/bolsadellas.com.br\/index.php?rest_route=%2Fwp%2Fv2%2Fproduct_cat&post=27334"},{"taxonomy":"product_tag","embeddable":true,"href":"https:\/\/bolsadellas.com.br\/index.php?rest_route=%2Fwp%2Fv2%2Fproduct_tag&post=27334"}],"curies":[{"name":"wp","href":"https:\/\/api.w.org\/{rel}","templated":true}]}}