{"id":27284,"date":"2025-07-28T08:14:27","date_gmt":"2025-07-28T11:14:27","guid":{"rendered":"https:\/\/bolsadellas.com.br\/?post_type=product&#038;p=27284"},"modified":"2025-10-30T12:55:31","modified_gmt":"2025-10-30T15:55:31","slug":"alca-metal-chain-strap-coach-dourada","status":"publish","type":"product","link":"https:\/\/bolsadellas.com.br\/?product=alca-metal-chain-strap-coach-dourada","title":{"rendered":"Al\u00e7a Metal Chain Strap Coach dourada"},"content":{"rendered":"<div id=\"details\" class=\"ecn-tab-content active\">\n<div class=\"wrap\">\n<p>&#8211; Metal dourado<\/p>\n<p>&#8211; Comprimento: 48cm<\/p>\n<\/div>\n<\/div>\n<div id=\"description\" class=\"ecn-tab-content\">\n<h2>DESCRI\u00c7\u00c3O<\/h2>\n<div class=\"wrap\">\n<div class=\"productDescription\">Atualize instantaneamente sua bolsa com esta al\u00e7a em elo de corrente. O estilo intercambi\u00e1vel apresenta dois clipes de dogleash, que permitem que voc\u00ea a prenda aos nossos estilos mais cl\u00e1ssicos.<\/div>\n<\/div>\n<\/div>\n","protected":false},"excerpt":{"rendered":"<p>&#8211; Metal dourado &#8211; Comprimento: 48cm DESCRI\u00c7\u00c3O Atualize instantaneamente sua bolsa com esta al\u00e7a em elo de corrente. O estilo intercambi\u00e1vel apresenta dois clipes de dogleash, que permitem que voc\u00ea a prenda aos nossos estilos mais cl\u00e1ssicos.<\/p>\n","protected":false},"featured_media":27287,"template":"","meta":[],"product_brand":[],"product_cat":[358,106,349,366],"product_tag":[],"class_list":{"0":"post-27284","1":"product","2":"type-product","3":"status-publish","4":"has-post-thumbnail","6":"product_cat-alcas","7":"product_cat-bolsas","8":"product_cat-coach","9":"product_cat-todos-os-produtos","10":"latest_post","12":"first","13":"outofstock","14":"taxable","15":"shipping-taxable","16":"purchasable","17":"product-type-simple"},"_links":{"self":[{"href":"https:\/\/bolsadellas.com.br\/index.php?rest_route=\/wp\/v2\/product\/27284","targetHints":{"allow":["GET"]}}],"collection":[{"href":"https:\/\/bolsadellas.com.br\/index.php?rest_route=\/wp\/v2\/product"}],"about":[{"href":"https:\/\/bolsadellas.com.br\/index.php?rest_route=\/wp\/v2\/types\/product"}],"wp:featuredmedia":[{"embeddable":true,"href":"https:\/\/bolsadellas.com.br\/index.php?rest_route=\/wp\/v2\/media\/27287"}],"wp:attachment":[{"href":"https:\/\/bolsadellas.com.br\/index.php?rest_route=%2Fwp%2Fv2%2Fmedia&parent=27284"}],"wp:term":[{"taxonomy":"product_brand","embeddable":true,"href":"https:\/\/bolsadellas.com.br\/index.php?rest_route=%2Fwp%2Fv2%2Fproduct_brand&post=27284"},{"taxonomy":"product_cat","embeddable":true,"href":"https:\/\/bolsadellas.com.br\/index.php?rest_route=%2Fwp%2Fv2%2Fproduct_cat&post=27284"},{"taxonomy":"product_tag","embeddable":true,"href":"https:\/\/bolsadellas.com.br\/index.php?rest_route=%2Fwp%2Fv2%2Fproduct_tag&post=27284"}],"curies":[{"name":"wp","href":"https:\/\/api.w.org\/{rel}","templated":true}]}}