{"id":26973,"date":"2026-04-15T12:24:42","date_gmt":"2026-04-15T15:24:42","guid":{"rendered":"https:\/\/bolsadellas.com.br\/?post_type=product&#038;p=26973"},"modified":"2026-05-06T10:25:09","modified_gmt":"2026-05-06T13:25:09","slug":"bolsa-carmim-sevilha-baby","status":"publish","type":"product","link":"https:\/\/bolsadellas.com.br\/?product=bolsa-carmim-sevilha-baby","title":{"rendered":"Bolsa Carmim Sevilha baby"},"content":{"rendered":"<p>Bolsa Sevilha Framboesa.<\/p>\n<p>Nossa bolsa \u00edcone.<br \/>\nCriada pensando em qualidade e sofistica\u00e7\u00e3o.<br \/>\nEm couro napa diva, com estrutura em couro atanado, metais em banho ouro e n\u00edquel com acabamento de escova\u00e7\u00e3o manual.<\/p>\n<p>Couro.<\/p>\n<p>Dimens\u00f5es:<br \/>\nAltura: 25cm<br \/>\nLargura: 18cm<br \/>\nProfundidade: 12cm<\/p>\n","protected":false},"excerpt":{"rendered":"<p>Bolsa Sevilha Framboesa. Nossa bolsa \u00edcone. Criada pensando em qualidade e sofistica\u00e7\u00e3o. Em couro napa diva, com estrutura em couro atanado, metais em banho ouro e n\u00edquel com acabamento de escova\u00e7\u00e3o manual. Couro. Dimens\u00f5es: Altura: 25cm Largura: 18cm Profundidade: 12cm<\/p>\n","protected":false},"featured_media":26974,"template":"","meta":[],"product_brand":[],"product_cat":[106,319,230,366],"product_tag":[],"class_list":{"0":"post-26973","1":"product","2":"type-product","3":"status-publish","4":"has-post-thumbnail","6":"product_cat-bolsas","7":"product_cat-carmim","8":"product_cat-sale","9":"product_cat-todos-os-produtos","10":"latest_post","12":"first","13":"instock","14":"sale","15":"taxable","16":"shipping-taxable","17":"purchasable","18":"product-type-simple"},"_links":{"self":[{"href":"https:\/\/bolsadellas.com.br\/index.php?rest_route=\/wp\/v2\/product\/26973","targetHints":{"allow":["GET"]}}],"collection":[{"href":"https:\/\/bolsadellas.com.br\/index.php?rest_route=\/wp\/v2\/product"}],"about":[{"href":"https:\/\/bolsadellas.com.br\/index.php?rest_route=\/wp\/v2\/types\/product"}],"wp:featuredmedia":[{"embeddable":true,"href":"https:\/\/bolsadellas.com.br\/index.php?rest_route=\/wp\/v2\/media\/26974"}],"wp:attachment":[{"href":"https:\/\/bolsadellas.com.br\/index.php?rest_route=%2Fwp%2Fv2%2Fmedia&parent=26973"}],"wp:term":[{"taxonomy":"product_brand","embeddable":true,"href":"https:\/\/bolsadellas.com.br\/index.php?rest_route=%2Fwp%2Fv2%2Fproduct_brand&post=26973"},{"taxonomy":"product_cat","embeddable":true,"href":"https:\/\/bolsadellas.com.br\/index.php?rest_route=%2Fwp%2Fv2%2Fproduct_cat&post=26973"},{"taxonomy":"product_tag","embeddable":true,"href":"https:\/\/bolsadellas.com.br\/index.php?rest_route=%2Fwp%2Fv2%2Fproduct_tag&post=26973"}],"curies":[{"name":"wp","href":"https:\/\/api.w.org\/{rel}","templated":true}]}}