{"id":26068,"date":"2026-04-28T14:30:40","date_gmt":"2026-04-28T17:30:40","guid":{"rendered":"https:\/\/bolsadellas.com.br\/?post_type=product&#038;p=26068"},"modified":"2026-05-01T16:48:59","modified_gmt":"2026-05-01T19:48:59","slug":"bolsa-de-mao-coach-small-verde","status":"publish","type":"product","link":"https:\/\/bolsadellas.com.br\/?product=bolsa-de-mao-coach-small-verde","title":{"rendered":"Bolsa de M\u00e3o Coach wristlet marrom"},"content":{"rendered":"<div id=\"details\" class=\"ecn-tab-content active\">\n<div class=\"wrap\">\n<p>&#8211; Couro Pebble polido<\/p>\n<p>&#8211; Dois compartimentos para cart\u00e3o de cr\u00e9dito<\/p>\n<p>&#8211; Fechamento em z\u00edper, forro em tecido<\/p>\n<p>&#8211; Al\u00e7a de punho remov\u00edvel<\/p>\n<p>&#8211; Ideal para iPhone ou Android<\/p>\n<p>&#8211; 19 cm (Largura) x 12 cm (Altura) x 1,3 cm (Profundidade)<\/p>\n<p>&#8211; *N\u00e3o acompanha Dust Bag<\/p>\n<\/div>\n<\/div>\n<div id=\"description\" class=\"ecn-tab-content\">\n<h2>DESCRI\u00c7\u00c3O<\/h2>\n<div class=\"wrap\">\n<div class=\"productDescription\">Feita de couro Pebble polido detalhado com nosso hardware, esta wristlet \u00e9 perfeitamente dimensionada para cart\u00f5es, dinheiro e um telefone. Use-a no pulso ou prenda-a dentro de uma bolsa Coach maior.<\/div>\n<\/div>\n<\/div>\n","protected":false},"excerpt":{"rendered":"<p>&#8211; Couro Pebble polido &#8211; Dois compartimentos para cart\u00e3o de cr\u00e9dito &#8211; Fechamento em z\u00edper, forro em tecido &#8211; Al\u00e7a de punho remov\u00edvel &#8211; Ideal para iPhone ou Android &#8211; 19 cm (Largura) x 12 cm (Altura) x 1,3 cm (Profundidade) &#8211; *N\u00e3o acompanha Dust Bag DESCRI\u00c7\u00c3O Feita de couro Pebble polido detalhado com nosso &hellip; <\/p>\n","protected":false},"featured_media":34378,"template":"","meta":[],"product_brand":[],"product_cat":[106,109,349,366],"product_tag":[],"class_list":{"0":"post-26068","1":"product","2":"type-product","3":"status-publish","4":"has-post-thumbnail","6":"product_cat-bolsas","7":"product_cat-carteiras","8":"product_cat-coach","9":"product_cat-todos-os-produtos","10":"latest_post","12":"first","13":"outofstock","14":"taxable","15":"shipping-taxable","16":"purchasable","17":"product-type-simple"},"_links":{"self":[{"href":"https:\/\/bolsadellas.com.br\/index.php?rest_route=\/wp\/v2\/product\/26068","targetHints":{"allow":["GET"]}}],"collection":[{"href":"https:\/\/bolsadellas.com.br\/index.php?rest_route=\/wp\/v2\/product"}],"about":[{"href":"https:\/\/bolsadellas.com.br\/index.php?rest_route=\/wp\/v2\/types\/product"}],"wp:featuredmedia":[{"embeddable":true,"href":"https:\/\/bolsadellas.com.br\/index.php?rest_route=\/wp\/v2\/media\/34378"}],"wp:attachment":[{"href":"https:\/\/bolsadellas.com.br\/index.php?rest_route=%2Fwp%2Fv2%2Fmedia&parent=26068"}],"wp:term":[{"taxonomy":"product_brand","embeddable":true,"href":"https:\/\/bolsadellas.com.br\/index.php?rest_route=%2Fwp%2Fv2%2Fproduct_brand&post=26068"},{"taxonomy":"product_cat","embeddable":true,"href":"https:\/\/bolsadellas.com.br\/index.php?rest_route=%2Fwp%2Fv2%2Fproduct_cat&post=26068"},{"taxonomy":"product_tag","embeddable":true,"href":"https:\/\/bolsadellas.com.br\/index.php?rest_route=%2Fwp%2Fv2%2Fproduct_tag&post=26068"}],"curies":[{"name":"wp","href":"https:\/\/api.w.org\/{rel}","templated":true}]}}