{"id":25633,"date":"2026-04-01T23:35:13","date_gmt":"2026-04-02T02:35:13","guid":{"rendered":"https:\/\/bolsadellas.com.br\/?post_type=product&#038;p=25633"},"modified":"2026-04-16T11:20:42","modified_gmt":"2026-04-16T14:20:42","slug":"estojo-kipling-duobox-cinza","status":"publish","type":"product","link":"https:\/\/bolsadellas.com.br\/?product=estojo-kipling-duobox-cinza","title":{"rendered":"ESTOJO KIPLING DUOBOX CINZA"},"content":{"rendered":"<p>Um cl\u00e1ssico da Kipling! O nosso lindo duobox \u00e9 literalmente um estojo para carregar tudo que voc\u00ea precisa, com muito estilo e funcionalidade. Ele possui um compartimento principal para voc\u00ea guardar seus l\u00e1pis e outros materiais tais como canetinhas, maquiagens e outros itens colecion\u00e1veis. Ele tamb\u00e9m disp\u00f5e de el\u00e1sticos organizadores para que voc\u00ea possa guardar seus l\u00e1pis e canetas com bastante seguran\u00e7a.<\/p>\n<p>20 x 8 x 7 cm.<\/p>\n","protected":false},"excerpt":{"rendered":"<p>Um cl\u00e1ssico da Kipling! O nosso lindo duobox \u00e9 literalmente um estojo para carregar tudo que voc\u00ea precisa, com muito estilo e funcionalidade. Ele possui um compartimento principal para voc\u00ea guardar seus l\u00e1pis e outros materiais tais como canetinhas, maquiagens e outros itens colecion\u00e1veis. Ele tamb\u00e9m disp\u00f5e de el\u00e1sticos organizadores para que voc\u00ea possa guardar &hellip; <\/p>\n","protected":false},"featured_media":25634,"template":"","meta":[],"product_brand":[],"product_cat":[328,356,366],"product_tag":[],"class_list":{"0":"post-25633","1":"product","2":"type-product","3":"status-publish","4":"has-post-thumbnail","6":"product_cat-kipling","7":"product_cat-neccesest","8":"product_cat-todos-os-produtos","9":"latest_post","11":"first","12":"instock","13":"taxable","14":"shipping-taxable","15":"purchasable","16":"product-type-simple"},"_links":{"self":[{"href":"https:\/\/bolsadellas.com.br\/index.php?rest_route=\/wp\/v2\/product\/25633","targetHints":{"allow":["GET"]}}],"collection":[{"href":"https:\/\/bolsadellas.com.br\/index.php?rest_route=\/wp\/v2\/product"}],"about":[{"href":"https:\/\/bolsadellas.com.br\/index.php?rest_route=\/wp\/v2\/types\/product"}],"wp:featuredmedia":[{"embeddable":true,"href":"https:\/\/bolsadellas.com.br\/index.php?rest_route=\/wp\/v2\/media\/25634"}],"wp:attachment":[{"href":"https:\/\/bolsadellas.com.br\/index.php?rest_route=%2Fwp%2Fv2%2Fmedia&parent=25633"}],"wp:term":[{"taxonomy":"product_brand","embeddable":true,"href":"https:\/\/bolsadellas.com.br\/index.php?rest_route=%2Fwp%2Fv2%2Fproduct_brand&post=25633"},{"taxonomy":"product_cat","embeddable":true,"href":"https:\/\/bolsadellas.com.br\/index.php?rest_route=%2Fwp%2Fv2%2Fproduct_cat&post=25633"},{"taxonomy":"product_tag","embeddable":true,"href":"https:\/\/bolsadellas.com.br\/index.php?rest_route=%2Fwp%2Fv2%2Fproduct_tag&post=25633"}],"curies":[{"name":"wp","href":"https:\/\/api.w.org\/{rel}","templated":true}]}}