{"id":25462,"date":"2026-03-15T16:43:19","date_gmt":"2026-03-15T19:43:19","guid":{"rendered":"https:\/\/bolsadellas.com.br\/?post_type=product&#038;p=25462"},"modified":"2026-03-17T12:33:15","modified_gmt":"2026-03-17T15:33:15","slug":"bolsa-coach-rogue-25-signature","status":"publish","type":"product","link":"https:\/\/bolsadellas.com.br\/?product=bolsa-coach-rogue-25-signature","title":{"rendered":"Bolsa Coach Rogue 25 Signature"},"content":{"rendered":"<div id=\"details\" class=\"ecn-tab-content active\">\n<div class=\"wrap\">\n<p>&#8211; Jacquard exclusivo, couro Glovetanned e camur\u00e7a<\/p>\n<p>&#8211; Um espa\u00e7o para cart\u00e3o de cr\u00e9dito<\/p>\n<p>&#8211; Bolsos internos e multifuncionais<\/p>\n<p>&#8211; Fecho em z\u00edper, forro de tecido e camur\u00e7a<\/p>\n<p>&#8211; Dois compartimentos abertos<\/p>\n<p>&#8211; Al\u00e7as com abertura de 10cm<\/p>\n<p>&#8211; Al\u00e7as remov\u00edveis com abertura de 30cm para uso nos ombros<\/p>\n<p>&#8211; Al\u00e7a longa remov\u00edvel com abertura de 55cm para uso no ombro ou na transversal<\/p>\n<p>&#8211; Base com quatro p\u00e9s para prote\u00e7\u00e3o<\/p>\n<p>&#8211; 25cm (Largura) x 20cm (Altura) x 14cm (Profundidade)<\/p>\n<p>&#8211; Cole\u00e7\u00e3o Coach Forever<\/p>\n<\/div>\n<\/div>\n<div id=\"description\" class=\"ecn-tab-content\">\n<h2>DESCRI\u00c7\u00c3O<\/h2>\n<div class=\"wrap\">\n<div class=\"productDescription\">Nossa ador\u00e1vel e mais vendida Rogue \u00e9 feita em exclusivo Jacquard, com preocupa\u00e7\u00e3o ao meio ambiente, com um material cuidadosamente trabalhado feito em uma mistura de algod\u00e3o org\u00e2nico e garrafas de pl\u00e1stico recicladas. Tudo isso faz parte do nosso compromisso em repensar e reduzir nosso impacto no planeta, reaproveitando os res\u00edduos. E h\u00e1 ainda mais para amar: um pouco menor que a original, a Rogue 25 tem dois compartimentos abertos e um seguro compartimento central com fecho em z\u00edper. Feita para durar, use-a, ame-a, passe-a adiante.<\/div>\n<\/div>\n<\/div>\n","protected":false},"excerpt":{"rendered":"<p>&#8211; Jacquard exclusivo, couro Glovetanned e camur\u00e7a &#8211; Um espa\u00e7o para cart\u00e3o de cr\u00e9dito &#8211; Bolsos internos e multifuncionais &#8211; Fecho em z\u00edper, forro de tecido e camur\u00e7a &#8211; Dois compartimentos abertos &#8211; Al\u00e7as com abertura de 10cm &#8211; Al\u00e7as remov\u00edveis com abertura de 30cm para uso nos ombros &#8211; Al\u00e7a longa remov\u00edvel com abertura &hellip; <\/p>\n","protected":false},"featured_media":31180,"template":"","meta":[],"product_brand":[],"product_cat":[106,349,366],"product_tag":[],"class_list":{"0":"post-25462","1":"product","2":"type-product","3":"status-publish","4":"has-post-thumbnail","6":"product_cat-bolsas","7":"product_cat-coach","8":"product_cat-todos-os-produtos","9":"latest_post","11":"first","12":"instock","13":"taxable","14":"shipping-taxable","15":"purchasable","16":"product-type-simple"},"_links":{"self":[{"href":"https:\/\/bolsadellas.com.br\/index.php?rest_route=\/wp\/v2\/product\/25462","targetHints":{"allow":["GET"]}}],"collection":[{"href":"https:\/\/bolsadellas.com.br\/index.php?rest_route=\/wp\/v2\/product"}],"about":[{"href":"https:\/\/bolsadellas.com.br\/index.php?rest_route=\/wp\/v2\/types\/product"}],"wp:featuredmedia":[{"embeddable":true,"href":"https:\/\/bolsadellas.com.br\/index.php?rest_route=\/wp\/v2\/media\/31180"}],"wp:attachment":[{"href":"https:\/\/bolsadellas.com.br\/index.php?rest_route=%2Fwp%2Fv2%2Fmedia&parent=25462"}],"wp:term":[{"taxonomy":"product_brand","embeddable":true,"href":"https:\/\/bolsadellas.com.br\/index.php?rest_route=%2Fwp%2Fv2%2Fproduct_brand&post=25462"},{"taxonomy":"product_cat","embeddable":true,"href":"https:\/\/bolsadellas.com.br\/index.php?rest_route=%2Fwp%2Fv2%2Fproduct_cat&post=25462"},{"taxonomy":"product_tag","embeddable":true,"href":"https:\/\/bolsadellas.com.br\/index.php?rest_route=%2Fwp%2Fv2%2Fproduct_tag&post=25462"}],"curies":[{"name":"wp","href":"https:\/\/api.w.org\/{rel}","templated":true}]}}