{"id":25383,"date":"2026-04-10T18:15:44","date_gmt":"2026-04-10T21:15:44","guid":{"rendered":"https:\/\/bolsadellas.com.br\/?post_type=product&#038;p=25383"},"modified":"2026-04-13T10:14:57","modified_gmt":"2026-04-13T13:14:57","slug":"bolsa-coach-lana-shoulder-23","status":"publish","type":"product","link":"https:\/\/bolsadellas.com.br\/?product=bolsa-coach-lana-shoulder-23","title":{"rendered":"Bolsa Coach Lana Shoulder 23 off"},"content":{"rendered":"<div id=\"details\" class=\"ecn-tab-content active\">\n<div class=\"wrap\">\n<p style=\"text-align: center;\">\u2013 Couro Pebble polido<\/p>\n<p>\u2013 Fecho magn\u00e9tico, forro em couro e tecido<\/p>\n<p>\u2013 Compartimentos laterais abertos<\/p>\n<p>\u2013 Al\u00e7as com abertura de 13 cm<\/p>\n<p>\u2013 Al\u00e7a remov\u00edvel com averturade 54,5 cm para uso no ombro ou na transversal<\/p>\n<p>\u2013 23 cm (Largura) x 31,5 cm (Altura) x 13,5 cm (Profundidade)<\/p>\n<\/div>\n<\/div>\n<div id=\"description\" class=\"ecn-tab-content\">\n<div class=\"wrap\">\n<div class=\"productDescription\">Uma hero\u00edna do guarda-roupa para cada dia, Lana combina f\u00e1cil organiza\u00e7\u00e3o com bons aparecimentos sofisticados. Detalhado com nosso hardware Signature, o modelo de couro polido em tamanho compacto 23 tem um compartimento de z\u00edper central para proteger os pertentes, dois compartimentos abertos e uma al\u00e7a remov\u00edvel para uso na transversal. \u00c9 elegante, espa\u00e7oso, moderno e funcional (basicamente, tudo o que voc\u00ea deseja em uma bolsa).<\/div>\n<\/div>\n<\/div>\n","protected":false},"excerpt":{"rendered":"<p>\u2013 Couro Pebble polido \u2013 Fecho magn\u00e9tico, forro em couro e tecido \u2013 Compartimentos laterais abertos \u2013 Al\u00e7as com abertura de 13 cm \u2013 Al\u00e7a remov\u00edvel com averturade 54,5 cm para uso no ombro ou na transversal \u2013 23 cm (Largura) x 31,5 cm (Altura) x 13,5 cm (Profundidade) Uma hero\u00edna do guarda-roupa para cada &hellip; <\/p>\n","protected":false},"featured_media":31698,"template":"","meta":[],"product_brand":[],"product_cat":[106,349,366],"product_tag":[],"class_list":{"0":"post-25383","1":"product","2":"type-product","3":"status-publish","4":"has-post-thumbnail","6":"product_cat-bolsas","7":"product_cat-coach","8":"product_cat-todos-os-produtos","9":"latest_post","11":"first","12":"instock","13":"taxable","14":"shipping-taxable","15":"purchasable","16":"product-type-simple"},"_links":{"self":[{"href":"https:\/\/bolsadellas.com.br\/index.php?rest_route=\/wp\/v2\/product\/25383","targetHints":{"allow":["GET"]}}],"collection":[{"href":"https:\/\/bolsadellas.com.br\/index.php?rest_route=\/wp\/v2\/product"}],"about":[{"href":"https:\/\/bolsadellas.com.br\/index.php?rest_route=\/wp\/v2\/types\/product"}],"wp:featuredmedia":[{"embeddable":true,"href":"https:\/\/bolsadellas.com.br\/index.php?rest_route=\/wp\/v2\/media\/31698"}],"wp:attachment":[{"href":"https:\/\/bolsadellas.com.br\/index.php?rest_route=%2Fwp%2Fv2%2Fmedia&parent=25383"}],"wp:term":[{"taxonomy":"product_brand","embeddable":true,"href":"https:\/\/bolsadellas.com.br\/index.php?rest_route=%2Fwp%2Fv2%2Fproduct_brand&post=25383"},{"taxonomy":"product_cat","embeddable":true,"href":"https:\/\/bolsadellas.com.br\/index.php?rest_route=%2Fwp%2Fv2%2Fproduct_cat&post=25383"},{"taxonomy":"product_tag","embeddable":true,"href":"https:\/\/bolsadellas.com.br\/index.php?rest_route=%2Fwp%2Fv2%2Fproduct_tag&post=25383"}],"curies":[{"name":"wp","href":"https:\/\/api.w.org\/{rel}","templated":true}]}}