{"id":23745,"date":"2026-02-22T15:17:32","date_gmt":"2026-02-22T18:17:32","guid":{"rendered":"https:\/\/bolsadellas.com.br\/?post_type=product&#038;p=23745"},"modified":"2026-03-23T09:43:04","modified_gmt":"2026-03-23T12:43:04","slug":"estojo-necessaire-kipling-100-pens-marinho","status":"publish","type":"product","link":"https:\/\/bolsadellas.com.br\/?product=estojo-necessaire-kipling-100-pens-marinho","title":{"rendered":"Estojo \/ necessaire Kipling 100 pens &#8211; marinho"},"content":{"rendered":"<p>O 100 Pens \u00e9 um estojo estruturado e espa\u00e7oso, com uma divis\u00f3ria central que possui el\u00e1stico para acomodar l\u00e1pis e canetas. O modelo \u00e9 ideal para o dia a dia escolar ou at\u00e9 mesmo para guardar maquiagem.<\/p>\n<p>Medidas: 21 x 15 x 5 cm.<\/p>\n","protected":false},"excerpt":{"rendered":"<p>O 100 Pens \u00e9 um estojo estruturado e espa\u00e7oso, com uma divis\u00f3ria central que possui el\u00e1stico para acomodar l\u00e1pis e canetas. O modelo \u00e9 ideal para o dia a dia escolar ou at\u00e9 mesmo para guardar maquiagem. Medidas: 21 x 15 x 5 cm.<\/p>\n","protected":false},"featured_media":23746,"template":"","meta":[],"product_brand":[],"product_cat":[328,356,366],"product_tag":[],"class_list":{"0":"post-23745","1":"product","2":"type-product","3":"status-publish","4":"has-post-thumbnail","6":"product_cat-kipling","7":"product_cat-neccesest","8":"product_cat-todos-os-produtos","9":"latest_post","11":"first","12":"instock","13":"taxable","14":"shipping-taxable","15":"purchasable","16":"product-type-simple"},"_links":{"self":[{"href":"https:\/\/bolsadellas.com.br\/index.php?rest_route=\/wp\/v2\/product\/23745","targetHints":{"allow":["GET"]}}],"collection":[{"href":"https:\/\/bolsadellas.com.br\/index.php?rest_route=\/wp\/v2\/product"}],"about":[{"href":"https:\/\/bolsadellas.com.br\/index.php?rest_route=\/wp\/v2\/types\/product"}],"wp:featuredmedia":[{"embeddable":true,"href":"https:\/\/bolsadellas.com.br\/index.php?rest_route=\/wp\/v2\/media\/23746"}],"wp:attachment":[{"href":"https:\/\/bolsadellas.com.br\/index.php?rest_route=%2Fwp%2Fv2%2Fmedia&parent=23745"}],"wp:term":[{"taxonomy":"product_brand","embeddable":true,"href":"https:\/\/bolsadellas.com.br\/index.php?rest_route=%2Fwp%2Fv2%2Fproduct_brand&post=23745"},{"taxonomy":"product_cat","embeddable":true,"href":"https:\/\/bolsadellas.com.br\/index.php?rest_route=%2Fwp%2Fv2%2Fproduct_cat&post=23745"},{"taxonomy":"product_tag","embeddable":true,"href":"https:\/\/bolsadellas.com.br\/index.php?rest_route=%2Fwp%2Fv2%2Fproduct_tag&post=23745"}],"curies":[{"name":"wp","href":"https:\/\/api.w.org\/{rel}","templated":true}]}}