{"id":33812,"date":"2026-03-12T20:24:33","date_gmt":"2026-03-12T23:24:33","guid":{"rendered":"https:\/\/bolsadellas.com.br\/?page_id=33812"},"modified":"2026-03-12T20:24:34","modified_gmt":"2026-03-12T23:24:34","slug":"quem-somos","status":"publish","type":"page","link":"https:\/\/bolsadellas.com.br\/?page_id=33812","title":{"rendered":"Quem somos?"},"content":{"rendered":"\n<p><strong>Nossa Identidade \u00danica<\/strong><\/p>\n\n\n\n<p>\u00c9 importante destacar que a&nbsp;<strong>Bolsadellas<\/strong>&nbsp;\u00e9 uma loja independente e exclusiva. Operamos unicamente atrav\u00e9s do dom\u00ednio&nbsp;<strong>bolsadellas.com.br<\/strong>&nbsp;e estamos devidamente registrados sob o&nbsp;<strong>CNPJ 43.786.176\/0001-23<\/strong>.<\/p>\n\n\n\n<p><strong>Aten\u00e7\u00e3o:<\/strong>\u00a0Esclarecemos que\u00a0<strong>n\u00e3o possu\u00edmos qualquer v\u00ednculo<\/strong>\u00a0com sites de nomes similares (como\u00a0outros nomes com a palavra: <em>Dellas<\/em>) que operam sob outros registros. Nossa marca \u00e9 registrada legalmente como: Bolsadellas. Bolsadellas \u00e9 sin\u00f4nimo de idoneidade, com nota m\u00e1xima de satisfa\u00e7\u00e3o entre nossos clientes.<\/p>\n\n\n\n<p>A Bolsadellas n\u00e3o possui reclama\u00e7\u00f5es no \u201cReclame Aqui\u201d. Ao fazer sua pesquisa, certifique-se do nome correto: Bolsadellas multimarcas &#8211; CNPJ: 43.786.176\/0001-23, n\u00e3o se deixe levar por nomes similares usados para confundir. <\/p>\n\n\n\n<p><strong>Por que comprar na Bolsadellas?<\/strong><\/p>\n\n\n\n<ul class=\"wp-block-list\">\n<li><strong>Proced\u00eancia Garantida:<\/strong>\u00a0Trabalhamos apenas com produtos originais das marcas mais desejadas.<\/li>\n\n\n\n<li><strong>Transpar\u00eancia Total:<\/strong>\u00a0Voc\u00ea sabe com quem est\u00e1 comprando. Nossa loja f\u00edsica est\u00e1 de portas abertas para voc\u00ea em Americana-SP.<\/li>\n\n\n\n<li><strong>Atendimento Humanizado:<\/strong>\u00a0Nosso suporte via WhatsApp \u00e9 feito por pessoas reais, prontas para tirar todas as suas d\u00favidas.<\/li>\n\n\n\n<li><strong>Entrega Segura:<\/strong>\u00a0Garantimos o envio e o c\u00f3digo de rastreio real para que voc\u00ea acompanhe seu pedido do nosso estoque at\u00e9 a sua casa.<\/li>\n<\/ul>\n\n\n\n<p><strong>Onde estamos<\/strong><\/p>\n\n\n\n<p>Se voc\u00ea estiver na regi\u00e3o, venha nos visitar!<br>\ud83d\udccd&nbsp;<strong>Endere\u00e7o:<\/strong>&nbsp;Rua Fortunato Faraone, 807 \u2013 Jardim Girassol, Americana &#8211; SP.<br>\ud83d\udcde&nbsp;<strong>WhatsApp Oficial:<\/strong>&nbsp;<a href=\"tel:(19) 98314-9664\">(19) 98314-9664<\/a><br>\ud83d\udce7&nbsp;<strong>E-mail:<\/strong>&nbsp;<span \n                data-original-string='zZNNw+dMlUfuKCdTOOaTCQ==9225TLhJKKGGE7mHr0uyKQ06nzHXKimxcqLM95nKgGx98Q='\n                class='apbct-email-encoder'\n                title='This contact has been encoded by Anti-Spam by CleanTalk. Click to decode. To finish the decoding make sure that JavaScript is enabled in your browser.'>fa<span class=\"apbct-blur\">*****<\/span>@<span class=\"apbct-blur\">*************<\/span>om.br<\/span><\/p>\n\n\n\n<p><strong>Bolsadellas Multimarcas: Estilo que voc\u00ea deseja, com a seguran\u00e7a que voc\u00ea merece.<\/strong><\/p>\n","protected":false},"excerpt":{"rendered":"<p>Nossa Identidade \u00danica \u00c9 importante destacar que a&nbsp;Bolsadellas&nbsp;\u00e9 uma loja independente e exclusiva. Operamos unicamente atrav\u00e9s do dom\u00ednio&nbsp;bolsadellas.com.br&nbsp;e estamos devidamente registrados sob o&nbsp;CNPJ 43.786.176\/0001-23. Aten\u00e7\u00e3o:\u00a0Esclarecemos que\u00a0n\u00e3o possu\u00edmos qualquer v\u00ednculo\u00a0com sites de nomes similares (como\u00a0outros nomes com a palavra: Dellas) que operam sob outros registros. Nossa marca \u00e9 registrada legalmente como: Bolsadellas. Bolsadellas \u00e9 sin\u00f4nimo de &hellip; <\/p>\n","protected":false},"author":2,"featured_media":0,"parent":0,"menu_order":0,"comment_status":"closed","ping_status":"closed","template":"","meta":{"footnotes":""},"class_list":["post-33812","page","type-page","status-publish","hentry","latest_post"],"_links":{"self":[{"href":"https:\/\/bolsadellas.com.br\/index.php?rest_route=\/wp\/v2\/pages\/33812","targetHints":{"allow":["GET"]}}],"collection":[{"href":"https:\/\/bolsadellas.com.br\/index.php?rest_route=\/wp\/v2\/pages"}],"about":[{"href":"https:\/\/bolsadellas.com.br\/index.php?rest_route=\/wp\/v2\/types\/page"}],"author":[{"embeddable":true,"href":"https:\/\/bolsadellas.com.br\/index.php?rest_route=\/wp\/v2\/users\/2"}],"replies":[{"embeddable":true,"href":"https:\/\/bolsadellas.com.br\/index.php?rest_route=%2Fwp%2Fv2%2Fcomments&post=33812"}],"version-history":[{"count":1,"href":"https:\/\/bolsadellas.com.br\/index.php?rest_route=\/wp\/v2\/pages\/33812\/revisions"}],"predecessor-version":[{"id":33814,"href":"https:\/\/bolsadellas.com.br\/index.php?rest_route=\/wp\/v2\/pages\/33812\/revisions\/33814"}],"wp:attachment":[{"href":"https:\/\/bolsadellas.com.br\/index.php?rest_route=%2Fwp%2Fv2%2Fmedia&parent=33812"}],"curies":[{"name":"wp","href":"https:\/\/api.w.org\/{rel}","templated":true}]}}