{"id":1557,"date":"2020-11-07T13:14:41","date_gmt":"2020-11-07T13:14:41","guid":{"rendered":"https:\/\/bolsadellas.com.br\/?page_id=1557"},"modified":"2021-09-15T23:22:16","modified_gmt":"2021-09-16T02:22:16","slug":"politica-de-privacidade","status":"publish","type":"page","link":"https:\/\/bolsadellas.com.br\/?page_id=1557","title":{"rendered":"Pol\u00edtica de privacidade"},"content":{"rendered":"\n<h4 class=\"wp-block-heading\">SE\u00c7\u00c3O 1 &#8211; O QUE FAREMOS COM ESTA INFORMA\u00c7\u00c3O?<\/h4>\n\n\n\n<p>Quando voc\u00ea realiza alguma transa\u00e7\u00e3o com nossa loja, como parte do processo de compra e venda, coletamos as informa\u00e7\u00f5es pessoais que voc\u00ea nos d\u00e1 tais como: nome, e-mail e endere\u00e7o.<\/p>\n\n\n\n<p>E-mail Marketing ser\u00e1 realizado apenas caso voc\u00ea permita. Nestes e-mails voc\u00ea poder\u00e1 receber not\u00edcia sobre nossa loja, novos produtos e outras atualiza\u00e7\u00f5es.<\/p>\n\n\n\n<h4 class=\"wp-block-heading\">SE\u00c7\u00c3O 2 &#8211; ALTERA\u00c7\u00d5ES PARA ESSA POL\u00cdTICA DE PRIVACIDADE<\/h4>\n\n\n\n<p>Reservamos o direito de modificar essa pol\u00edtica de privacidade a qualquer momento, ent\u00e3o por favor, revise-a com frequ\u00eancia. Altera\u00e7\u00f5es e esclarecimentos v\u00e3o surtir efeito imediatamente ap\u00f3s sua publica\u00e7\u00e3o no site. Se fizermos altera\u00e7\u00f5es de materiais para essa pol\u00edtica, iremos notific\u00e1-lo aqui que eles foram atualizados, para que voc\u00ea tenha ci\u00eancia sobre quais informa\u00e7\u00f5es coletamos, como as usamos, e sob que circunst\u00e2ncias, se alguma, usamos e\/ou divulgamos elas.<\/p>\n\n\n\n<p><\/p>\n","protected":false},"excerpt":{"rendered":"<p>SE\u00c7\u00c3O 1 &#8211; O QUE FAREMOS COM ESTA INFORMA\u00c7\u00c3O? Quando voc\u00ea realiza alguma transa\u00e7\u00e3o com nossa loja, como parte do processo de compra e venda, coletamos as informa\u00e7\u00f5es pessoais que voc\u00ea nos d\u00e1 tais como: nome, e-mail e endere\u00e7o. E-mail Marketing ser\u00e1 realizado apenas caso voc\u00ea permita. Nestes e-mails voc\u00ea poder\u00e1 receber not\u00edcia sobre nossa &hellip; <\/p>\n","protected":false},"author":1,"featured_media":0,"parent":0,"menu_order":0,"comment_status":"closed","ping_status":"closed","template":"","meta":{"footnotes":""},"class_list":["post-1557","page","type-page","status-publish","hentry","latest_post"],"_links":{"self":[{"href":"https:\/\/bolsadellas.com.br\/index.php?rest_route=\/wp\/v2\/pages\/1557","targetHints":{"allow":["GET"]}}],"collection":[{"href":"https:\/\/bolsadellas.com.br\/index.php?rest_route=\/wp\/v2\/pages"}],"about":[{"href":"https:\/\/bolsadellas.com.br\/index.php?rest_route=\/wp\/v2\/types\/page"}],"author":[{"embeddable":true,"href":"https:\/\/bolsadellas.com.br\/index.php?rest_route=\/wp\/v2\/users\/1"}],"replies":[{"embeddable":true,"href":"https:\/\/bolsadellas.com.br\/index.php?rest_route=%2Fwp%2Fv2%2Fcomments&post=1557"}],"version-history":[{"count":0,"href":"https:\/\/bolsadellas.com.br\/index.php?rest_route=\/wp\/v2\/pages\/1557\/revisions"}],"wp:attachment":[{"href":"https:\/\/bolsadellas.com.br\/index.php?rest_route=%2Fwp%2Fv2%2Fmedia&parent=1557"}],"curies":[{"name":"wp","href":"https:\/\/api.w.org\/{rel}","templated":true}]}}