{"id":12109,"date":"2022-01-22T00:02:42","date_gmt":"2022-01-22T03:02:42","guid":{"rendered":"https:\/\/bolsadellas.com.br\/?page_id=12109"},"modified":"2022-08-02T10:19:19","modified_gmt":"2022-08-02T13:19:19","slug":"frete-e-entrega","status":"publish","type":"page","link":"https:\/\/bolsadellas.com.br\/?page_id=12109","title":{"rendered":"Frete e entrega"},"content":{"rendered":"\n<h3 class=\"wp-block-heading\">Entrega via Correios ou Transportadora<\/h3>\n\n\n\n<p><strong>Importante:\u00a0O prazo para entrega come\u00e7a a ser considerado 2 dias \u00fateis ap\u00f3s a aprova\u00e7\u00e3o do pagamento.<\/strong><\/p>\n\n\n\n<p><strong><em>O rastreio fica dispon\u00edvel nos detalhes do seu pedido aqui no site em at\u00e9 3 dias \u00fateis ap\u00f3s o pagamento aprovado.<\/em><\/strong><\/p>\n\n\n\n<p>Comprando em nosso site, voc\u00ea receber\u00e1 os produtos de maneira r\u00e1pida, eficiente e segura, antes de fazer a sua compra, calcule a estimativa do prazo de entrega, informada na p\u00e1gina do produto.<\/p>\n\n\n\n<p>O prazo para entrega dos produtos varia de acordo com o peso de produto, local de entrega e tipo de envio.<\/p>\n\n\n\n<p>O recebimento do pedido pode ser realizado por terceiros, como porteiros de condom\u00ednios e familiares, desde que assinem o comprovante de recebimento da mercadoria.<\/p>\n\n\n\n<p>S\u00e3o realizadas tr\u00eas tentativas de entrega, em dias \u00fateis consecutivos. Ocorrendo tr\u00eas tentativas de entrega sem sucesso o produto ser\u00e1 devolvido ao Centro de Distribui\u00e7\u00e3o da loja online. Para um novo envio, o custo do frete \u00e9 por conta do cliente e ser\u00e1 informado um novo prazo de entrega.<\/p>\n\n\n\n<p>Os produtos ser\u00e3o entregues de segunda-feira a s\u00e1bado, em hor\u00e1rio comercial.<\/p>\n\n\n\n<p><\/p>\n\n\n\n<p>A entrega poder\u00e1 sofrer impontualidades quando: decretada paralisa\u00e7\u00e3o da transportadora parceira, ou quando a encomenda for solicitada para an\u00e1lise de conte\u00fado pela fiscaliza\u00e7\u00e3o governamental, ou pela dificuldade de acesso causada por desastres naturais, ou ainda por situa\u00e7\u00f5es adversas, como acidentes durante o trajeto.<\/p>\n","protected":false},"excerpt":{"rendered":"<p>Entrega via Correios ou Transportadora Importante:\u00a0O prazo para entrega come\u00e7a a ser considerado 2 dias \u00fateis ap\u00f3s a aprova\u00e7\u00e3o do pagamento. O rastreio fica dispon\u00edvel nos detalhes do seu pedido aqui no site em at\u00e9 3 dias \u00fateis ap\u00f3s o pagamento aprovado. Comprando em nosso site, voc\u00ea receber\u00e1 os produtos de maneira r\u00e1pida, eficiente e &hellip; <\/p>\n","protected":false},"author":2,"featured_media":0,"parent":0,"menu_order":0,"comment_status":"closed","ping_status":"closed","template":"","meta":{"footnotes":""},"class_list":["post-12109","page","type-page","status-publish","hentry","latest_post"],"_links":{"self":[{"href":"https:\/\/bolsadellas.com.br\/index.php?rest_route=\/wp\/v2\/pages\/12109","targetHints":{"allow":["GET"]}}],"collection":[{"href":"https:\/\/bolsadellas.com.br\/index.php?rest_route=\/wp\/v2\/pages"}],"about":[{"href":"https:\/\/bolsadellas.com.br\/index.php?rest_route=\/wp\/v2\/types\/page"}],"author":[{"embeddable":true,"href":"https:\/\/bolsadellas.com.br\/index.php?rest_route=\/wp\/v2\/users\/2"}],"replies":[{"embeddable":true,"href":"https:\/\/bolsadellas.com.br\/index.php?rest_route=%2Fwp%2Fv2%2Fcomments&post=12109"}],"version-history":[{"count":3,"href":"https:\/\/bolsadellas.com.br\/index.php?rest_route=\/wp\/v2\/pages\/12109\/revisions"}],"predecessor-version":[{"id":15529,"href":"https:\/\/bolsadellas.com.br\/index.php?rest_route=\/wp\/v2\/pages\/12109\/revisions\/15529"}],"wp:attachment":[{"href":"https:\/\/bolsadellas.com.br\/index.php?rest_route=%2Fwp%2Fv2%2Fmedia&parent=12109"}],"curies":[{"name":"wp","href":"https:\/\/api.w.org\/{rel}","templated":true}]}}